{"id":352,"date":"2020-04-18T20:27:46","date_gmt":"2020-04-18T18:27:46","guid":{"rendered":"http:\/\/nevada-parts.com\/?post_type=product&#038;p=352"},"modified":"2023-12-07T18:53:19","modified_gmt":"2023-12-07T17:53:19","slug":"kuweta-ochronna-pod-pilarke","status":"publish","type":"product","link":"https:\/\/nevada-parts.com\/ro\/produkt\/kuweta-ochronna-pod-pilarke\/","title":{"rendered":"T\u0102VI DE PROTEC\u021aIE MOTOFIER\u0102STRAIE"},"content":{"rendered":"<div id=\"pl-352\"  class=\"panel-layout\" ><div id=\"pg-352-0\"  class=\"panel-grid panel-has-style\" ><div class=\"siteorigin-panels-stretch panel-row-style panel-row-style-for-352-0\" data-stretch-type=\"full-stretched-padded\" ><div id=\"pgc-352-0-0\"  class=\"panel-grid-cell\" ><div id=\"panel-352-0-0-0\" class=\"so-panel widget widget_sow-editor panel-first-child panel-last-child\" data-index=\"0\" ><div\n\t\t\t\n\t\t\tclass=\"so-widget-sow-editor so-widget-sow-editor-base\"\n\t\t\t\n\t\t>\n<div class=\"siteorigin-widget-tinymce textwidget\">\n\t<h3><img decoding=\"async\" class=\"aligncenter size-full wp-image-281\" src=\"http:\/\/nevada-parts.com\/wp-content\/uploads\/2020\/03\/niezawodnosc.png\" alt=\"\" width=\"30%\" height=\"auto\" \/><\/h3>\n<h3 style=\"text-align: center;\">FIABILITATE<\/h3>\n<p style=\"text-align: center;\" align=\"JUSTIFY\">Canelurile cuvei capteaz\u0103 uleiul care curge, men\u021bin\u00e2nd cur\u0103\u021benia \u00een timpul transportului \u0219i depozit\u0103rii<\/p>\n<\/div>\n<\/div><\/div><\/div><div id=\"pgc-352-0-1\"  class=\"panel-grid-cell\" ><div id=\"panel-352-0-1-0\" class=\"so-panel widget widget_sow-editor panel-first-child panel-last-child\" data-index=\"1\" ><div\n\t\t\t\n\t\t\tclass=\"so-widget-sow-editor so-widget-sow-editor-base\"\n\t\t\t\n\t\t>\n<div class=\"siteorigin-widget-tinymce textwidget\">\n\t<h3><img decoding=\"async\" class=\"aligncenter wp-image-279 size-full\" src=\"http:\/\/nevada-parts.com\/wp-content\/uploads\/2020\/03\/ochrona.png\" alt=\"\" width=\"30%\" height=\"auto\" \/><\/h3>\n<h3 style=\"text-align: center;\">SIGURAN\u021a\u0102<\/h3>\n<p style=\"text-align: center;\">Asigur\u0103 transportul \u0219i depozitarea \u00een siguran\u021b\u0103<\/p>\n<\/div>\n<\/div><\/div><\/div><div id=\"pgc-352-0-2\"  class=\"panel-grid-cell\" ><div id=\"panel-352-0-2-0\" class=\"so-panel widget widget_sow-editor panel-first-child panel-last-child\" data-index=\"2\" ><div\n\t\t\t\n\t\t\tclass=\"so-widget-sow-editor so-widget-sow-editor-base\"\n\t\t\t\n\t\t>\n<div class=\"siteorigin-widget-tinymce textwidget\">\n\t<h3><img decoding=\"async\" class=\"aligncenter size-full wp-image-281\" src=\"http:\/\/nevada-parts.com\/wp-content\/uploads\/2020\/03\/wysoka-jakosc.png\" alt=\"\" width=\"30%\" height=\"auto\" \/><\/h3>\n<h3 style=\"text-align: center;\">CALITATE<\/h3>\n<p style=\"text-align: center;\" align=\"JUSTIFY\">Fabricat\u0103 din plastic de \u00eenalt\u0103 calitate<\/p>\n<\/div>\n<\/div><\/div><\/div><\/div><\/div><div id=\"pg-352-1\"  class=\"panel-grid panel-has-style\" ><div class=\"siteorigin-panels-stretch panel-row-style panel-row-style-for-352-1\" data-stretch-type=\"full-stretched-padded\" ><div id=\"pgc-352-1-0\"  class=\"panel-grid-cell\" ><div id=\"panel-352-1-0-0\" class=\"so-panel widget widget_sow-editor panel-first-child panel-last-child\" data-index=\"3\" ><div\n\t\t\t\n\t\t\tclass=\"so-widget-sow-editor so-widget-sow-editor-base\"\n\t\t\t\n\t\t>\n<div class=\"siteorigin-widget-tinymce textwidget\">\n\t<h3><img decoding=\"async\" class=\"aligncenter size-full wp-image-280\" src=\"http:\/\/nevada-parts.com\/wp-content\/uploads\/2020\/03\/uniwersalnosc.png\" alt=\"\" width=\"30%\" height=\"auto\" \/><\/h3>\n<h3 style=\"text-align: center;\">VERSATILITATE<\/h3>\n<p style=\"text-align: center;\">Cele dou\u0103 dimensiuni asigur\u0103 o potrivire perfect\u0103 a motofier\u0103str\u0103ului<\/p>\n<\/div>\n<\/div><\/div><\/div><div id=\"pgc-352-1-1\"  class=\"panel-grid-cell panel-grid-cell-mobile-last\" ><div id=\"panel-352-1-1-0\" class=\"so-panel widget widget_sow-editor panel-first-child panel-last-child\" data-index=\"4\" ><div\n\t\t\t\n\t\t\tclass=\"so-widget-sow-editor so-widget-sow-editor-base\"\n\t\t\t\n\t\t>\n<div class=\"siteorigin-widget-tinymce textwidget\">\n\t<h3><img decoding=\"async\" class=\"aligncenter wp-image-279 size-full\" src=\"http:\/\/nevada-parts.com\/wp-content\/uploads\/2020\/03\/obsluga.png\" alt=\"\" width=\"30%\" height=\"auto\" \/><\/h3>\n<h3 style=\"text-align: center;\">U\u0218OR DE UTILIZAT<\/h3>\n<p style=\"text-align: center;\">Instalare u\u0219oar\u0103 \u0219i rapid\u0103 cu o funie pentru a consolida motofier\u0103str\u0103ul<\/p>\n<\/div>\n<\/div><\/div><\/div><div id=\"pgc-352-1-2\"  class=\"panel-grid-cell panel-grid-cell-empty\" ><\/div><\/div><\/div><div id=\"pg-352-2\"  class=\"panel-grid panel-has-style\" ><div class=\"siteorigin-panels-stretch panel-row-style panel-row-style-for-352-2\" data-stretch-type=\"full-stretched-padded\" ><div id=\"pgc-352-2-0\"  class=\"panel-grid-cell\" ><div id=\"panel-352-2-0-0\" class=\"so-panel widget widget_sow-editor panel-first-child panel-last-child\" data-index=\"5\" ><div\n\t\t\t\n\t\t\tclass=\"so-widget-sow-editor so-widget-sow-editor-base\"\n\t\t\t\n\t\t>\n<div class=\"siteorigin-widget-tinymce textwidget\">\n\t<p><img loading=\"lazy\" decoding=\"async\" class=\"aligncenter size-full wp-image-191\" src=\"http:\/\/nevada-parts.com\/wp-content\/uploads\/2020\/04\/kuweta-2-rozmiary-gray.jpg\" alt=\"\" width=\"1000\" height=\"1000\" \/><\/p>\n<\/div>\n<\/div><\/div><\/div><div id=\"pgc-352-2-1\"  class=\"panel-grid-cell\" ><div id=\"panel-352-2-1-0\" class=\"so-panel widget widget_sow-editor panel-first-child panel-last-child\" data-index=\"6\" ><div class=\"panel-widget-style panel-widget-style-for-352-2-1-0\" ><div\n\t\t\t\n\t\t\tclass=\"so-widget-sow-editor so-widget-sow-editor-base\"\n\t\t\t\n\t\t>\n<div class=\"siteorigin-widget-tinymce textwidget\">\n\t<h1>TAV\u0102 DISPONIBIL\u0102 \u00ceN DOU\u0102 DIMENSIUNI.<br \/>\n<span style=\"color: #cc2229;\">MIC\u0102<\/span> <span style=\"font-size: 60%;\">(43x23cm) PENTRU MOTOFIER\u0102STRAIE CU O CAPACITATE P\u00c2N\u0102 LA 45CC<\/span><br \/>\n<span style=\"color: #cc2229;\">MARE<\/span> <span style=\"font-size: 60%;\">(50x20cm) PENTRU MOTOFIER\u0102STRAIE CU O CAPACITATE DE 45CC SAU MAI MARE<\/span><\/h1>\n<\/div>\n<\/div><\/div><\/div><\/div><\/div><\/div><div id=\"pg-352-3\"  class=\"panel-grid panel-has-style\" ><div class=\"locals siteorigin-panels-stretch panel-row-style panel-row-style-for-352-3\" data-stretch-type=\"full-stretched-padded\" ><div id=\"pgc-352-3-0\"  class=\"panel-grid-cell\" ><div id=\"panel-352-3-0-0\" class=\"so-panel widget widget_sow-editor panel-first-child panel-last-child\" data-index=\"7\" ><div class=\"panel-widget-style panel-widget-style-for-352-3-0-0\" ><div\n\t\t\t\n\t\t\tclass=\"so-widget-sow-editor so-widget-sow-editor-base\"\n\t\t\t\n\t\t>\n<div class=\"siteorigin-widget-tinymce textwidget\">\n\t<h3><span style=\"font-weight: black;\">NEVADA<\/span> \u00een magazine<\/h3>\nDescoperi\u021bi re\u021beaua noastr\u0103 de parteneri unde ne pute\u021bi g\u0103si produsele\n<p style=\"margin: 0;\"><a class=\"white-button\" href=\"http:\/\/nevada-parts.com\/nevada-w-sklepach\/\">MAI DEPARTE<\/a><\/p><\/div>\n<\/div><\/div><\/div><\/div><div id=\"pgc-352-3-1\"  class=\"panel-grid-cell\" ><div id=\"panel-352-3-1-0\" class=\"so-panel widget widget_sow-editor panel-first-child panel-last-child\" data-index=\"8\" ><div\n\t\t\t\n\t\t\tclass=\"so-widget-sow-editor so-widget-sow-editor-base\"\n\t\t\t\n\t\t>\n<div class=\"siteorigin-widget-tinymce textwidget\">\n\t<img decoding=\"async\" class=\"aligncenter size-full wp-image-240\" src=\"http:\/\/nevada-parts.com\/wp-content\/uploads\/2020\/03\/Nevada-lada-compressed-outside.png\" alt=\"\" width=\"100%\" height=\"auto\" \/><\/div>\n<\/div><\/div><\/div><\/div><\/div><\/div>","protected":false},"excerpt":{"rendered":"<p>Tava garanteaz\u0103 protec\u021bia motofier\u0103str\u0103ului \u00een timpul transportului \u0219i depozit\u0103rii. Suprafa\u021ba canelat\u0103 din interior fere\u0219te motofier\u0103str\u0103ul de murd\u0103rirea cu uleiul scurs din ghidaj. Este u\u0219or de cur\u0103\u021bat mul\u021bumit\u0103 plasticului de \u00eenalt\u0103 calitate.<\/p>\n","protected":false},"featured_media":355,"comment_status":"closed","ping_status":"closed","template":"","meta":{"_acf_changed":false},"product_cat":[24],"product_tag":[],"class_list":{"0":"post-352","1":"product","2":"type-product","3":"status-publish","4":"has-post-thumbnail","6":"product_cat-akcesoria-forest","8":"first","9":"instock","10":"shipping-taxable","11":"product-type-simple"},"acf":[],"_links":{"self":[{"href":"https:\/\/nevada-parts.com\/ro\/wp-json\/wp\/v2\/product\/352","targetHints":{"allow":["GET"]}}],"collection":[{"href":"https:\/\/nevada-parts.com\/ro\/wp-json\/wp\/v2\/product"}],"about":[{"href":"https:\/\/nevada-parts.com\/ro\/wp-json\/wp\/v2\/types\/product"}],"replies":[{"embeddable":true,"href":"https:\/\/nevada-parts.com\/ro\/wp-json\/wp\/v2\/comments?post=352"}],"wp:featuredmedia":[{"embeddable":true,"href":"https:\/\/nevada-parts.com\/ro\/wp-json\/wp\/v2\/media\/355"}],"wp:attachment":[{"href":"https:\/\/nevada-parts.com\/ro\/wp-json\/wp\/v2\/media?parent=352"}],"wp:term":[{"taxonomy":"product_cat","embeddable":true,"href":"https:\/\/nevada-parts.com\/ro\/wp-json\/wp\/v2\/product_cat?post=352"},{"taxonomy":"product_tag","embeddable":true,"href":"https:\/\/nevada-parts.com\/ro\/wp-json\/wp\/v2\/product_tag?post=352"}],"curies":[{"name":"wp","href":"https:\/\/api.w.org\/{rel}","templated":true}]}}