{"id":314,"date":"2020-03-25T19:58:18","date_gmt":"2020-03-25T18:58:18","guid":{"rendered":"http:\/\/nevada-parts.com\/?post_type=product&#038;p=314"},"modified":"2023-12-07T19:19:41","modified_gmt":"2023-12-07T18:19:41","slug":"uniwersalna-glowica-zylkowa-do-czyszczenia-kostki","status":"publish","type":"product","link":"https:\/\/nevada-parts.com\/ro\/produkt\/uniwersalna-glowica-zylkowa-do-czyszczenia-kostki\/","title":{"rendered":"CAP UNIVERSAL PENTRU CUR\u0102\u021aAREA PIETREI CUBICE"},"content":{"rendered":"<div id=\"pl-314\"  class=\"panel-layout\" ><div id=\"pg-314-0\"  class=\"panel-grid panel-has-style\" ><div class=\"siteorigin-panels-stretch panel-row-style panel-row-style-for-314-0\" data-stretch-type=\"full-stretched-padded\" ><div id=\"pgc-314-0-0\"  class=\"panel-grid-cell\" ><div id=\"panel-314-0-0-0\" class=\"so-panel widget widget_sow-editor panel-first-child panel-last-child\" data-index=\"0\" ><div\n\t\t\t\n\t\t\tclass=\"so-widget-sow-editor so-widget-sow-editor-base\"\n\t\t\t\n\t\t>\n<div class=\"siteorigin-widget-tinymce textwidget\">\n\t<h3><img decoding=\"async\" class=\"aligncenter size-full wp-image-281\" src=\"http:\/\/nevada-parts.com\/wp-content\/uploads\/2020\/03\/wysoka-jakosc.png\" alt=\"\" width=\"30%\" height=\"auto\" \/><\/h3>\n<h3 style=\"text-align: center;\">CALITATE<\/h3>\n<p style=\"text-align: center;\" align=\"JUSTIFY\">Fabricat \u00een conformitate cu cele mai \u00eenalte standarde italiene<\/p>\n<\/div>\n<\/div><\/div><\/div><div id=\"pgc-314-0-1\"  class=\"panel-grid-cell\" ><div id=\"panel-314-0-1-0\" class=\"so-panel widget widget_sow-editor panel-first-child panel-last-child\" data-index=\"1\" ><div\n\t\t\t\n\t\t\tclass=\"so-widget-sow-editor so-widget-sow-editor-base\"\n\t\t\t\n\t\t>\n<div class=\"siteorigin-widget-tinymce textwidget\">\n\t<h3><img decoding=\"async\" class=\"aligncenter wp-image-279 size-full\" src=\"http:\/\/nevada-parts.com\/wp-content\/uploads\/2020\/03\/niezawodnosc.png\" alt=\"\" width=\"30%\" height=\"auto\" \/><\/h3>\n<h3 style=\"text-align: center;\">FIABILITATE<\/h3>\n<p style=\"text-align: center;\">Cur\u0103\u021bare eficient\u0103<\/p>\n<\/div>\n<\/div><\/div><\/div><div id=\"pgc-314-0-2\"  class=\"panel-grid-cell\" ><div id=\"panel-314-0-2-0\" class=\"so-panel widget widget_sow-editor panel-first-child panel-last-child\" data-index=\"2\" ><div\n\t\t\t\n\t\t\tclass=\"so-widget-sow-editor so-widget-sow-editor-base\"\n\t\t\t\n\t\t>\n<div class=\"siteorigin-widget-tinymce textwidget\">\n\t<h3><img decoding=\"async\" class=\"aligncenter size-full wp-image-280\" src=\"http:\/\/nevada-parts.com\/wp-content\/uploads\/2020\/03\/wygoda.png\" alt=\"\" width=\"30%\" height=\"auto\" \/><\/h3>\n<h3 style=\"text-align: center;\">CONFORT LA LUCRU<\/h3>\n<p style=\"text-align: center;\">Greutatea redus\u0103 de 335g, asigur\u0103 o ergonomie sporit\u0103<\/p>\n<\/div>\n<\/div><\/div><\/div><\/div><\/div><div id=\"pg-314-1\"  class=\"panel-grid panel-has-style\" ><div class=\"siteorigin-panels-stretch panel-row-style panel-row-style-for-314-1\" data-stretch-type=\"full-stretched-padded\" ><div id=\"pgc-314-1-0\"  class=\"panel-grid-cell\" ><div id=\"panel-314-1-0-0\" class=\"so-panel widget widget_sow-editor panel-first-child panel-last-child\" data-index=\"3\" ><div\n\t\t\t\n\t\t\tclass=\"so-widget-sow-editor so-widget-sow-editor-base\"\n\t\t\t\n\t\t>\n<div class=\"siteorigin-widget-tinymce textwidget\">\n\t<h3><img decoding=\"async\" class=\"aligncenter size-full wp-image-283\" src=\"http:\/\/nevada-parts.com\/wp-content\/uploads\/2020\/03\/uniwersalnosc.png\" alt=\"\" width=\"30%\" height=\"auto\" \/><\/h3>\n<h3 style=\"text-align: center;\">VERSATILITATE<\/h3>\n<p style=\"text-align: center;\">Setul include adaptoare pentru a se potrivi la majoritatea trimmerelor<\/p>\n<\/div>\n<\/div><\/div><\/div><div id=\"pgc-314-1-1\"  class=\"panel-grid-cell\" ><div id=\"panel-314-1-1-0\" class=\"so-panel widget widget_sow-editor panel-first-child panel-last-child\" data-index=\"4\" ><div\n\t\t\t\n\t\t\tclass=\"so-widget-sow-editor so-widget-sow-editor-base\"\n\t\t\t\n\t\t>\n<div class=\"siteorigin-widget-tinymce textwidget\">\n\t<h3><img decoding=\"async\" class=\"aligncenter size-full wp-image-283\" src=\"http:\/\/nevada-parts.com\/wp-content\/uploads\/2020\/03\/przeznaczenie.png\" alt=\"\" width=\"30%\" height=\"auto\" \/><\/h3>\n<h3 style=\"text-align: center;\">DESTINA\u021aIE<\/h3>\n<p style=\"text-align: center;\">Piatr\u0103 cubic\u0103, granit \u0219i alte tipuri de pavaje<\/p>\n<\/div>\n<\/div><\/div><\/div><div id=\"pgc-314-1-2\"  class=\"panel-grid-cell\" ><div id=\"panel-314-1-2-0\" class=\"so-panel widget widget_sow-editor panel-first-child panel-last-child\" data-index=\"5\" ><div\n\t\t\t\n\t\t\tclass=\"so-widget-sow-editor so-widget-sow-editor-base\"\n\t\t\t\n\t\t>\n<div class=\"siteorigin-widget-tinymce textwidget\">\n\t<h3><img decoding=\"async\" class=\"aligncenter size-full wp-image-283\" src=\"http:\/\/nevada-parts.com\/wp-content\/uploads\/2020\/03\/obsluga.png\" alt=\"\" width=\"30%\" height=\"auto\" \/><\/h3>\n<h3 style=\"text-align: center;\">U\u0218OR DE UTILIZAT<\/h3>\n<p style=\"text-align: center;\">Asamblare rapid\u0103 \u0219i u\u0219oar\u0103<\/p>\n<\/div>\n<\/div><\/div><\/div><\/div><\/div><div id=\"pg-314-2\"  class=\"panel-grid panel-has-style\" ><div class=\"locals siteorigin-panels-stretch panel-row-style panel-row-style-for-314-2\" data-stretch-type=\"full-stretched-padded\" ><div id=\"pgc-314-2-0\"  class=\"panel-grid-cell\" ><div id=\"panel-314-2-0-0\" class=\"so-panel widget widget_sow-editor panel-first-child panel-last-child\" data-index=\"6\" ><div class=\"panel-widget-style panel-widget-style-for-314-2-0-0\" ><div\n\t\t\t\n\t\t\tclass=\"so-widget-sow-editor so-widget-sow-editor-base\"\n\t\t\t\n\t\t>\n<div class=\"siteorigin-widget-tinymce textwidget\">\n\t<h3><span style=\"font-weight: black;\">NEVADA<\/span> \u00een magazine<\/h3>\nDescoperi\u021bi re\u021beaua noastr\u0103 de parteneri unde ne pute\u021bi g\u0103si produsele\n<p style=\"margin: 0;\"><a class=\"white-button\" href=\"http:\/\/nevada-parts.com\/nevada-w-sklepach\/\">MAI DEPARTE<\/a><\/p><\/div>\n<\/div><\/div><\/div><\/div><div id=\"pgc-314-2-1\"  class=\"panel-grid-cell\" ><div id=\"panel-314-2-1-0\" class=\"so-panel widget widget_sow-editor panel-first-child panel-last-child\" data-index=\"7\" ><div\n\t\t\t\n\t\t\tclass=\"so-widget-sow-editor so-widget-sow-editor-base\"\n\t\t\t\n\t\t>\n<div class=\"siteorigin-widget-tinymce textwidget\">\n\t<img decoding=\"async\" class=\"aligncenter size-full wp-image-240\" src=\"http:\/\/nevada-parts.com\/wp-content\/uploads\/2020\/03\/Nevada-lada-compressed-outside.png\" alt=\"\" width=\"100%\" height=\"auto\" \/><\/div>\n<\/div><\/div><\/div><\/div><\/div><\/div>","protected":false},"excerpt":{"rendered":"<p>Capul este dedicat trimmerelor, care, la fel ca periile de s\u00e2rm\u0103, \u00eendep\u0103rteaz\u0103 eficient plantele din cr\u0103p\u0103turi, mu\u0219chii \u0219i murd\u0103ria. Nu deterioreaz\u0103 suprafe\u021bele, fiind fabricat din plastic, a\u0219adar un efect spectaculos este ob\u021binut \u00een mod rapid \u0219i u\u0219or.<\/p>\n<p>Capul este disponibil ca pies\u0103 de schimb. Pentru a \u00eenlocui firele, preg\u0103ti\u021bi maxim 18 sec\u021biuni de fir de lungime potrivit\u0103 \u0219i plasa\u021bi-le \u00een g\u0103urile suportului. Capul este conform cu standardul EN ISO 11806:2012.<\/p>\n","protected":false},"featured_media":360,"comment_status":"closed","ping_status":"closed","template":"","meta":{"_acf_changed":false},"product_cat":[23],"product_tag":[],"class_list":{"0":"post-314","1":"product","2":"type-product","3":"status-publish","4":"has-post-thumbnail","6":"product_cat-zylki","8":"first","9":"instock","10":"shipping-taxable","11":"product-type-simple"},"acf":[],"_links":{"self":[{"href":"https:\/\/nevada-parts.com\/ro\/wp-json\/wp\/v2\/product\/314","targetHints":{"allow":["GET"]}}],"collection":[{"href":"https:\/\/nevada-parts.com\/ro\/wp-json\/wp\/v2\/product"}],"about":[{"href":"https:\/\/nevada-parts.com\/ro\/wp-json\/wp\/v2\/types\/product"}],"replies":[{"embeddable":true,"href":"https:\/\/nevada-parts.com\/ro\/wp-json\/wp\/v2\/comments?post=314"}],"wp:featuredmedia":[{"embeddable":true,"href":"https:\/\/nevada-parts.com\/ro\/wp-json\/wp\/v2\/media\/360"}],"wp:attachment":[{"href":"https:\/\/nevada-parts.com\/ro\/wp-json\/wp\/v2\/media?parent=314"}],"wp:term":[{"taxonomy":"product_cat","embeddable":true,"href":"https:\/\/nevada-parts.com\/ro\/wp-json\/wp\/v2\/product_cat?post=314"},{"taxonomy":"product_tag","embeddable":true,"href":"https:\/\/nevada-parts.com\/ro\/wp-json\/wp\/v2\/product_tag?post=314"}],"curies":[{"name":"wp","href":"https:\/\/api.w.org\/{rel}","templated":true}]}}