{"id":232,"date":"2020-03-06T23:43:52","date_gmt":"2020-03-06T22:43:52","guid":{"rendered":"http:\/\/nevada-parts.com\/?post_type=product&#038;p=232"},"modified":"2023-12-07T19:31:46","modified_gmt":"2023-12-07T18:31:46","slug":"kliny-drwalskie","status":"publish","type":"product","link":"https:\/\/nevada-parts.com\/ro\/produkt\/kliny-drwalskie\/","title":{"rendered":"PENE DE DOBOR\u00c2RE"},"content":{"rendered":"<div id=\"pl-232\"  class=\"panel-layout\" ><div id=\"pg-232-0\"  class=\"panel-grid panel-has-style\" ><div class=\"siteorigin-panels-stretch panel-row-style panel-row-style-for-232-0\" data-stretch-type=\"full-stretched-padded\" ><div id=\"pgc-232-0-0\"  class=\"panel-grid-cell\" ><div id=\"panel-232-0-0-0\" class=\"so-panel widget widget_sow-editor panel-first-child panel-last-child\" data-index=\"0\" ><div\n\t\t\t\n\t\t\tclass=\"so-widget-sow-editor so-widget-sow-editor-base\"\n\t\t\t\n\t\t>\n<div class=\"siteorigin-widget-tinymce textwidget\">\n\t<h3><img decoding=\"async\" class=\"aligncenter wp-image-279 size-full\" src=\"http:\/\/nevada-parts.com\/wp-content\/uploads\/2020\/03\/wysoka-jakosc.png\" alt=\"\" width=\"30%\" height=\"auto\" \/><\/h3>\n<h3 style=\"text-align: center;\">CALITATE \u00ceNALT\u0102<\/h3>\n<p style=\"text-align: center;\">Fabricat din plastic rezistent la impact<\/p>\n<\/div>\n<\/div><\/div><\/div><div id=\"pgc-232-0-1\"  class=\"panel-grid-cell\" ><div id=\"panel-232-0-1-0\" class=\"so-panel widget widget_sow-editor panel-first-child panel-last-child\" data-index=\"1\" ><div\n\t\t\t\n\t\t\tclass=\"so-widget-sow-editor so-widget-sow-editor-base\"\n\t\t\t\n\t\t>\n<div class=\"siteorigin-widget-tinymce textwidget\">\n\t<h3><img decoding=\"async\" class=\"aligncenter size-full wp-image-281\" src=\"http:\/\/nevada-parts.com\/wp-content\/uploads\/2020\/03\/low-temp.png\" alt=\"\" width=\"30%\" height=\"auto\" \/><\/h3>\n<h3 style=\"text-align: center;\">REZISTEN\u021a\u0102 RIDICAT\u0102<\/h3>\n<p style=\"text-align: center;\" align=\"JUSTIFY\">Rezistent la temperaturi joase<\/p>\n<\/div>\n<\/div><\/div><\/div><div id=\"pgc-232-0-2\"  class=\"panel-grid-cell\" ><div id=\"panel-232-0-2-0\" class=\"so-panel widget widget_sow-editor panel-first-child panel-last-child\" data-index=\"2\" ><div\n\t\t\t\n\t\t\tclass=\"so-widget-sow-editor so-widget-sow-editor-base\"\n\t\t\t\n\t\t>\n<div class=\"siteorigin-widget-tinymce textwidget\">\n\t<h3><img decoding=\"async\" class=\"aligncenter size-full wp-image-280\" src=\"http:\/\/nevada-parts.com\/wp-content\/uploads\/2020\/03\/widoczne.png\" alt=\"\" width=\"30%\" height=\"auto\" \/><\/h3>\n<h3 style=\"text-align: center;\">VIZIBILITATE<\/h3>\n<p style=\"text-align: center;\">Culoare aprins\u0103<\/p>\n<\/div>\n<\/div><\/div><\/div><\/div><\/div><div id=\"pg-232-1\"  class=\"panel-grid panel-has-style\" ><div class=\"siteorigin-panels-stretch panel-row-style panel-row-style-for-232-1\" data-stretch-type=\"full-stretched-padded\" ><div id=\"pgc-232-1-0\"  class=\"panel-grid-cell\" ><div id=\"panel-232-1-0-0\" class=\"so-panel widget widget_sow-editor panel-first-child panel-last-child\" data-index=\"3\" ><div\n\t\t\t\n\t\t\tclass=\"so-widget-sow-editor so-widget-sow-editor-base\"\n\t\t\t\n\t\t>\n<div class=\"siteorigin-widget-tinymce textwidget\">\n\t<h3><img decoding=\"async\" class=\"aligncenter wp-image-279 size-full\" src=\"http:\/\/nevada-parts.com\/wp-content\/uploads\/2020\/03\/ochrona.png\" alt=\"\" width=\"30%\" height=\"auto\" \/><\/h3>\n<h3 style=\"text-align: center;\">SIGURAN\u021a\u0102<\/h3>\n<p style=\"text-align: center;\">Lovite cu for\u021b\u0103 mare, acestea nu cad<\/p>\n<\/div>\n<\/div><\/div><\/div><div id=\"pgc-232-1-1\"  class=\"panel-grid-cell panel-grid-cell-empty panel-grid-cell-mobile-last\" ><\/div><div id=\"pgc-232-1-2\"  class=\"panel-grid-cell panel-grid-cell-empty\" ><\/div><\/div><\/div><div id=\"pg-232-2\"  class=\"panel-grid panel-has-style\" ><div class=\"siteorigin-panels-stretch panel-row-style panel-row-style-for-232-2\" data-stretch-type=\"full-stretched-padded\" ><div id=\"pgc-232-2-0\"  class=\"panel-grid-cell\" ><div id=\"panel-232-2-0-0\" class=\"so-panel widget widget_sow-editor panel-first-child panel-last-child\" data-index=\"4\" ><div\n\t\t\t\n\t\t\tclass=\"so-widget-sow-editor so-widget-sow-editor-base\"\n\t\t\t\n\t\t>\n<div class=\"siteorigin-widget-tinymce textwidget\">\n\t<h1>2 TIPURI DE PENE DE DOBOR\u00c2RE NEVADA DISPONIBILE:<\/h1>\n<\/div>\n<\/div><\/div><\/div><\/div><\/div><div id=\"pg-232-3\"  class=\"panel-grid panel-has-style\" ><div class=\"siteorigin-panels-stretch panel-row-style panel-row-style-for-232-3\" data-stretch-type=\"full-stretched-padded\" ><div id=\"pgc-232-3-0\"  class=\"panel-grid-cell\" ><div id=\"panel-232-3-0-0\" class=\"so-panel widget widget_sow-editor panel-first-child panel-last-child\" data-index=\"5\" ><div\n\t\t\t\n\t\t\tclass=\"so-widget-sow-editor so-widget-sow-editor-base\"\n\t\t\t\n\t\t>\n<div class=\"siteorigin-widget-tinymce textwidget\">\n\t<p><img loading=\"lazy\" decoding=\"async\" class=\"aligncenter size-medium wp-image-237\" src=\"http:\/\/nevada-parts.com\/wp-content\/uploads\/2020\/03\/klin-2-gray.jpg\" alt=\"\" width=\"300\" height=\"300\" srcset=\"https:\/\/nevada-parts.com\/wp-content\/uploads\/2020\/03\/klin-2-gray.jpg 500w, https:\/\/nevada-parts.com\/wp-content\/uploads\/2020\/03\/klin-2-gray-300x300.jpg 300w, https:\/\/nevada-parts.com\/wp-content\/uploads\/2020\/03\/klin-2-gray-150x150.jpg 150w\" sizes=\"auto, (max-width: 300px) 100vw, 300px\" \/><\/p>\n<h3 style=\"text-align: center;\">Jos<\/h3>\n<p style=\"text-align: center;\">170mm x 25mm<\/p>\n<\/div>\n<\/div><\/div><\/div><div id=\"pgc-232-3-1\"  class=\"panel-grid-cell\" ><div id=\"panel-232-3-1-0\" class=\"so-panel widget widget_sow-editor panel-first-child panel-last-child\" data-index=\"6\" ><div\n\t\t\t\n\t\t\tclass=\"so-widget-sow-editor so-widget-sow-editor-base\"\n\t\t\t\n\t\t>\n<div class=\"siteorigin-widget-tinymce textwidget\">\n\t<p><img loading=\"lazy\" decoding=\"async\" class=\"aligncenter size-medium wp-image-238\" src=\"http:\/\/nevada-parts.com\/wp-content\/uploads\/2020\/03\/klin-1-gray.jpg\" alt=\"\" width=\"300\" height=\"300\" srcset=\"https:\/\/nevada-parts.com\/wp-content\/uploads\/2020\/03\/klin-1-gray.jpg 500w, https:\/\/nevada-parts.com\/wp-content\/uploads\/2020\/03\/klin-1-gray-300x300.jpg 300w, https:\/\/nevada-parts.com\/wp-content\/uploads\/2020\/03\/klin-1-gray-150x150.jpg 150w\" sizes=\"auto, (max-width: 300px) 100vw, 300px\" \/><\/p>\n<h3 style=\"text-align: center;\">\u00cenalt<\/h3>\n<p style=\"text-align: center;\">170mm x 40mm<\/p>\n<\/div>\n<\/div><\/div><\/div><\/div><\/div><div id=\"pg-232-4\"  class=\"panel-grid panel-has-style\" ><div class=\"locals siteorigin-panels-stretch panel-row-style panel-row-style-for-232-4\" data-stretch-type=\"full-stretched-padded\" ><div id=\"pgc-232-4-0\"  class=\"panel-grid-cell\" ><div id=\"panel-232-4-0-0\" class=\"so-panel widget widget_sow-editor panel-first-child panel-last-child\" data-index=\"7\" ><div class=\"panel-widget-style panel-widget-style-for-232-4-0-0\" ><div\n\t\t\t\n\t\t\tclass=\"so-widget-sow-editor so-widget-sow-editor-base\"\n\t\t\t\n\t\t>\n<div class=\"siteorigin-widget-tinymce textwidget\">\n\t<h3><span style=\"font-weight: black;\">NEVADA<\/span> \u00een magazine<\/h3>\nDescoperi\u021bi re\u021beaua noastr\u0103 de parteneri unde ne pute\u021bi g\u0103si produsele\n<p style=\"margin: 0;\"><a class=\"white-button\" href=\"http:\/\/nevada-parts.com\/nevada-w-sklepach\/\">MAI DEPARTE<\/a><\/p><\/div>\n<\/div><\/div><\/div><\/div><div id=\"pgc-232-4-1\"  class=\"panel-grid-cell\" ><div id=\"panel-232-4-1-0\" class=\"so-panel widget widget_sow-editor panel-first-child panel-last-child\" data-index=\"8\" ><div\n\t\t\t\n\t\t\tclass=\"so-widget-sow-editor so-widget-sow-editor-base\"\n\t\t\t\n\t\t>\n<div class=\"siteorigin-widget-tinymce textwidget\">\n\t<img decoding=\"async\" class=\"aligncenter size-full wp-image-240\" src=\"http:\/\/nevada-parts.com\/wp-content\/uploads\/2020\/03\/Nevada-lada-compressed-outside.png\" alt=\"\" width=\"100%\" height=\"auto\" \/><\/div>\n<\/div><\/div><\/div><\/div><\/div><\/div>","protected":false},"excerpt":{"rendered":"<p>CALITATE \u00ceNALT\u0102 Fabricat din plastic rezistent la impact REZISTEN\u021a\u0102 RIDICAT\u0102 Rezistent la temperaturi joase VIZIBILITATE Culoare aprins\u0103 SIGURAN\u021a\u0102 Lovite cu for\u021b\u0103 mare, acestea nu cad<\/p>\n","protected":false},"featured_media":89,"comment_status":"closed","ping_status":"closed","template":"","meta":{"_acf_changed":false},"product_cat":[24],"product_tag":[],"class_list":{"0":"post-232","1":"product","2":"type-product","3":"status-publish","4":"has-post-thumbnail","6":"product_cat-akcesoria-forest","8":"first","9":"instock","10":"shipping-taxable","11":"product-type-simple"},"acf":[],"_links":{"self":[{"href":"https:\/\/nevada-parts.com\/ro\/wp-json\/wp\/v2\/product\/232","targetHints":{"allow":["GET"]}}],"collection":[{"href":"https:\/\/nevada-parts.com\/ro\/wp-json\/wp\/v2\/product"}],"about":[{"href":"https:\/\/nevada-parts.com\/ro\/wp-json\/wp\/v2\/types\/product"}],"replies":[{"embeddable":true,"href":"https:\/\/nevada-parts.com\/ro\/wp-json\/wp\/v2\/comments?post=232"}],"wp:featuredmedia":[{"embeddable":true,"href":"https:\/\/nevada-parts.com\/ro\/wp-json\/wp\/v2\/media\/89"}],"wp:attachment":[{"href":"https:\/\/nevada-parts.com\/ro\/wp-json\/wp\/v2\/media?parent=232"}],"wp:term":[{"taxonomy":"product_cat","embeddable":true,"href":"https:\/\/nevada-parts.com\/ro\/wp-json\/wp\/v2\/product_cat?post=232"},{"taxonomy":"product_tag","embeddable":true,"href":"https:\/\/nevada-parts.com\/ro\/wp-json\/wp\/v2\/product_tag?post=232"}],"curies":[{"name":"wp","href":"https:\/\/api.w.org\/{rel}","templated":true}]}}