{"id":227,"date":"2020-03-06T23:20:30","date_gmt":"2020-03-06T22:20:30","guid":{"rendered":"http:\/\/nevada-parts.com\/?post_type=product&#038;p=227"},"modified":"2023-12-07T19:34:27","modified_gmt":"2023-12-07T18:34:27","slug":"kanistry","status":"publish","type":"product","link":"https:\/\/nevada-parts.com\/ro\/produkt\/kanistry\/","title":{"rendered":"CANISTRE"},"content":{"rendered":"<div id=\"pl-227\"  class=\"panel-layout\" ><div id=\"pg-227-0\"  class=\"panel-grid panel-has-style\" ><div class=\"siteorigin-panels-stretch panel-row-style panel-row-style-for-227-0\" data-stretch-type=\"full-stretched-padded\" ><div id=\"pgc-227-0-0\"  class=\"panel-grid-cell\" ><div id=\"panel-227-0-0-0\" class=\"so-panel widget widget_sow-editor panel-first-child panel-last-child\" data-index=\"0\" ><div\n\t\t\t\n\t\t\tclass=\"so-widget-sow-editor so-widget-sow-editor-base\"\n\t\t\t\n\t\t>\n<div class=\"siteorigin-widget-tinymce textwidget\">\n\t<h3><img decoding=\"async\" class=\"aligncenter wp-image-279 size-full\" src=\"http:\/\/nevada-parts.com\/wp-content\/uploads\/2020\/03\/ochrona.png\" alt=\"\" width=\"30%\" height=\"auto\" \/><\/h3>\n<h3 style=\"text-align: center;\">SIGURAN\u021a\u0102<\/h3>\n<p style=\"text-align: center;\">Gra\u021bie p\u00e2lniei special concepute, nu exist\u0103 risc de v\u0103rsare<\/p>\n<\/div>\n<\/div><\/div><\/div><div id=\"pgc-227-0-1\"  class=\"panel-grid-cell\" ><div id=\"panel-227-0-1-0\" class=\"so-panel widget widget_sow-editor panel-first-child panel-last-child\" data-index=\"1\" ><div\n\t\t\t\n\t\t\tclass=\"so-widget-sow-editor so-widget-sow-editor-base\"\n\t\t\t\n\t\t>\n<div class=\"siteorigin-widget-tinymce textwidget\">\n\t<h3><img decoding=\"async\" class=\"aligncenter size-full wp-image-281\" src=\"http:\/\/nevada-parts.com\/wp-content\/uploads\/2020\/03\/wygoda.png\" alt=\"\" width=\"30%\" height=\"auto\" \/><\/h3>\n<h3 style=\"text-align: center;\">CONFORT<\/h3>\n<p style=\"text-align: center;\" align=\"JUSTIFY\">M\u00e2ner ergonomic pentru transport confortabil \u0219i u\u0219or cu m\u0103nu\u0219i de lucru<\/p>\n<\/div>\n<\/div><\/div><\/div><div id=\"pgc-227-0-2\"  class=\"panel-grid-cell\" ><div id=\"panel-227-0-2-0\" class=\"so-panel widget widget_sow-editor panel-first-child panel-last-child\" data-index=\"2\" ><div\n\t\t\t\n\t\t\tclass=\"so-widget-sow-editor so-widget-sow-editor-base\"\n\t\t\t\n\t\t>\n<div class=\"siteorigin-widget-tinymce textwidget\">\n\t<h3><img decoding=\"async\" class=\"aligncenter size-full wp-image-280\" src=\"http:\/\/nevada-parts.com\/wp-content\/uploads\/2020\/03\/trwalosc.png\" alt=\"\" width=\"30%\" height=\"auto\" \/><\/h3>\n<h3 style=\"text-align: center;\">REZISTEN\u021a\u0102<\/h3>\n<p style=\"text-align: center;\">Fabricat din plastic rezistent<\/p>\n<\/div>\n<\/div><\/div><\/div><\/div><\/div><div id=\"pg-227-1\"  class=\"panel-grid panel-has-style\" ><div class=\"siteorigin-panels-stretch panel-row-style panel-row-style-for-227-1\" data-stretch-type=\"full-stretched-padded\" ><div id=\"pgc-227-1-0\"  class=\"panel-grid-cell\" ><div id=\"panel-227-1-0-0\" class=\"so-panel widget widget_sow-editor panel-first-child panel-last-child\" data-index=\"3\" ><div\n\t\t\t\n\t\t\tclass=\"so-widget-sow-editor so-widget-sow-editor-base\"\n\t\t\t\n\t\t>\n<div class=\"siteorigin-widget-tinymce textwidget\">\n\t<h1>TIPURI DE CANISTRE DISPONIBILE:<\/h1>\n<\/div>\n<\/div><\/div><\/div><\/div><\/div><div id=\"pg-227-2\"  class=\"panel-grid panel-has-style\" ><div class=\"siteorigin-panels-stretch panel-row-style panel-row-style-for-227-2\" data-stretch-type=\"full-stretched-padded\" ><div id=\"pgc-227-2-0\"  class=\"panel-grid-cell\" ><div id=\"panel-227-2-0-0\" class=\"so-panel widget widget_sow-editor panel-first-child panel-last-child\" data-index=\"4\" ><div\n\t\t\t\n\t\t\tclass=\"so-widget-sow-editor so-widget-sow-editor-base\"\n\t\t\t\n\t\t>\n<div class=\"siteorigin-widget-tinymce textwidget\">\n\t<p><img loading=\"lazy\" decoding=\"async\" class=\"aligncenter size-medium wp-image-231\" src=\"http:\/\/nevada-parts.com\/wp-content\/uploads\/2020\/03\/kanister-5L-gray-300x300.jpg\" alt=\"\" width=\"300\" height=\"300\" srcset=\"https:\/\/nevada-parts.com\/wp-content\/uploads\/2020\/03\/kanister-5L-gray-300x300.jpg 300w, https:\/\/nevada-parts.com\/wp-content\/uploads\/2020\/03\/kanister-5L-gray-800x800.jpg 800w, https:\/\/nevada-parts.com\/wp-content\/uploads\/2020\/03\/kanister-5L-gray-150x150.jpg 150w, https:\/\/nevada-parts.com\/wp-content\/uploads\/2020\/03\/kanister-5L-gray-768x768.jpg 768w, https:\/\/nevada-parts.com\/wp-content\/uploads\/2020\/03\/kanister-5L-gray.jpg 1000w\" sizes=\"auto, (max-width: 300px) 100vw, 300px\" \/><\/p>\n<h3 style=\"text-align: center;\">Canistr\u0103 5L<\/h3>\n<p style=\"text-align: center;\">Disponibil \u00een 2 culori \u2013 ro\u0219u \u0219i alb<\/p>\n<\/div>\n<\/div><\/div><\/div><div id=\"pgc-227-2-1\"  class=\"panel-grid-cell\" ><div id=\"panel-227-2-1-0\" class=\"so-panel widget widget_sow-editor panel-first-child panel-last-child\" data-index=\"5\" ><div\n\t\t\t\n\t\t\tclass=\"so-widget-sow-editor so-widget-sow-editor-base\"\n\t\t\t\n\t\t>\n<div class=\"siteorigin-widget-tinymce textwidget\">\n\t<p><img loading=\"lazy\" decoding=\"async\" class=\"aligncenter size-medium wp-image-230\" src=\"http:\/\/nevada-parts.com\/wp-content\/uploads\/2020\/03\/kanister-10L-gray-300x300.jpg\" alt=\"\" width=\"300\" height=\"300\" srcset=\"https:\/\/nevada-parts.com\/wp-content\/uploads\/2020\/03\/kanister-10L-gray-300x300.jpg 300w, https:\/\/nevada-parts.com\/wp-content\/uploads\/2020\/03\/kanister-10L-gray-800x800.jpg 800w, https:\/\/nevada-parts.com\/wp-content\/uploads\/2020\/03\/kanister-10L-gray-150x150.jpg 150w, https:\/\/nevada-parts.com\/wp-content\/uploads\/2020\/03\/kanister-10L-gray-768x768.jpg 768w, https:\/\/nevada-parts.com\/wp-content\/uploads\/2020\/03\/kanister-10L-gray.jpg 1000w\" sizes=\"auto, (max-width: 300px) 100vw, 300px\" \/><\/p>\n<h3 style=\"text-align: center;\">Canistr\u0103 10L<\/h3>\n<\/div>\n<\/div><\/div><\/div><div id=\"pgc-227-2-2\"  class=\"panel-grid-cell\" ><div id=\"panel-227-2-2-0\" class=\"so-panel widget widget_sow-editor panel-first-child panel-last-child\" data-index=\"6\" ><div\n\t\t\t\n\t\t\tclass=\"so-widget-sow-editor so-widget-sow-editor-base\"\n\t\t\t\n\t\t>\n<div class=\"siteorigin-widget-tinymce textwidget\">\n\t<p><img loading=\"lazy\" decoding=\"async\" class=\"aligncenter size-full wp-image-254\" src=\"http:\/\/nevada-parts.com\/wp-content\/uploads\/2020\/03\/kanister-dwukomorowy-gray.jpg\" alt=\"\" width=\"300\" height=\"300\" \/><\/p>\n<h3 style=\"text-align: center;\">Canistr\u0103 cu dou\u0103 compartimente 5+2L<\/h3>\n<\/div>\n<\/div><\/div><\/div><\/div><\/div><div id=\"pg-227-3\"  class=\"panel-grid panel-has-style\" ><div class=\"locals siteorigin-panels-stretch panel-row-style panel-row-style-for-227-3\" data-stretch-type=\"full-stretched-padded\" ><div id=\"pgc-227-3-0\"  class=\"panel-grid-cell\" ><div id=\"panel-227-3-0-0\" class=\"so-panel widget widget_sow-editor panel-first-child panel-last-child\" data-index=\"7\" ><div class=\"panel-widget-style panel-widget-style-for-227-3-0-0\" ><div\n\t\t\t\n\t\t\tclass=\"so-widget-sow-editor so-widget-sow-editor-base\"\n\t\t\t\n\t\t>\n<div class=\"siteorigin-widget-tinymce textwidget\">\n\t<h3><span style=\"font-weight: black;\">NEVADA<\/span> \u00een magazine<\/h3>\nDescoperi\u021bi re\u021beaua noastr\u0103 de parteneri unde ne pute\u021bi g\u0103si produsele\n<p style=\"margin: 0;\"><a class=\"white-button\" href=\"http:\/\/nevada-parts.com\/nevada-w-sklepach\/\">MAI DEPARTE<\/a><\/p><\/div>\n<\/div><\/div><\/div><\/div><div id=\"pgc-227-3-1\"  class=\"panel-grid-cell\" ><div id=\"panel-227-3-1-0\" class=\"so-panel widget widget_sow-editor panel-first-child panel-last-child\" data-index=\"8\" ><div\n\t\t\t\n\t\t\tclass=\"so-widget-sow-editor so-widget-sow-editor-base\"\n\t\t\t\n\t\t>\n<div class=\"siteorigin-widget-tinymce textwidget\">\n\t<img decoding=\"async\" class=\"aligncenter size-full wp-image-240\" src=\"http:\/\/nevada-parts.com\/wp-content\/uploads\/2020\/03\/Nevada-lada-compressed-outside.png\" alt=\"\" width=\"100%\" height=\"auto\" \/><\/div>\n<\/div><\/div><\/div><\/div><\/div><\/div>","protected":false},"excerpt":{"rendered":"<p>SIGURAN\u021a\u0102 Gra\u021bie p\u00e2lniei special concepute, nu exist\u0103 risc de v\u0103rsare CONFORT M\u00e2ner ergonomic pentru transport confortabil \u0219i u\u0219or cu m\u0103nu\u0219i de lucru REZISTEN\u021a\u0102 Fabricat din plastic rezistent TIPURI DE CANISTRE DISPONIBILE:<\/p>\n","protected":false},"featured_media":88,"comment_status":"closed","ping_status":"closed","template":"","meta":{"_acf_changed":false},"product_cat":[24],"product_tag":[],"class_list":{"0":"post-227","1":"product","2":"type-product","3":"status-publish","4":"has-post-thumbnail","6":"product_cat-akcesoria-forest","8":"first","9":"instock","10":"shipping-taxable","11":"product-type-simple"},"acf":[],"_links":{"self":[{"href":"https:\/\/nevada-parts.com\/ro\/wp-json\/wp\/v2\/product\/227","targetHints":{"allow":["GET"]}}],"collection":[{"href":"https:\/\/nevada-parts.com\/ro\/wp-json\/wp\/v2\/product"}],"about":[{"href":"https:\/\/nevada-parts.com\/ro\/wp-json\/wp\/v2\/types\/product"}],"replies":[{"embeddable":true,"href":"https:\/\/nevada-parts.com\/ro\/wp-json\/wp\/v2\/comments?post=227"}],"wp:featuredmedia":[{"embeddable":true,"href":"https:\/\/nevada-parts.com\/ro\/wp-json\/wp\/v2\/media\/88"}],"wp:attachment":[{"href":"https:\/\/nevada-parts.com\/ro\/wp-json\/wp\/v2\/media?parent=227"}],"wp:term":[{"taxonomy":"product_cat","embeddable":true,"href":"https:\/\/nevada-parts.com\/ro\/wp-json\/wp\/v2\/product_cat?post=227"},{"taxonomy":"product_tag","embeddable":true,"href":"https:\/\/nevada-parts.com\/ro\/wp-json\/wp\/v2\/product_tag?post=227"}],"curies":[{"name":"wp","href":"https:\/\/api.w.org\/{rel}","templated":true}]}}