{"id":215,"date":"2020-03-06T22:43:17","date_gmt":"2020-03-06T21:43:17","guid":{"rendered":"http:\/\/nevada-parts.com\/?post_type=product&#038;p=215"},"modified":"2023-12-07T18:28:11","modified_gmt":"2023-12-07T17:28:11","slug":"nauszniki-ochronne","status":"publish","type":"product","link":"https:\/\/nevada-parts.com\/ro\/produkt\/nauszniki-ochronne\/","title":{"rendered":"C\u0102\u0218TI ANTIFONICE"},"content":{"rendered":"<div id=\"pl-215\"  class=\"panel-layout\" ><div id=\"pg-215-0\"  class=\"panel-grid panel-has-style\" ><div class=\"siteorigin-panels-stretch panel-row-style panel-row-style-for-215-0\" data-stretch-type=\"full-stretched-padded\" ><div id=\"pgc-215-0-0\"  class=\"panel-grid-cell\" ><div id=\"panel-215-0-0-0\" class=\"so-panel widget widget_sow-editor panel-first-child panel-last-child\" data-index=\"0\" ><div\n\t\t\t\n\t\t\tclass=\"so-widget-sow-editor so-widget-sow-editor-base\"\n\t\t\t\n\t\t>\n<div class=\"siteorigin-widget-tinymce textwidget\">\n\t<h3><img decoding=\"async\" class=\"aligncenter wp-image-279 size-full\" src=\"http:\/\/nevada-parts.com\/wp-content\/uploads\/2020\/03\/certyfikowany.png\" alt=\"\" width=\"30%\" height=\"auto\" \/><\/h3>\n<h3 style=\"text-align: center;\">SIGURAN\u021a\u0102<\/h3>\n<p style=\"text-align: center;\">Certificate CE365194, protejeaz\u0103 auzul \u00een lucr\u0103rile de gr\u0103din\u0103rit \u0219i silvicultur\u0103.<\/p>\n<\/div>\n<\/div><\/div><\/div><div id=\"pgc-215-0-1\"  class=\"panel-grid-cell\" ><div id=\"panel-215-0-1-0\" class=\"so-panel widget widget_sow-editor panel-first-child panel-last-child\" data-index=\"1\" ><div\n\t\t\t\n\t\t\tclass=\"so-widget-sow-editor so-widget-sow-editor-base\"\n\t\t\t\n\t\t>\n<div class=\"siteorigin-widget-tinymce textwidget\">\n\t<h3><img decoding=\"async\" class=\"aligncenter size-full wp-image-281\" src=\"http:\/\/nevada-parts.com\/wp-content\/uploads\/2020\/03\/wygoda.png\" alt=\"\" width=\"30%\" height=\"auto\" \/><\/h3>\n<h3 style=\"text-align: center;\">CONFORT LA LUCRU<\/h3>\n<p style=\"text-align: center;\" align=\"JUSTIFY\">Protec\u021bie auditiv\u0103 eficient\u0103, valoare atenuare zgomot SNR:26.0db, H:27.0db, M:26.0db, L:18.0db.<\/p>\n<\/div>\n<\/div><\/div><\/div><div id=\"pgc-215-0-2\"  class=\"panel-grid-cell\" ><div id=\"panel-215-0-2-0\" class=\"so-panel widget widget_sow-editor panel-first-child panel-last-child\" data-index=\"2\" ><div\n\t\t\t\n\t\t\tclass=\"so-widget-sow-editor so-widget-sow-editor-base\"\n\t\t\t\n\t\t>\n<div class=\"siteorigin-widget-tinymce textwidget\">\n\t<h3><img decoding=\"async\" class=\"aligncenter size-full wp-image-280\" src=\"http:\/\/nevada-parts.com\/wp-content\/uploads\/2020\/03\/uniwersalnosc.png\" alt=\"\" width=\"30%\" height=\"auto\" \/><\/h3>\n<h3 style=\"text-align: center;\">VERSATILITATE<\/h3>\n<p style=\"text-align: center;\">Pot fi folosite pentru lucrul cu motocoase, trimmere sau motofier\u0103straie eletrice\/diesel<\/p>\n<\/div>\n<\/div><\/div><\/div><\/div><\/div><div id=\"pg-215-1\"  class=\"panel-grid panel-has-style\" ><div class=\"siteorigin-panels-stretch panel-row-style panel-row-style-for-215-1\" data-stretch-type=\"full-stretched-padded\" ><div id=\"pgc-215-1-0\"  class=\"panel-grid-cell\" ><div id=\"panel-215-1-0-0\" class=\"so-panel widget widget_sow-editor panel-first-child panel-last-child\" data-index=\"3\" ><div\n\t\t\t\n\t\t\tclass=\"so-widget-sow-editor so-widget-sow-editor-base\"\n\t\t\t\n\t\t>\n<div class=\"siteorigin-widget-tinymce textwidget\">\n\t<h3><img decoding=\"async\" class=\"aligncenter size-full wp-image-283\" src=\"http:\/\/nevada-parts.com\/wp-content\/uploads\/2020\/03\/dostosowanie.png\" alt=\"\" width=\"30%\" height=\"auto\" \/><\/h3>\n<h3 style=\"text-align: center;\">CONFORT<\/h3>\n<p style=\"text-align: center;\">Dimensiune reglabil\u0103 pe cap pentru o potrivire confortabil\u0103.<\/p>\n<\/div>\n<\/div><\/div><\/div><div id=\"pgc-215-1-1\"  class=\"panel-grid-cell panel-grid-cell-empty panel-grid-cell-mobile-last\" ><\/div><div id=\"pgc-215-1-2\"  class=\"panel-grid-cell panel-grid-cell-empty\" ><\/div><\/div><\/div><div id=\"pg-215-2\"  class=\"panel-grid panel-has-style\" ><div class=\"locals siteorigin-panels-stretch panel-row-style panel-row-style-for-215-2\" data-stretch-type=\"full-stretched-padded\" ><div id=\"pgc-215-2-0\"  class=\"panel-grid-cell\" ><div id=\"panel-215-2-0-0\" class=\"so-panel widget widget_sow-editor panel-first-child panel-last-child\" data-index=\"4\" ><div class=\"panel-widget-style panel-widget-style-for-215-2-0-0\" ><div\n\t\t\t\n\t\t\tclass=\"so-widget-sow-editor so-widget-sow-editor-base\"\n\t\t\t\n\t\t>\n<div class=\"siteorigin-widget-tinymce textwidget\">\n\t<h3><span style=\"font-weight: black;\">NEVADA<\/span> \u00een magazine<\/h3>\nDescoperi\u021bi re\u021beaua noastr\u0103 de parteneri unde ne pute\u021bi g\u0103si produsele\n<p style=\"margin: 0;\"><a class=\"white-button\" href=\"http:\/\/nevada-parts.com\/nevada-w-sklepach\/\">MAI DEPARTE<\/a><\/p><\/div>\n<\/div><\/div><\/div><\/div><div id=\"pgc-215-2-1\"  class=\"panel-grid-cell\" ><div id=\"panel-215-2-1-0\" class=\"so-panel widget widget_sow-editor panel-first-child panel-last-child\" data-index=\"5\" ><div\n\t\t\t\n\t\t\tclass=\"so-widget-sow-editor so-widget-sow-editor-base\"\n\t\t\t\n\t\t>\n<div class=\"siteorigin-widget-tinymce textwidget\">\n\t<img decoding=\"async\" class=\"aligncenter size-full wp-image-240\" src=\"http:\/\/nevada-parts.com\/wp-content\/uploads\/2020\/03\/Nevada-lada-compressed-outside.png\" alt=\"\" width=\"100%\" height=\"auto\" \/><\/div>\n<\/div><\/div><\/div><\/div><\/div><\/div>","protected":false},"excerpt":{"rendered":"<p>C\u0103\u0219tile antifonice Nevada ofer\u0103 o bun\u0103 protec\u021bie \u00eempotriva efectelor d\u0103un\u0103toare zgomotului de \u00eenalt\u0103 frecven\u021b\u0103. Acestea au un design potrivit pentru majoritatea utilizatorilor, conform cu norma EN352-1. Antifoanele sunt concepute pentru a proteja auzul operatorului \u00een timpul gr\u0103din\u0103ritului \u0219i activit\u0103\u021bilor de silvicultur\u0103. Ele trebuie purtate \u00eenaintea \u00eenceperii lucrului \u00een mediul zgomotos \u0219i pe toat\u0103 durata timpului \u00een zonele unde auzul poate fi afectat de sunetul puternic.<\/p>\n","protected":false},"featured_media":100,"comment_status":"closed","ping_status":"closed","template":"","meta":{"_acf_changed":false},"product_cat":[20],"product_tag":[],"class_list":{"0":"post-215","1":"product","2":"type-product","3":"status-publish","4":"has-post-thumbnail","6":"product_cat-odziez-ochronna","8":"first","9":"instock","10":"shipping-taxable","11":"product-type-simple"},"acf":[],"_links":{"self":[{"href":"https:\/\/nevada-parts.com\/ro\/wp-json\/wp\/v2\/product\/215","targetHints":{"allow":["GET"]}}],"collection":[{"href":"https:\/\/nevada-parts.com\/ro\/wp-json\/wp\/v2\/product"}],"about":[{"href":"https:\/\/nevada-parts.com\/ro\/wp-json\/wp\/v2\/types\/product"}],"replies":[{"embeddable":true,"href":"https:\/\/nevada-parts.com\/ro\/wp-json\/wp\/v2\/comments?post=215"}],"wp:featuredmedia":[{"embeddable":true,"href":"https:\/\/nevada-parts.com\/ro\/wp-json\/wp\/v2\/media\/100"}],"wp:attachment":[{"href":"https:\/\/nevada-parts.com\/ro\/wp-json\/wp\/v2\/media?parent=215"}],"wp:term":[{"taxonomy":"product_cat","embeddable":true,"href":"https:\/\/nevada-parts.com\/ro\/wp-json\/wp\/v2\/product_cat?post=215"},{"taxonomy":"product_tag","embeddable":true,"href":"https:\/\/nevada-parts.com\/ro\/wp-json\/wp\/v2\/product_tag?post=215"}],"curies":[{"name":"wp","href":"https:\/\/api.w.org\/{rel}","templated":true}]}}