{"id":199,"date":"2020-03-06T22:09:15","date_gmt":"2020-03-06T21:09:15","guid":{"rendered":"http:\/\/nevada-parts.com\/?post_type=product&#038;p=199"},"modified":"2023-12-07T19:59:40","modified_gmt":"2023-12-07T18:59:40","slug":"zylki-z-linii-spcx-duo-1","status":"publish","type":"product","link":"https:\/\/nevada-parts.com\/ro\/produkt\/zylki-z-linii-spcx-duo-1\/","title":{"rendered":"Firele SPCX Premium"},"content":{"rendered":"<div id=\"pl-199\"  class=\"panel-layout\" ><div id=\"pg-199-0\"  class=\"panel-grid panel-has-style\" ><div class=\"siteorigin-panels-stretch panel-row-style panel-row-style-for-199-0\" data-stretch-type=\"full-stretched-padded\" ><div id=\"pgc-199-0-0\"  class=\"panel-grid-cell\" ><div id=\"panel-199-0-0-0\" class=\"so-panel widget widget_sow-editor panel-first-child panel-last-child\" data-index=\"0\" ><div\n\t\t\t\n\t\t\tclass=\"so-widget-sow-editor so-widget-sow-editor-base\"\n\t\t\t\n\t\t>\n<div class=\"siteorigin-widget-tinymce textwidget\">\n\t<h3><img decoding=\"async\" class=\"aligncenter wp-image-279 size-full\" src=\"http:\/\/nevada-parts.com\/wp-content\/uploads\/2020\/03\/niezawodnosc.png\" alt=\"\" width=\"30%\" height=\"auto\" \/><\/h3>\n<h3 style=\"text-align: center;\">FIABILITATE<\/h3>\n<p style=\"text-align: center;\">Rezisten\u021b\u0103 \u0219i flexibilitate remarcabile<\/p>\n<\/div>\n<\/div><\/div><\/div><div id=\"pgc-199-0-1\"  class=\"panel-grid-cell\" ><div id=\"panel-199-0-1-0\" class=\"so-panel widget widget_sow-editor panel-first-child panel-last-child\" data-index=\"1\" ><div\n\t\t\t\n\t\t\tclass=\"so-widget-sow-editor so-widget-sow-editor-base\"\n\t\t\t\n\t\t>\n<div class=\"siteorigin-widget-tinymce textwidget\">\n\t<h3><img decoding=\"async\" class=\"aligncenter wp-image-279 size-full\" src=\"http:\/\/nevada-parts.com\/wp-content\/uploads\/2020\/03\/wygoda-300x300.png\" alt=\"\" width=\"30%\" height=\"auto\" \/><\/h3>\n<h3 style=\"text-align: center;\">CONFORT LA LUCRU<\/h3>\n<p style=\"text-align: center;\">Zgomot \u0219i vibra\u021bii reduse<\/p>\n<\/div>\n<\/div><\/div><\/div><div id=\"pgc-199-0-2\"  class=\"panel-grid-cell\" ><div id=\"panel-199-0-2-0\" class=\"so-panel widget widget_sow-editor panel-first-child panel-last-child\" data-index=\"2\" ><div\n\t\t\t\n\t\t\tclass=\"so-widget-sow-editor so-widget-sow-editor-base\"\n\t\t\t\n\t\t>\n<div class=\"siteorigin-widget-tinymce textwidget\">\n\t<h3><img decoding=\"async\" class=\"aligncenter size-full wp-image-283\" src=\"http:\/\/nevada-parts.com\/wp-content\/uploads\/2020\/03\/trwalosc.png\" alt=\"\" width=\"30%\" height=\"auto\" \/><\/h3>\n<h3 style=\"text-align: center;\">DURABILITATE<\/h3>\n<p style=\"text-align: center;\">Rezisten\u021b\u0103 crescut\u0103 la topire<\/p>\n<\/div>\n<\/div><\/div><\/div><\/div><\/div><div id=\"pg-199-1\"  class=\"panel-grid panel-has-style\" ><div class=\"siteorigin-panels-stretch panel-row-style panel-row-style-for-199-1\" data-stretch-type=\"full-stretched-padded\" ><div id=\"pgc-199-1-0\"  class=\"panel-grid-cell\" ><div id=\"panel-199-1-0-0\" class=\"so-panel widget widget_sow-editor panel-first-child panel-last-child\" data-index=\"3\" ><div\n\t\t\t\n\t\t\tclass=\"so-widget-sow-editor so-widget-sow-editor-base\"\n\t\t\t\n\t\t>\n<div class=\"siteorigin-widget-tinymce textwidget\">\n\t<h3><img decoding=\"async\" class=\"aligncenter size-full wp-image-280\" src=\"http:\/\/nevada-parts.com\/wp-content\/uploads\/2020\/03\/uniwersalnosc.png\" alt=\"\" width=\"30%\" height=\"auto\" \/><\/h3>\n<h3 style=\"text-align: center;\">VERSATILITATE<\/h3>\n<p style=\"text-align: center;\">Disponibil \u00een diferite diametre \u0219i lungimi<\/p>\n<\/div>\n<\/div><\/div><\/div><div id=\"pgc-199-1-1\"  class=\"panel-grid-cell panel-grid-cell-empty panel-grid-cell-mobile-last\" ><\/div><div id=\"pgc-199-1-2\"  class=\"panel-grid-cell panel-grid-cell-empty\" ><\/div><\/div><\/div><div id=\"pg-199-2\"  class=\"panel-grid panel-has-style\" ><div class=\"siteorigin-panels-stretch panel-row-style panel-row-style-for-199-2\" data-stretch-type=\"full-stretched-padded\" ><div id=\"pgc-199-2-0\"  class=\"panel-grid-cell\" ><div id=\"panel-199-2-0-0\" class=\"so-panel widget widget_sow-editor panel-first-child panel-last-child\" data-index=\"4\" ><div\n\t\t\t\n\t\t\tclass=\"so-widget-sow-editor so-widget-sow-editor-base\"\n\t\t\t\n\t\t>\n<div class=\"siteorigin-widget-tinymce textwidget\">\n\t<p><img loading=\"lazy\" decoding=\"async\" class=\"aligncenter size-medium wp-image-203\" src=\"http:\/\/nevada-parts.com\/wp-content\/uploads\/2020\/03\/zylka-gray.jpg\" alt=\"\" width=\"300\" height=\"300\" \/><br \/>\nFir motocoas\u0103 2,4mm x 87m NEVADA \u2013 SPCX Premium \/ bobin\u0103<br \/>\nFir motocoas\u0103 2,7mm x 72m NEVADA \u2013 SPCX Premium \/ bobin\u0103<br \/>\nFir motocoas\u0103 3,0mm x 56m NEVADA \u2013 SPCX Premium \/ bobin\u0103<\/p>\n<\/div>\n<\/div><\/div><\/div><div id=\"pgc-199-2-1\"  class=\"panel-grid-cell\" ><div id=\"panel-199-2-1-0\" class=\"so-panel widget widget_sow-editor panel-first-child panel-last-child\" data-index=\"5\" ><div\n\t\t\t\n\t\t\tclass=\"so-widget-sow-editor so-widget-sow-editor-base\"\n\t\t\t\n\t\t>\n<div class=\"siteorigin-widget-tinymce textwidget\">\n\t<p><img loading=\"lazy\" decoding=\"async\" class=\"aligncenter size-medium wp-image-201\" src=\"http:\/\/nevada-parts.com\/wp-content\/uploads\/2020\/03\/zylka-gray-2.jpg\" alt=\"\" width=\"300\" height=\"300\" \/><br \/>\nFir motocoas\u0103 1,6mm x 15m NEVADA \u2013 SPCX Premium<br \/>\nFir motocoas\u0103 2,0mm x 15m NEVADA \u2013 SPCX Premium<br \/>\nFir motocoas\u0103 2,4mm x 15m NEVADA \u2013 SPCX Premium<br \/>\nFir motocoas\u0103 2,4mm x 87m NEVADA \u2013 SPCX Premium<br \/>\nFir motocoas\u0103 2,7mm x 15m NEVADA \u2013 SPCX Premium<br \/>\nFir motocoas\u0103 2,7mm x 72m NEVADA \u2013 SPCX Premium<br \/>\nFir motocoas\u0103 3,0mm x 15m NEVADA \u2013 SPCX Premium<br \/>\nFir motocoas\u0103 3,0mm x 56m NEVADA \u2013 SPCX Premium<\/p>\n<\/div>\n<\/div><\/div><\/div><\/div><\/div><div id=\"pg-199-3\"  class=\"panel-grid panel-has-style\" ><div class=\"locals siteorigin-panels-stretch panel-row-style panel-row-style-for-199-3\" data-stretch-type=\"full-stretched-padded\" ><div id=\"pgc-199-3-0\"  class=\"panel-grid-cell\" ><div id=\"panel-199-3-0-0\" class=\"so-panel widget widget_sow-editor panel-first-child panel-last-child\" data-index=\"6\" ><div class=\"panel-widget-style panel-widget-style-for-199-3-0-0\" ><div\n\t\t\t\n\t\t\tclass=\"so-widget-sow-editor so-widget-sow-editor-base\"\n\t\t\t\n\t\t>\n<div class=\"siteorigin-widget-tinymce textwidget\">\n\t(Polski) <h3><span style=\"font-weight:black;\">NEVADA<\/span> w sklepach<\/h3>\nPoznaj sie\u0107 naszych partner\u00f3w u kt\u00f3rych na p\u00f3\u0142kach znajdziesz nasze produkty\n<p style=\"margin:0;\"><a href=\"http:\/\/nevada-parts.com\/nevada-w-sklepach\/\" class=\"white-button\">wi\u0119cej<\/a><\/p><\/div>\n<\/div><\/div><\/div><\/div><div id=\"pgc-199-3-1\"  class=\"panel-grid-cell\" ><div id=\"panel-199-3-1-0\" class=\"so-panel widget widget_sow-editor panel-first-child panel-last-child\" data-index=\"7\" ><div\n\t\t\t\n\t\t\tclass=\"so-widget-sow-editor so-widget-sow-editor-base\"\n\t\t\t\n\t\t>\n<div class=\"siteorigin-widget-tinymce textwidget\">\n\t<img decoding=\"async\" class=\"aligncenter size-full wp-image-240\" src=\"http:\/\/nevada-parts.com\/wp-content\/uploads\/2020\/03\/Nevada-lada-compressed-outside.png\" alt=\"\" width=\"100%\" height=\"auto\" \/><\/div>\n<\/div><\/div><\/div><\/div><\/div><\/div>","protected":false},"excerpt":{"rendered":"<p>Firele SPCX Premium, fabricate la standarde fran\u021buze\u0219ti, sunt o combina\u021bie neobi\u0219nuit\u0103 a dou\u0103 materiale \u00eentr-un singur produs. Cu o performan\u021b\u0103 de t\u0103iere crescut\u0103, sunt perfecte pentru iarb\u0103 \u0219i tufi\u0219uri dese.<\/p>\n","protected":false},"featured_media":200,"comment_status":"closed","ping_status":"closed","template":"","meta":{"_acf_changed":false},"product_cat":[23],"product_tag":[],"class_list":{"0":"post-199","1":"product","2":"type-product","3":"status-publish","4":"has-post-thumbnail","6":"product_cat-zylki","8":"first","9":"instock","10":"shipping-taxable","11":"product-type-simple"},"acf":[],"_links":{"self":[{"href":"https:\/\/nevada-parts.com\/ro\/wp-json\/wp\/v2\/product\/199","targetHints":{"allow":["GET"]}}],"collection":[{"href":"https:\/\/nevada-parts.com\/ro\/wp-json\/wp\/v2\/product"}],"about":[{"href":"https:\/\/nevada-parts.com\/ro\/wp-json\/wp\/v2\/types\/product"}],"replies":[{"embeddable":true,"href":"https:\/\/nevada-parts.com\/ro\/wp-json\/wp\/v2\/comments?post=199"}],"wp:featuredmedia":[{"embeddable":true,"href":"https:\/\/nevada-parts.com\/ro\/wp-json\/wp\/v2\/media\/200"}],"wp:attachment":[{"href":"https:\/\/nevada-parts.com\/ro\/wp-json\/wp\/v2\/media?parent=199"}],"wp:term":[{"taxonomy":"product_cat","embeddable":true,"href":"https:\/\/nevada-parts.com\/ro\/wp-json\/wp\/v2\/product_cat?post=199"},{"taxonomy":"product_tag","embeddable":true,"href":"https:\/\/nevada-parts.com\/ro\/wp-json\/wp\/v2\/product_tag?post=199"}],"curies":[{"name":"wp","href":"https:\/\/api.w.org\/{rel}","templated":true}]}}