{"id":193,"date":"2020-03-06T21:56:10","date_gmt":"2020-03-06T20:56:10","guid":{"rendered":"http:\/\/nevada-parts.com\/?post_type=product&#038;p=193"},"modified":"2023-12-07T19:56:52","modified_gmt":"2023-12-07T18:56:52","slug":"zylki-z-linii-premium-quality","status":"publish","type":"product","link":"https:\/\/nevada-parts.com\/ro\/produkt\/zylki-z-linii-premium-quality\/","title":{"rendered":"FIRE PREMIUM QUALITY"},"content":{"rendered":"<div id=\"pl-193\"  class=\"panel-layout\" ><div id=\"pg-193-0\"  class=\"panel-grid panel-has-style\" ><div class=\"siteorigin-panels-stretch panel-row-style panel-row-style-for-193-0\" data-stretch-type=\"full-stretched-padded\" ><div id=\"pgc-193-0-0\"  class=\"panel-grid-cell\" ><div id=\"panel-193-0-0-0\" class=\"so-panel widget widget_sow-editor panel-first-child panel-last-child\" data-index=\"0\" ><div\n\t\t\t\n\t\t\tclass=\"so-widget-sow-editor so-widget-sow-editor-base\"\n\t\t\t\n\t\t>\n<div class=\"siteorigin-widget-tinymce textwidget\">\n\t<h3><img decoding=\"async\" class=\"aligncenter wp-image-279 size-full\" src=\"http:\/\/nevada-parts.com\/wp-content\/uploads\/2020\/03\/niezawodnosc.png\" alt=\"\" width=\"30%\" height=\"auto\" \/><\/h3>\n<h3 style=\"text-align: center;\">FIABILITATE<\/h3>\n<p style=\"text-align: center;\">Extraordinar de durabil \u0219i elastic<\/p>\n<\/div>\n<\/div><\/div><\/div><div id=\"pgc-193-0-1\"  class=\"panel-grid-cell\" ><div id=\"panel-193-0-1-0\" class=\"so-panel widget widget_sow-editor panel-first-child panel-last-child\" data-index=\"1\" ><div\n\t\t\t\n\t\t\tclass=\"so-widget-sow-editor so-widget-sow-editor-base\"\n\t\t\t\n\t\t>\n<div class=\"siteorigin-widget-tinymce textwidget\">\n\t<h3><img decoding=\"async\" class=\"aligncenter size-full wp-image-283\" src=\"http:\/\/nevada-parts.com\/wp-content\/uploads\/2020\/03\/trwalosc.png\" alt=\"\" width=\"30%\" height=\"auto\" \/><\/h3>\n<h3 style=\"text-align: center;\">DURABILITATE<\/h3>\n<p style=\"text-align: center;\">Rezisten\u021b\u0103 crescut\u0103 la topire<\/p>\n<\/div>\n<\/div><\/div><\/div><div id=\"pgc-193-0-2\"  class=\"panel-grid-cell\" ><div id=\"panel-193-0-2-0\" class=\"so-panel widget widget_sow-editor panel-first-child panel-last-child\" data-index=\"2\" ><div\n\t\t\t\n\t\t\tclass=\"so-widget-sow-editor so-widget-sow-editor-base\"\n\t\t\t\n\t\t>\n<div class=\"siteorigin-widget-tinymce textwidget\">\n\t<h3><img decoding=\"async\" class=\"aligncenter size-full wp-image-280\" src=\"http:\/\/nevada-parts.com\/wp-content\/uploads\/2020\/03\/uniwersalnosc.png\" alt=\"\" width=\"30%\" height=\"auto\" \/><\/h3>\n<h3 style=\"text-align: center;\">VERSATILITATE<\/h3>\n<p style=\"text-align: center;\">Disponibil \u00een diferite forme, diametre \u0219i lungimi<\/p>\n<\/div>\n<\/div><\/div><\/div><\/div><\/div><div id=\"pg-193-1\"  class=\"panel-grid panel-has-style\" ><div class=\"siteorigin-panels-stretch panel-row-style panel-row-style-for-193-1\" data-stretch-type=\"full-stretched-padded\" ><div id=\"pgc-193-1-0\"  class=\"panel-grid-cell\" ><div id=\"panel-193-1-0-0\" class=\"so-panel widget widget_sow-editor panel-first-child panel-last-child\" data-index=\"3\" ><div\n\t\t\t\n\t\t\tclass=\"so-widget-sow-editor so-widget-sow-editor-base\"\n\t\t\t\n\t\t>\n<div class=\"siteorigin-widget-tinymce textwidget\">\n\t<h1>TIPURI DE FIRE NEVADA DISPONIBILE:<\/h1>\n<\/div>\n<\/div><\/div><\/div><\/div><\/div><div id=\"pg-193-2\"  class=\"panel-grid panel-has-style\" ><div class=\"siteorigin-panels-stretch panel-row-style panel-row-style-for-193-2\" data-stretch-type=\"full-stretched-padded\" ><div id=\"pgc-193-2-0\"  class=\"panel-grid-cell\" ><div id=\"panel-193-2-0-0\" class=\"so-panel widget widget_sow-editor panel-first-child panel-last-child\" data-index=\"4\" ><div\n\t\t\t\n\t\t\tclass=\"so-widget-sow-editor so-widget-sow-editor-base\"\n\t\t\t\n\t\t>\n<div class=\"siteorigin-widget-tinymce textwidget\">\n\t<p><img loading=\"lazy\" decoding=\"async\" class=\"aligncenter size-medium wp-image-198\" src=\"http:\/\/nevada-parts.com\/wp-content\/uploads\/2020\/03\/zylka-3-gray.jpg\" alt=\"\" width=\"300\" height=\"300\" \/><\/p>\n<h3>FIR RO\u0218U PREMIUM QUALITY<\/h3>\n<p>Fir t\u0103iere 2,4mm X 90m \u2013 p\u0103trat<br \/>\nFir t\u0103iere 2,7mm X 70m \u2013 p\u0103trat<br \/>\nFir t\u0103iere 3,0mm X 54m \u2013 p\u0103trat<br \/>\nFir t\u0103iere 2,4mm X 100m \u2013 rotund<br \/>\nFir t\u0103iere 2,7mm X 78m \u2013 rotund<br \/>\nFir t\u0103iere 3,0mm X 64m \u2013 rotund<\/p>\n<\/div>\n<\/div><\/div><\/div><div id=\"pgc-193-2-1\"  class=\"panel-grid-cell\" ><div id=\"panel-193-2-1-0\" class=\"so-panel widget widget_sow-editor panel-first-child panel-last-child\" data-index=\"5\" ><div\n\t\t\t\n\t\t\tclass=\"so-widget-sow-editor so-widget-sow-editor-base\"\n\t\t\t\n\t\t>\n<div class=\"siteorigin-widget-tinymce textwidget\">\n\t<p><img loading=\"lazy\" decoding=\"async\" class=\"aligncenter size-medium wp-image-197\" src=\"http:\/\/nevada-parts.com\/wp-content\/uploads\/2020\/03\/zylka-4-gray.jpg\" alt=\"\" width=\"300\" height=\"300\" \/><\/p>\n<h3>FIR NEGRU PREMIUM QUALITY<\/h3>\n<p>Fir t\u0103iere 2,4mm X 180m \u2013 p\u0103trat<br \/>\nFir t\u0103iere 2,7mm X 139m \u2013 p\u0103trat<br \/>\nFir t\u0103iere 3,0mm X 109m \u2013 p\u0103trat<\/p>\n<\/div>\n<\/div><\/div><\/div><\/div><\/div><div id=\"pg-193-3\"  class=\"panel-grid panel-has-style\" ><div class=\"locals siteorigin-panels-stretch panel-row-style panel-row-style-for-193-3\" data-stretch-type=\"full-stretched-padded\" ><div id=\"pgc-193-3-0\"  class=\"panel-grid-cell\" ><div id=\"panel-193-3-0-0\" class=\"so-panel widget widget_sow-editor panel-first-child panel-last-child\" data-index=\"6\" ><div class=\"panel-widget-style panel-widget-style-for-193-3-0-0\" ><div\n\t\t\t\n\t\t\tclass=\"so-widget-sow-editor so-widget-sow-editor-base\"\n\t\t\t\n\t\t>\n<div class=\"siteorigin-widget-tinymce textwidget\">\n\t<h3><span style=\"font-weight: black;\">NEVADA<\/span> \u00een magazine<\/h3>\nDescoperi\u021bi re\u021beaua noastr\u0103 de parteneri unde ne pute\u021bi g\u0103si produsele\n<p style=\"margin: 0;\"><a class=\"white-button\" href=\"http:\/\/nevada-parts.com\/nevada-w-sklepach\/\">MAI DEPARTE<\/a><\/p><\/div>\n<\/div><\/div><\/div><\/div><div id=\"pgc-193-3-1\"  class=\"panel-grid-cell\" ><div id=\"panel-193-3-1-0\" class=\"so-panel widget widget_sow-editor panel-first-child panel-last-child\" data-index=\"7\" ><div\n\t\t\t\n\t\t\tclass=\"so-widget-sow-editor so-widget-sow-editor-base\"\n\t\t\t\n\t\t>\n<div class=\"siteorigin-widget-tinymce textwidget\">\n\t<img decoding=\"async\" class=\"aligncenter size-full wp-image-240\" src=\"http:\/\/nevada-parts.com\/wp-content\/uploads\/2020\/03\/Nevada-lada-compressed-outside.png\" alt=\"\" width=\"100%\" height=\"auto\" \/><\/div>\n<\/div><\/div><\/div><\/div><\/div><\/div>","protected":false},"excerpt":{"rendered":"<p>Marca Nevada s-a angajat s\u0103 furnizeze fire de tuns care s\u0103 \u00eent\u00e2mpine cele mai \u00eenalte standarde europene. <\/p>\n<p>Firele din linia <strong>PREMIUM QUALITY<\/strong>\u00a0sunt fabricate conform normelor italiene. Performan\u021ba excelent\u0103 \u00een t\u0103iere, flexibilitatea \u0219i durabilitatea extraordinar\u0103 sunt combina\u021bia perfect\u0103 pentru cei mai exigen\u021bi utilizatori. Firul este dedicat ierburilor dense.<\/p>\n","protected":false},"featured_media":194,"comment_status":"closed","ping_status":"closed","template":"","meta":{"_acf_changed":false},"product_cat":[23],"product_tag":[],"class_list":{"0":"post-193","1":"product","2":"type-product","3":"status-publish","4":"has-post-thumbnail","6":"product_cat-zylki","8":"first","9":"instock","10":"shipping-taxable","11":"product-type-simple"},"acf":[],"_links":{"self":[{"href":"https:\/\/nevada-parts.com\/ro\/wp-json\/wp\/v2\/product\/193","targetHints":{"allow":["GET"]}}],"collection":[{"href":"https:\/\/nevada-parts.com\/ro\/wp-json\/wp\/v2\/product"}],"about":[{"href":"https:\/\/nevada-parts.com\/ro\/wp-json\/wp\/v2\/types\/product"}],"replies":[{"embeddable":true,"href":"https:\/\/nevada-parts.com\/ro\/wp-json\/wp\/v2\/comments?post=193"}],"wp:featuredmedia":[{"embeddable":true,"href":"https:\/\/nevada-parts.com\/ro\/wp-json\/wp\/v2\/media\/194"}],"wp:attachment":[{"href":"https:\/\/nevada-parts.com\/ro\/wp-json\/wp\/v2\/media?parent=193"}],"wp:term":[{"taxonomy":"product_cat","embeddable":true,"href":"https:\/\/nevada-parts.com\/ro\/wp-json\/wp\/v2\/product_cat?post=193"},{"taxonomy":"product_tag","embeddable":true,"href":"https:\/\/nevada-parts.com\/ro\/wp-json\/wp\/v2\/product_tag?post=193"}],"curies":[{"name":"wp","href":"https:\/\/api.w.org\/{rel}","templated":true}]}}