{"id":169,"date":"2020-03-06T20:40:26","date_gmt":"2020-03-06T19:40:26","guid":{"rendered":"http:\/\/nevada-parts.com\/?post_type=product&#038;p=169"},"modified":"2023-12-07T21:18:38","modified_gmt":"2023-12-07T20:18:38","slug":"linki-rozrusznika","status":"publish","type":"product","link":"https:\/\/nevada-parts.com\/ro\/produkt\/linki-rozrusznika\/","title":{"rendered":"FUNII DE START"},"content":{"rendered":"<div id=\"pl-169\"  class=\"panel-layout\" ><div id=\"pg-169-0\"  class=\"panel-grid panel-has-style\" ><div class=\"siteorigin-panels-stretch panel-row-style panel-row-style-for-169-0\" data-stretch-type=\"full-stretched-padded\" ><div id=\"pgc-169-0-0\"  class=\"panel-grid-cell\" ><div id=\"panel-169-0-0-0\" class=\"so-panel widget widget_sow-editor panel-first-child panel-last-child\" data-index=\"0\" ><div\n\t\t\t\n\t\t\tclass=\"so-widget-sow-editor so-widget-sow-editor-base\"\n\t\t\t\n\t\t>\n<div class=\"siteorigin-widget-tinymce textwidget\">\n\t<h3><img decoding=\"async\" class=\"aligncenter wp-image-279 size-full\" src=\"http:\/\/nevada-parts.com\/wp-content\/uploads\/2020\/03\/uniwersalnosc.png\" alt=\"\" width=\"30%\" height=\"auto\" \/><\/h3>\n<h3 style=\"text-align: center;\">VERSATILITATE<\/h3>\n<p style=\"text-align: center;\">Gam\u0103 larg\u0103 de grosimi \u0219i lungimi<\/p>\n<\/div>\n<\/div><\/div><\/div><div id=\"pgc-169-0-1\"  class=\"panel-grid-cell\" ><div id=\"panel-169-0-1-0\" class=\"so-panel widget widget_sow-editor panel-first-child panel-last-child\" data-index=\"1\" ><div\n\t\t\t\n\t\t\tclass=\"so-widget-sow-editor so-widget-sow-editor-base\"\n\t\t\t\n\t\t>\n<div class=\"siteorigin-widget-tinymce textwidget\">\n\t<h3><img decoding=\"async\" class=\"aligncenter size-full wp-image-283\" src=\"http:\/\/nevada-parts.com\/wp-content\/uploads\/2020\/03\/trwalosc.png\" alt=\"\" width=\"30%\" height=\"auto\" \/><\/h3>\n<h3 style=\"text-align: center;\">DURABILITATE<\/h3>\n<p style=\"text-align: center;\">Rezisten\u021b\u0103 la abraziune<\/p>\n<\/div>\n<\/div><\/div><\/div><div id=\"pgc-169-0-2\"  class=\"panel-grid-cell\" ><div id=\"panel-169-0-2-0\" class=\"so-panel widget widget_sow-editor panel-first-child panel-last-child\" data-index=\"2\" ><div\n\t\t\t\n\t\t\tclass=\"so-widget-sow-editor so-widget-sow-editor-base\"\n\t\t\t\n\t\t>\n<div class=\"siteorigin-widget-tinymce textwidget\">\n\t<h3><img decoding=\"async\" class=\"aligncenter size-full wp-image-281\" src=\"http:\/\/nevada-parts.com\/wp-content\/uploads\/2020\/03\/wysoka-jakosc.png\" alt=\"\" width=\"30%\" height=\"auto\" \/><\/h3>\n<h3 style=\"text-align: center;\">CALITATE \u00ceNALT\u0102<\/h3>\n<p style=\"text-align: center;\" align=\"JUSTIFY\">Produs la standarde nem\u021be\u0219ti<\/p>\n<\/div>\n<\/div><\/div><\/div><\/div><\/div><div id=\"pg-169-1\"  class=\"panel-grid panel-has-style\" ><div class=\"locals siteorigin-panels-stretch panel-row-style panel-row-style-for-169-1\" data-stretch-type=\"full-stretched-padded\" ><div id=\"pgc-169-1-0\"  class=\"panel-grid-cell\" ><div id=\"panel-169-1-0-0\" class=\"so-panel widget widget_sow-editor panel-first-child panel-last-child\" data-index=\"3\" ><div class=\"panel-widget-style panel-widget-style-for-169-1-0-0\" ><div\n\t\t\t\n\t\t\tclass=\"so-widget-sow-editor so-widget-sow-editor-base\"\n\t\t\t\n\t\t>\n<div class=\"siteorigin-widget-tinymce textwidget\">\n\t<h3><span style=\"font-weight: black;\">NEVADA<\/span> \u00een magazine<\/h3>\nDescoperi\u021bi re\u021beaua noastr\u0103 de parteneri unde ne pute\u021bi g\u0103si produsele\n<p style=\"margin: 0;\"><a class=\"white-button\" href=\"http:\/\/nevada-parts.com\/nevada-w-sklepach\/\">MAI DEPARTE<\/a><\/p><\/div>\n<\/div><\/div><\/div><\/div><div id=\"pgc-169-1-1\"  class=\"panel-grid-cell\" ><div id=\"panel-169-1-1-0\" class=\"so-panel widget widget_sow-editor panel-first-child panel-last-child\" data-index=\"4\" ><div\n\t\t\t\n\t\t\tclass=\"so-widget-sow-editor so-widget-sow-editor-base\"\n\t\t\t\n\t\t>\n<div class=\"siteorigin-widget-tinymce textwidget\">\n\t<img decoding=\"async\" class=\"aligncenter size-full wp-image-240\" src=\"http:\/\/nevada-parts.com\/wp-content\/uploads\/2020\/03\/Nevada-lada-compressed-outside.png\" alt=\"\" width=\"100%\" height=\"auto\" \/><\/div>\n<\/div><\/div><\/div><\/div><\/div><\/div>","protected":false},"excerpt":{"rendered":"<p>Funiile de pornire Nevada prezint\u0103 o \u021bes\u0103tur\u0103 solid\u0103 \u0219i rezisten\u0103 la uleiuri, unsori \u0219i benzin\u0103. \u00cen procesul de fabrica\u021bie, acestea sunt supuse unor temperaturi ridicate, ceea ce \u00eembun\u0103t\u0103\u021be\u0219te calitatea, cre\u0219te rezisten\u021ba \u0219i minimizeaz\u0103 elasticitatea. Fr\u00e2nghiile sunt potrivite ma\u0219inilor de tuns iarba, motocoase, motofier\u0103straie \u0219i utilaje de construc\u021bie. Dimensiunile disponibile ale funiilor de start sunt lungimile de 50m sau 100m, cu grosimi de la 2,5mm la 6,0mm.<\/p>\n","protected":false},"featured_media":90,"comment_status":"closed","ping_status":"closed","template":"","meta":{"_acf_changed":false},"product_cat":[19],"product_tag":[],"class_list":{"0":"post-169","1":"product","2":"type-product","3":"status-publish","4":"has-post-thumbnail","6":"product_cat-czesci-zamienne","8":"first","9":"instock","10":"shipping-taxable","11":"product-type-simple"},"acf":[],"_links":{"self":[{"href":"https:\/\/nevada-parts.com\/ro\/wp-json\/wp\/v2\/product\/169","targetHints":{"allow":["GET"]}}],"collection":[{"href":"https:\/\/nevada-parts.com\/ro\/wp-json\/wp\/v2\/product"}],"about":[{"href":"https:\/\/nevada-parts.com\/ro\/wp-json\/wp\/v2\/types\/product"}],"replies":[{"embeddable":true,"href":"https:\/\/nevada-parts.com\/ro\/wp-json\/wp\/v2\/comments?post=169"}],"wp:featuredmedia":[{"embeddable":true,"href":"https:\/\/nevada-parts.com\/ro\/wp-json\/wp\/v2\/media\/90"}],"wp:attachment":[{"href":"https:\/\/nevada-parts.com\/ro\/wp-json\/wp\/v2\/media?parent=169"}],"wp:term":[{"taxonomy":"product_cat","embeddable":true,"href":"https:\/\/nevada-parts.com\/ro\/wp-json\/wp\/v2\/product_cat?post=169"},{"taxonomy":"product_tag","embeddable":true,"href":"https:\/\/nevada-parts.com\/ro\/wp-json\/wp\/v2\/product_tag?post=169"}],"curies":[{"name":"wp","href":"https:\/\/api.w.org\/{rel}","templated":true}]}}