{"id":158,"date":"2020-03-06T20:35:58","date_gmt":"2020-03-06T19:35:58","guid":{"rendered":"http:\/\/nevada-parts.com\/?post_type=product&#038;p=158"},"modified":"2023-12-07T21:20:19","modified_gmt":"2023-12-07T20:20:19","slug":"rozruszniki","status":"publish","type":"product","link":"https:\/\/nevada-parts.com\/ro\/produkt\/rozruszniki\/","title":{"rendered":"DEMAROARE"},"content":{"rendered":"<div id=\"pl-158\"  class=\"panel-layout\" ><div id=\"pg-158-0\"  class=\"panel-grid panel-has-style\" ><div class=\"siteorigin-panels-stretch panel-row-style panel-row-style-for-158-0\" data-stretch-type=\"full-stretched-padded\" ><div id=\"pgc-158-0-0\"  class=\"panel-grid-cell\" ><div id=\"panel-158-0-0-0\" class=\"so-panel widget widget_sow-editor panel-first-child panel-last-child\" data-index=\"0\" ><div\n\t\t\t\n\t\t\tclass=\"so-widget-sow-editor so-widget-sow-editor-base\"\n\t\t\t\n\t\t>\n<div class=\"siteorigin-widget-tinymce textwidget\">\n\t<h3><img decoding=\"async\" class=\"aligncenter wp-image-279 size-full\" src=\"http:\/\/nevada-parts.com\/wp-content\/uploads\/2020\/03\/trwalosc.png\" alt=\"\" width=\"30%\" height=\"auto\" \/><\/h3>\n<h3 style=\"text-align: center;\">DURABILITATE<\/h3>\n<p style=\"text-align: center;\">Realizat din material deosebit de calitativ<\/p>\n<\/div>\n<\/div><\/div><\/div><div id=\"pgc-158-0-1\"  class=\"panel-grid-cell\" ><div id=\"panel-158-0-1-0\" class=\"so-panel widget widget_sow-editor panel-first-child panel-last-child\" data-index=\"1\" ><div\n\t\t\t\n\t\t\tclass=\"so-widget-sow-editor so-widget-sow-editor-base\"\n\t\t\t\n\t\t>\n<div class=\"siteorigin-widget-tinymce textwidget\">\n\t<h3><img decoding=\"async\" class=\"aligncenter size-full wp-image-283\" src=\"http:\/\/nevada-parts.com\/wp-content\/uploads\/2020\/03\/wybor.png\" alt=\"\" width=\"30%\" height=\"auto\" \/><\/h3>\n<h3 style=\"text-align: center;\">SELEC\u021aIE LARG\u0102<\/h3>\n<p style=\"text-align: center;\">Gama larg\u0103 asigur\u0103 compatibilitatea cu majoritatea dispozitivelor disponibile pe pia\u021b\u0103<\/p>\n<\/div>\n<\/div><\/div><\/div><div id=\"pgc-158-0-2\"  class=\"panel-grid-cell\" ><div id=\"panel-158-0-2-0\" class=\"so-panel widget widget_sow-editor panel-first-child panel-last-child\" data-index=\"2\" ><div\n\t\t\t\n\t\t\tclass=\"so-widget-sow-editor so-widget-sow-editor-base\"\n\t\t\t\n\t\t>\n<div class=\"siteorigin-widget-tinymce textwidget\">\n\t<h3><img decoding=\"async\" class=\"aligncenter size-full wp-image-281\" src=\"http:\/\/nevada-parts.com\/wp-content\/uploads\/2020\/03\/wysoka-jakosc.png\" alt=\"\" width=\"30%\" height=\"auto\" \/><\/h3>\n<h3 style=\"text-align: center;\">CALITATE<\/h3>\n<p style=\"text-align: center;\" align=\"JUSTIFY\">Compatibilitate ideal\u0103 cu dispozitivul dumneavoastr\u0103<\/p>\n<\/div>\n<\/div><\/div><\/div><\/div><\/div><div id=\"pg-158-1\"  class=\"panel-grid panel-has-style\" ><div class=\"locals siteorigin-panels-stretch panel-row-style panel-row-style-for-158-1\" data-stretch-type=\"full-stretched-padded\" ><div id=\"pgc-158-1-0\"  class=\"panel-grid-cell\" ><div id=\"panel-158-1-0-0\" class=\"so-panel widget widget_sow-editor panel-first-child panel-last-child\" data-index=\"3\" ><div class=\"panel-widget-style panel-widget-style-for-158-1-0-0\" ><div\n\t\t\t\n\t\t\tclass=\"so-widget-sow-editor so-widget-sow-editor-base\"\n\t\t\t\n\t\t>\n<div class=\"siteorigin-widget-tinymce textwidget\">\n\t<h3><span style=\"font-weight: black;\">NEVADA<\/span> \u00een magazine<\/h3>\nDescoperi\u021bi re\u021beaua noastr\u0103 de parteneri unde ne pute\u021bi g\u0103si produsele\n<p style=\"margin: 0;\"><a class=\"white-button\" href=\"http:\/\/nevada-parts.com\/nevada-w-sklepach\/\">MAI DEPARTE<\/a><\/p><\/div>\n<\/div><\/div><\/div><\/div><div id=\"pgc-158-1-1\"  class=\"panel-grid-cell\" ><div id=\"panel-158-1-1-0\" class=\"so-panel widget widget_sow-editor panel-first-child panel-last-child\" data-index=\"4\" ><div\n\t\t\t\n\t\t\tclass=\"so-widget-sow-editor so-widget-sow-editor-base\"\n\t\t\t\n\t\t>\n<div class=\"siteorigin-widget-tinymce textwidget\">\n\t<img decoding=\"async\" class=\"aligncenter size-full wp-image-240\" src=\"http:\/\/nevada-parts.com\/wp-content\/uploads\/2020\/03\/Nevada-lada-compressed-outside.png\" alt=\"\" width=\"100%\" height=\"auto\" \/><\/div>\n<\/div><\/div><\/div><\/div><\/div><\/div>","protected":false},"excerpt":{"rendered":"<p>Marca Nevada prezint\u0103 o varietate larg\u0103 a demaroarelor. Acestea asigur\u0103 pornirea u\u0219oar\u0103 \u0219i rapid\u0103 a echipamentelor. Produsele sunt fabricate din materiale de calitate deosebit\u0103, garant\u00e2nd o func\u021bionare des\u0103v\u00e2r\u0219it\u0103. Cu demarorul Nevada, pornirea dispozitivului nu a fost niciodat\u0103 at\u00e2t de simpl\u0103.<\/p>\n","protected":false},"featured_media":370,"comment_status":"closed","ping_status":"closed","template":"","meta":{"_acf_changed":false},"product_cat":[19],"product_tag":[],"class_list":{"0":"post-158","1":"product","2":"type-product","3":"status-publish","4":"has-post-thumbnail","6":"product_cat-czesci-zamienne","8":"first","9":"instock","10":"shipping-taxable","11":"product-type-simple"},"acf":[],"_links":{"self":[{"href":"https:\/\/nevada-parts.com\/ro\/wp-json\/wp\/v2\/product\/158","targetHints":{"allow":["GET"]}}],"collection":[{"href":"https:\/\/nevada-parts.com\/ro\/wp-json\/wp\/v2\/product"}],"about":[{"href":"https:\/\/nevada-parts.com\/ro\/wp-json\/wp\/v2\/types\/product"}],"replies":[{"embeddable":true,"href":"https:\/\/nevada-parts.com\/ro\/wp-json\/wp\/v2\/comments?post=158"}],"wp:featuredmedia":[{"embeddable":true,"href":"https:\/\/nevada-parts.com\/ro\/wp-json\/wp\/v2\/media\/370"}],"wp:attachment":[{"href":"https:\/\/nevada-parts.com\/ro\/wp-json\/wp\/v2\/media?parent=158"}],"wp:term":[{"taxonomy":"product_cat","embeddable":true,"href":"https:\/\/nevada-parts.com\/ro\/wp-json\/wp\/v2\/product_cat?post=158"},{"taxonomy":"product_tag","embeddable":true,"href":"https:\/\/nevada-parts.com\/ro\/wp-json\/wp\/v2\/product_tag?post=158"}],"curies":[{"name":"wp","href":"https:\/\/api.w.org\/{rel}","templated":true}]}}