{"id":134,"date":"2020-03-06T20:19:43","date_gmt":"2020-03-06T19:19:43","guid":{"rendered":"http:\/\/nevada-parts.com\/?post_type=product&#038;p=134"},"modified":"2023-12-07T21:24:28","modified_gmt":"2023-12-07T20:24:28","slug":"filtry-powietrza","status":"publish","type":"product","link":"https:\/\/nevada-parts.com\/ro\/produkt\/filtry-powietrza\/","title":{"rendered":"FILTRE DE AER"},"content":{"rendered":"<div id=\"pl-134\"  class=\"panel-layout\" ><div id=\"pg-134-0\"  class=\"panel-grid panel-has-style\" ><div class=\"siteorigin-panels-stretch panel-row-style panel-row-style-for-134-0\" data-stretch-type=\"full-stretched-padded\" ><div id=\"pgc-134-0-0\"  class=\"panel-grid-cell\" ><div id=\"panel-134-0-0-0\" class=\"so-panel widget widget_sow-editor panel-first-child panel-last-child\" data-index=\"0\" ><div\n\t\t\t\n\t\t\tclass=\"so-widget-sow-editor so-widget-sow-editor-base\"\n\t\t\t\n\t\t>\n<div class=\"siteorigin-widget-tinymce textwidget\">\n\t<h3><img decoding=\"async\" class=\"aligncenter size-full wp-image-281\" src=\"http:\/\/nevada-parts.com\/wp-content\/uploads\/2020\/03\/trwalosc.png\" alt=\"\" width=\"30%\" height=\"auto\" \/><\/h3>\n<h3 style=\"text-align: center;\">DURABILITATE<\/h3>\n<p style=\"text-align: center;\" align=\"JUSTIFY\">Fabricat din materiale de \u00eenalt\u0103 calitate<\/p>\n<\/div>\n<\/div><\/div><\/div><div id=\"pgc-134-0-1\"  class=\"panel-grid-cell\" ><div id=\"panel-134-0-1-0\" class=\"so-panel widget widget_sow-editor panel-first-child panel-last-child\" data-index=\"1\" ><div\n\t\t\t\n\t\t\tclass=\"so-widget-sow-editor so-widget-sow-editor-base\"\n\t\t\t\n\t\t>\n<div class=\"siteorigin-widget-tinymce textwidget\">\n\t<h3><img decoding=\"async\" class=\"aligncenter size-full wp-image-280\" src=\"http:\/\/nevada-parts.com\/wp-content\/uploads\/2020\/03\/niezawodnosc.png\" alt=\"\" width=\"30%\" height=\"auto\" \/><\/h3>\n<h3 style=\"text-align: center;\">FIABILITATE<\/h3>\n<p style=\"text-align: center;\">Debit excelent de aer curat<\/p>\n<\/div>\n<\/div><\/div><\/div><div id=\"pgc-134-0-2\"  class=\"panel-grid-cell\" ><div id=\"panel-134-0-2-0\" class=\"so-panel widget widget_sow-editor panel-first-child panel-last-child\" data-index=\"2\" ><div\n\t\t\t\n\t\t\tclass=\"so-widget-sow-editor so-widget-sow-editor-base\"\n\t\t\t\n\t\t>\n<div class=\"siteorigin-widget-tinymce textwidget\">\n\t<h3><img decoding=\"async\" class=\"aligncenter wp-image-279 size-full\" src=\"http:\/\/nevada-parts.com\/wp-content\/uploads\/2020\/03\/ochrona.png\" alt=\"\" width=\"30%\" height=\"auto\" \/><\/h3>\n<h3 style=\"text-align: center;\">SIGURAN\u021a\u0102<\/h3>\n<p style=\"text-align: center;\">Protejeaz\u0103 \u00eempotriva contamin\u0103rii nedorite<\/p>\n<\/div>\n<\/div><\/div><\/div><\/div><\/div><div id=\"pg-134-1\"  class=\"panel-grid panel-has-style\" ><div class=\"siteorigin-panels-stretch panel-row-style panel-row-style-for-134-1\" data-stretch-type=\"full-stretched-padded\" ><div id=\"pgc-134-1-0\"  class=\"panel-grid-cell\" ><div id=\"panel-134-1-0-0\" class=\"so-panel widget widget_sow-editor panel-first-child panel-last-child\" data-index=\"3\" ><div\n\t\t\t\n\t\t\tclass=\"so-widget-sow-editor so-widget-sow-editor-base\"\n\t\t\t\n\t\t>\n<div class=\"siteorigin-widget-tinymce textwidget\">\n\t<h3><img decoding=\"async\" class=\"aligncenter size-full wp-image-283\" src=\"http:\/\/nevada-parts.com\/wp-content\/uploads\/2020\/03\/wybor.png\" alt=\"\" width=\"30%\" height=\"auto\" \/><\/h3>\n<h3 style=\"text-align: center;\">SELEC\u021aIE LARG\u0102<\/h3>\n<p style=\"text-align: center;\">Gama larg\u0103 de filtre de aer va asigura potrivirea majorit\u0103\u021bii tipurilor de echipamente de gr\u0103din\u0103 \u0219i silvicultur\u0103<\/p>\n<\/div>\n<\/div><\/div><\/div><div id=\"pgc-134-1-1\"  class=\"panel-grid-cell panel-grid-cell-empty panel-grid-cell-mobile-last\" ><\/div><div id=\"pgc-134-1-2\"  class=\"panel-grid-cell panel-grid-cell-empty\" ><\/div><\/div><\/div><div id=\"pg-134-2\"  class=\"panel-grid panel-has-style\" ><div class=\"locals siteorigin-panels-stretch panel-row-style panel-row-style-for-134-2\" data-stretch-type=\"full-stretched-padded\" ><div id=\"pgc-134-2-0\"  class=\"panel-grid-cell\" ><div id=\"panel-134-2-0-0\" class=\"so-panel widget widget_sow-editor panel-first-child panel-last-child\" data-index=\"4\" ><div class=\"panel-widget-style panel-widget-style-for-134-2-0-0\" ><div\n\t\t\t\n\t\t\tclass=\"so-widget-sow-editor so-widget-sow-editor-base\"\n\t\t\t\n\t\t>\n<div class=\"siteorigin-widget-tinymce textwidget\">\n\t<h3><span style=\"font-weight: black;\">NEVADA<\/span> \u00een magazine<\/h3>\nDescoperi\u021bi re\u021beaua noastr\u0103 de parteneri unde ne pute\u021bi g\u0103si produsele\n<p style=\"margin: 0;\"><a class=\"white-button\" href=\"http:\/\/nevada-parts.com\/nevada-w-sklepach\/\">MAI DEPARTE<\/a><\/p><\/div>\n<\/div><\/div><\/div><\/div><div id=\"pgc-134-2-1\"  class=\"panel-grid-cell\" ><div id=\"panel-134-2-1-0\" class=\"so-panel widget widget_sow-editor panel-first-child panel-last-child\" data-index=\"5\" ><div\n\t\t\t\n\t\t\tclass=\"so-widget-sow-editor so-widget-sow-editor-base\"\n\t\t\t\n\t\t>\n<div class=\"siteorigin-widget-tinymce textwidget\">\n\t<img decoding=\"async\" class=\"aligncenter size-full wp-image-240\" src=\"http:\/\/nevada-parts.com\/wp-content\/uploads\/2020\/03\/Nevada-lada-compressed-outside.png\" alt=\"\" width=\"100%\" height=\"auto\" \/><\/div>\n<\/div><\/div><\/div><\/div><\/div><\/div>","protected":false},"excerpt":{"rendered":"<p>Filtrele de aer capteaz\u0103 contaminan\u021bii prezen\u021bi \u00een aerul exterior. Sunt fabricate din materiale de \u00eenalt\u0103 calitate, garant\u00e2nd o durat\u0103 lung\u0103 de via\u021b\u0103 a acestora. Filtrele sunt elemente consumabile ce au un impact semnificativ asupra calit\u0103\u021bii func\u021bion\u0103rii motorului. Condi\u021bia \u0219i starea de contaminare trebuie controlat\u0103 sistematic, iar, dac\u0103 este necesar, filtrul vechi trebuie \u00eenlocuit cu altul nou. Gama de filtre de aer Nevada v\u0103 permite s\u0103 g\u0103si\u021bi filtrul potrivit ma\u0219inii dumneavoastr\u0103 de gr\u0103din\u0103rit sau silvicultur\u0103.<\/p>\n","protected":false},"featured_media":87,"comment_status":"closed","ping_status":"closed","template":"","meta":{"_acf_changed":false},"product_cat":[19],"product_tag":[],"class_list":{"0":"post-134","1":"product","2":"type-product","3":"status-publish","4":"has-post-thumbnail","6":"product_cat-czesci-zamienne","8":"first","9":"instock","10":"shipping-taxable","11":"product-type-simple"},"acf":[],"_links":{"self":[{"href":"https:\/\/nevada-parts.com\/ro\/wp-json\/wp\/v2\/product\/134","targetHints":{"allow":["GET"]}}],"collection":[{"href":"https:\/\/nevada-parts.com\/ro\/wp-json\/wp\/v2\/product"}],"about":[{"href":"https:\/\/nevada-parts.com\/ro\/wp-json\/wp\/v2\/types\/product"}],"replies":[{"embeddable":true,"href":"https:\/\/nevada-parts.com\/ro\/wp-json\/wp\/v2\/comments?post=134"}],"wp:featuredmedia":[{"embeddable":true,"href":"https:\/\/nevada-parts.com\/ro\/wp-json\/wp\/v2\/media\/87"}],"wp:attachment":[{"href":"https:\/\/nevada-parts.com\/ro\/wp-json\/wp\/v2\/media?parent=134"}],"wp:term":[{"taxonomy":"product_cat","embeddable":true,"href":"https:\/\/nevada-parts.com\/ro\/wp-json\/wp\/v2\/product_cat?post=134"},{"taxonomy":"product_tag","embeddable":true,"href":"https:\/\/nevada-parts.com\/ro\/wp-json\/wp\/v2\/product_tag?post=134"}],"curies":[{"name":"wp","href":"https:\/\/api.w.org\/{rel}","templated":true}]}}