{"id":128,"date":"2020-03-06T19:58:49","date_gmt":"2020-03-06T18:58:49","guid":{"rendered":"http:\/\/nevada-parts.com\/?post_type=product&#038;p=128"},"modified":"2023-12-07T18:15:18","modified_gmt":"2023-12-07T17:15:18","slug":"akumulatory","status":"publish","type":"product","link":"https:\/\/nevada-parts.com\/ro\/produkt\/akumulatory\/","title":{"rendered":"BATERII"},"content":{"rendered":"<div id=\"pl-128\"  class=\"panel-layout\" ><div id=\"pg-128-0\"  class=\"panel-grid panel-has-style\" ><div class=\"siteorigin-panels-stretch panel-row-style panel-row-style-for-128-0\" data-stretch-type=\"full-stretched-padded\" ><div id=\"pgc-128-0-0\"  class=\"panel-grid-cell\" ><div id=\"panel-128-0-0-0\" class=\"so-panel widget widget_sow-editor panel-first-child panel-last-child\" data-index=\"0\" ><div\n\t\t\t\n\t\t\tclass=\"so-widget-sow-editor so-widget-sow-editor-base\"\n\t\t\t\n\t\t>\n<div class=\"siteorigin-widget-tinymce textwidget\">\n\t<h3><img decoding=\"async\" class=\"aligncenter wp-image-279 size-full\" src=\"http:\/\/nevada-parts.com\/wp-content\/uploads\/2020\/03\/ochrona.png\" alt=\"\" width=\"30%\" height=\"auto\" \/><\/h3>\n<h3 style=\"text-align: center;\">SIGURAN\u021a\u0102<\/h3>\n<p style=\"text-align: center;\">F\u0103r\u0103 electrolit lichid<\/p>\n<\/div>\n<\/div><\/div><\/div><div id=\"pgc-128-0-1\"  class=\"panel-grid-cell\" ><div id=\"panel-128-0-1-0\" class=\"so-panel widget widget_sow-editor panel-first-child panel-last-child\" data-index=\"1\" ><div\n\t\t\t\n\t\t\tclass=\"so-widget-sow-editor so-widget-sow-editor-base\"\n\t\t\t\n\t\t>\n<div class=\"siteorigin-widget-tinymce textwidget\">\n\t<h3><img decoding=\"async\" class=\"aligncenter size-full wp-image-281\" src=\"http:\/\/nevada-parts.com\/wp-content\/uploads\/2020\/03\/wygoda.png\" alt=\"\" width=\"30%\" height=\"auto\" \/><\/h3>\n<h3 style=\"text-align: center;\">CONFORT LA LUCRU<\/h3>\n<p style=\"text-align: center;\" align=\"JUSTIFY\">Gata de lucru imediat dup\u0103 despachetare<\/p>\n<\/div>\n<\/div><\/div><\/div><div id=\"pgc-128-0-2\"  class=\"panel-grid-cell\" ><div id=\"panel-128-0-2-0\" class=\"so-panel widget widget_sow-editor panel-first-child panel-last-child\" data-index=\"2\" ><div\n\t\t\t\n\t\t\tclass=\"so-widget-sow-editor so-widget-sow-editor-base\"\n\t\t\t\n\t\t>\n<div class=\"siteorigin-widget-tinymce textwidget\">\n\t<h3><img decoding=\"async\" class=\"aligncenter size-full wp-image-280\" src=\"http:\/\/nevada-parts.com\/wp-content\/uploads\/2020\/03\/niezawodnosc.png\" alt=\"\" width=\"30%\" height=\"auto\" \/><\/h3>\n<h3 style=\"text-align: center;\">FIABILITATE<\/h3>\n<p style=\"text-align: center;\">F\u0103r\u0103 \u00eentre\u021binere datorit\u0103 tehnologiei AGM<\/p>\n<\/div>\n<\/div><\/div><\/div><\/div><\/div><div id=\"pg-128-1\"  class=\"panel-grid panel-has-style\" ><div class=\"siteorigin-panels-stretch panel-row-style panel-row-style-for-128-1\" data-stretch-type=\"full-stretched-padded\" ><div id=\"pgc-128-1-0\"  class=\"panel-grid-cell\" ><div id=\"panel-128-1-0-0\" class=\"so-panel widget widget_sow-editor panel-first-child panel-last-child\" data-index=\"3\" ><div\n\t\t\t\n\t\t\tclass=\"so-widget-sow-editor so-widget-sow-editor-base\"\n\t\t\t\n\t\t>\n<div class=\"siteorigin-widget-tinymce textwidget\">\n\t<h3><img decoding=\"async\" class=\"aligncenter size-full wp-image-283\" src=\"http:\/\/nevada-parts.com\/wp-content\/uploads\/2020\/03\/wysoka-jakosc.png\" alt=\"\" width=\"30%\" height=\"auto\" \/><\/h3>\n<h3 style=\"text-align: center;\">CALITATE<\/h3>\n<p style=\"text-align: center;\">Fabricat din materiale de \u00eenalt\u0103 calitate.<\/p>\n<\/div>\n<\/div><\/div><\/div><div id=\"pgc-128-1-1\"  class=\"panel-grid-cell panel-grid-cell-empty panel-grid-cell-mobile-last\" ><\/div><div id=\"pgc-128-1-2\"  class=\"panel-grid-cell panel-grid-cell-empty\" ><\/div><\/div><\/div><div id=\"pg-128-2\"  class=\"panel-grid panel-has-style\" ><div class=\"locals siteorigin-panels-stretch panel-row-style panel-row-style-for-128-2\" data-stretch-type=\"full-stretched-padded\" ><div id=\"pgc-128-2-0\"  class=\"panel-grid-cell\" ><div id=\"panel-128-2-0-0\" class=\"so-panel widget widget_sow-editor panel-first-child panel-last-child\" data-index=\"4\" ><div class=\"panel-widget-style panel-widget-style-for-128-2-0-0\" ><div\n\t\t\t\n\t\t\tclass=\"so-widget-sow-editor so-widget-sow-editor-base\"\n\t\t\t\n\t\t>\n<div class=\"siteorigin-widget-tinymce textwidget\">\n\t<h3><span style=\"font-weight: black;\">NEVADA<\/span> \u00een magazine<\/h3>\nDescoperi\u021bi re\u021beaua noastr\u0103 de parteneri unde ne pute\u021bi g\u0103si produsele\n<p style=\"margin: 0;\"><a class=\"white-button\" href=\"http:\/\/nevada-parts.com\/nevada-w-sklepach\/\">MAI DEPARTE<\/a><\/p><\/div>\n<\/div><\/div><\/div><\/div><div id=\"pgc-128-2-1\"  class=\"panel-grid-cell\" ><div id=\"panel-128-2-1-0\" class=\"so-panel widget widget_sow-editor panel-first-child panel-last-child\" data-index=\"5\" ><div\n\t\t\t\n\t\t\tclass=\"so-widget-sow-editor so-widget-sow-editor-base\"\n\t\t\t\n\t\t>\n<div class=\"siteorigin-widget-tinymce textwidget\">\n\t<img decoding=\"async\" class=\"aligncenter size-full wp-image-240\" src=\"http:\/\/nevada-parts.com\/wp-content\/uploads\/2020\/03\/Nevada-lada-compressed-outside.png\" alt=\"\" width=\"100%\" height=\"auto\" \/><\/div>\n<\/div><\/div><\/div><\/div><\/div><\/div>","protected":false},"excerpt":{"rendered":"<p>Bateriile Nevada se caracterizeaz\u0103 printr-o calitate excep\u021bional\u0103 \u0219i performan\u021be de lung\u0103 durat\u0103 \u0219i asigur\u0103 o pornire u\u0219oar\u0103. Oferta include baterii clasice cu gel \u0219i baterii AGM no-service.<\/p>\n","protected":false},"featured_media":131,"comment_status":"closed","ping_status":"closed","template":"","meta":{"_acf_changed":false},"product_cat":[22],"product_tag":[],"class_list":{"0":"post-128","1":"product","2":"type-product","3":"status-publish","4":"has-post-thumbnail","6":"product_cat-akumulatory","8":"first","9":"instock","10":"shipping-taxable","11":"product-type-simple"},"acf":[],"_links":{"self":[{"href":"https:\/\/nevada-parts.com\/ro\/wp-json\/wp\/v2\/product\/128","targetHints":{"allow":["GET"]}}],"collection":[{"href":"https:\/\/nevada-parts.com\/ro\/wp-json\/wp\/v2\/product"}],"about":[{"href":"https:\/\/nevada-parts.com\/ro\/wp-json\/wp\/v2\/types\/product"}],"replies":[{"embeddable":true,"href":"https:\/\/nevada-parts.com\/ro\/wp-json\/wp\/v2\/comments?post=128"}],"wp:featuredmedia":[{"embeddable":true,"href":"https:\/\/nevada-parts.com\/ro\/wp-json\/wp\/v2\/media\/131"}],"wp:attachment":[{"href":"https:\/\/nevada-parts.com\/ro\/wp-json\/wp\/v2\/media?parent=128"}],"wp:term":[{"taxonomy":"product_cat","embeddable":true,"href":"https:\/\/nevada-parts.com\/ro\/wp-json\/wp\/v2\/product_cat?post=128"},{"taxonomy":"product_tag","embeddable":true,"href":"https:\/\/nevada-parts.com\/ro\/wp-json\/wp\/v2\/product_tag?post=128"}],"curies":[{"name":"wp","href":"https:\/\/api.w.org\/{rel}","templated":true}]}}