{"id":38,"date":"2020-03-06T00:28:44","date_gmt":"2020-03-05T23:28:44","guid":{"rendered":"http:\/\/nevada-parts.com\/?page_id=38"},"modified":"2020-09-15T16:20:00","modified_gmt":"2020-09-15T14:20:00","slug":"nevada-w-sklepach-castorama","status":"publish","type":"page","link":"https:\/\/nevada-parts.com\/ro\/nevada-w-sklepach\/nevada-w-sklepach-castorama\/","title":{"rendered":"NEVADA w sklepach CASTORAMA"},"content":{"rendered":"<div id=\"pl-38\"  class=\"panel-layout\" ><div id=\"pg-38-0\"  class=\"panel-grid panel-has-style\" ><div class=\"siteorigin-panels-stretch panel-row-style panel-row-style-for-38-0\" data-stretch-type=\"full-stretched-padded\" ><div id=\"pgc-38-0-0\"  class=\"panel-grid-cell\" ><div id=\"panel-38-0-0-0\" class=\"so-panel widget widget_sow-editor panel-first-child panel-last-child\" data-index=\"0\" ><div\n\t\t\t\n\t\t\tclass=\"so-widget-sow-editor so-widget-sow-editor-base\"\n\t\t\t\n\t\t>\n<div class=\"siteorigin-widget-tinymce textwidget\">\n\t<iframe loading=\"lazy\" src=\"https:\/\/www.google.com\/maps\/d\/embed?mid=1VAggS-HugTHrvF6RBMfOdP41S1qvOk-4\" width=\"100%\" height=\"480\"><\/iframe><\/div>\n<\/div><\/div><\/div><\/div><\/div><div id=\"pg-38-1\"  class=\"panel-grid panel-no-style\" ><div id=\"pgc-38-1-0\"  class=\"panel-grid-cell\" ><div id=\"panel-38-1-0-0\" class=\"so-panel widget widget_sow-editor panel-first-child panel-last-child\" data-index=\"1\" ><div class=\"panel-widget-style panel-widget-style-for-38-1-0-0\" ><div\n\t\t\t\n\t\t\tclass=\"so-widget-sow-editor so-widget-sow-editor-base\"\n\t\t\t\n\t\t>\n<div class=\"siteorigin-widget-tinymce textwidget\">\n\t<p><strong>Bia\u0142ystok<\/strong><br \/>\nul. Narodowych Si\u0142 Zbrojnych 13,<br \/>\n15-690 Bia\u0142ystok<\/p>\n<p><strong>Bielsko-Bia\u0142a<\/strong><br \/>\nul. Warszawska 186,<br \/>\n43-300 Bielsko-Bia\u0142a<\/p>\n<p><strong>Bydgoszcz<\/strong><br \/>\nul. Szubi\u0144ska 5,<br \/>\n85-312 Bydgoszcz<\/p>\n<p><strong>Bydgoszcz Szajnochy<\/strong><br \/>\nul. Szajnochy 1,<br \/>\n85-738 Bydgoszcz<\/p>\n<p><strong>Bytom<\/strong><br \/>\nul. Jana Nowaka-Jeziora\u0144skiego 27,<br \/>\n41-923 Bytom<\/p>\n<p><strong>Che\u0142m<\/strong><br \/>\nul. Rejowiecka 179A,<br \/>\n22-100 Che\u0142m<\/p>\n<p><strong>Chorz\u00f3w<\/strong><br \/>\nul. Sportowa 31,<br \/>\n41-500 Chorz\u00f3w<\/p>\n<p><strong>Ciechan\u00f3w - W\u0142adys\u0142awowo<\/strong><br \/>\nul. W\u0142adys\u0142awowo 68,<br \/>\n06-406 Opinog\u00f3ra G\u00f3rna<\/p>\n<p><strong>Cieszyn<\/strong><br \/>\nul. Graniczna 80,<br \/>\n43-400 Cieszyn<\/p>\n<p><strong>Cz\u0119stochowa<\/strong><br \/>\nul. Jana Paw\u0142a II 2,<br \/>\n42-200 Cz\u0119stochowa<\/p>\n<p><strong>Elbl\u0105g<\/strong><br \/>\nul. \u017bu\u0142awska 25,<br \/>\n82-300 Elbl\u0105g<\/p>\n<p><strong>E\u0142k<\/strong><br \/>\nul. Ciep\u0142a 2,<br \/>\n19-300 E\u0142k<\/p>\n<p><strong>Gda\u0144sk Oliwa<\/strong><br \/>\nul. Grunwaldzka 262,<br \/>\n80-314 Gda\u0144sk<\/p>\n<p><strong>Gda\u0144sk Osowa<\/strong><br \/>\nul. Odyseusza 2,<br \/>\n80-299 Gda\u0144sk<\/p>\n<p><strong>Gliwice<\/strong><br \/>\nul. Pszczy\u0144ska 315,<br \/>\n44-100 Gliwice<\/p>\n<p><strong>G\u0142og\u00f3w<\/strong><br \/>\nul. Ks. J. Poniatowskiego 10,<br \/>\n67-200 G\u0142og\u00f3w<\/p>\n<p><strong>Gniezno<\/strong><br \/>\nul. Pa\u0142ucka 1,<br \/>\n62-200 Gniezno<\/p>\n<p><strong>Gorz\u00f3w Wielkopolski<\/strong><br \/>\nul. Czartoryskiego 1,<br \/>\n6-400 Gorz\u00f3w Wielkopolski<\/p>\n<p><strong>Grudzi\u0105dz<\/strong><br \/>\nul. Konarskiego 47,<br \/>\n86-300 Grudzi\u0105dz<\/p>\n<p><strong>Jelenia G\u00f3ra<\/strong><br \/>\nul. Jana Paw\u0142a II 11,<br \/>\n58-506 Jelenia G\u00f3ra<\/p>\n<p><strong>Kalisz<\/strong><br \/>\nul. Tylna 17-23,<br \/>\n62-800 Kalisz<\/p>\n<\/div>\n<\/div><\/div><\/div><\/div><div id=\"pgc-38-1-1\"  class=\"panel-grid-cell\" ><div id=\"panel-38-1-1-0\" class=\"so-panel widget widget_sow-editor panel-first-child panel-last-child\" data-index=\"2\" ><div class=\"panel-widget-style panel-widget-style-for-38-1-1-0\" ><div\n\t\t\t\n\t\t\tclass=\"so-widget-sow-editor so-widget-sow-editor-base\"\n\t\t\t\n\t\t>\n<div class=\"siteorigin-widget-tinymce textwidget\">\n\t<p><strong>Katowice<\/strong><br \/>\nul. Ro\u017adzie\u0144skiego 198,<br \/>\n40-315 Katowice<\/p>\n<p><strong>K\u0119dzierzyn Ko\u017ale<\/strong><br \/>\nul. Armii Krajowej 40,<br \/>\n47-200 K\u0119dzierzyn Ko\u017ale<\/p>\n<p><strong>Kielce<\/strong><br \/>\nul. Wrzosowa 42,<br \/>\n25-211 Kielce<\/p>\n<p><strong>Konin - Stare Miasto<\/strong><br \/>\nul. Ogrodowa 31,<br \/>\n62-571 Stare Miasto<\/p>\n<p><strong>Koszalin<\/strong><br \/>\nul. Paderewskiego 2,<br \/>\n75-736 Koszalin<\/p>\n<p><strong>Krak\u00f3w Bronowice<\/strong><br \/>\nul. Sosnowiecka 147,<br \/>\n31-345 Krak\u00f3w<\/p>\n<p><strong>Krak\u00f3w Pilot\u00f3w<\/strong><br \/>\nul. Pilot\u00f3w 6,<br \/>\n31-462 Krak\u00f3w<\/p>\n<p><strong>Krak\u00f3w Podg\u00f3rze<\/strong><br \/>\nul. Walerego S\u0142awka 1,<br \/>\n30-633 Krak\u00f3w<\/p>\n<p><strong>Krak\u00f3w Zakopianka<\/strong><br \/>\nul. Zakopia\u0144ska 62,<br \/>\n30-418 Krak\u00f3w<\/p>\n<p><strong>Legnica<\/strong><br \/>\nul. Roberta Schumana 9,<br \/>\n59-220 Legnica<\/p>\n<p><strong>Leszno<\/strong><br \/>\nul. Konstytucji 3 Maja 12,<br \/>\n64-100 Leszno<\/p>\n<p><strong>Lubin<\/strong><br \/>\nul. Komisji Edukacji Narodowej 1,<br \/>\n59-300 Lubin<\/p>\n<p><strong>Lublin<\/strong><br \/>\nul. Me\u0142giewska 16 c,<br \/>\n59-300 Lubin<\/p>\n<p><strong>\u0141\u00f3d\u017a Piekarnia<\/strong><br \/>\nul. Wr\u00f3blewskiego 31,<br \/>\n93-566 \u0141\u00f3d\u017a<\/p>\n<p><strong>\u0141\u00f3d\u017a Widzew<\/strong><br \/>\nul. Wydawnicza 13,<br \/>\n92-333 \u0141\u00f3d\u017a<\/p>\n<p><strong>\u0141\u00f3d\u017a Zgierska<\/strong><br \/>\nul. Sikorskiego 2\/6,<br \/>\n91-497 \u0141\u00f3d\u017a<\/p>\n<p><strong>Mi\u0144sk Mazowiecki<\/strong><br \/>\nStojad\u0142a ul. Warszawska 63b,<br \/>\n05-300 Stojad\u0142a<\/p>\n<p><strong>Nowy S\u0105cz<\/strong><br \/>\nUl. W\u0119gierska 78<br \/>\n33-300 Nowy S\u0105cz<\/p>\n<p><strong>Nowy Targ<\/strong><br \/>\nul. Szaflarska 176,<br \/>\n34-400 Nowy Targ<\/p>\n<p><strong>Nysa<\/strong><br \/>\nul. Zygmunta Krasi\u0144skiego 31,<br \/>\n48-303 Nysa<\/p>\n<p><strong>Opole<\/strong><br \/>\nul. Wiejska 141a,<br \/>\n45-240 Opole<\/p>\n<\/div>\n<\/div><\/div><\/div><\/div><div id=\"pgc-38-1-2\"  class=\"panel-grid-cell\" ><div id=\"panel-38-1-2-0\" class=\"so-panel widget widget_sow-editor panel-first-child panel-last-child\" data-index=\"3\" ><div class=\"panel-widget-style panel-widget-style-for-38-1-2-0\" ><div\n\t\t\t\n\t\t\tclass=\"so-widget-sow-editor so-widget-sow-editor-base\"\n\t\t\t\n\t\t>\n<div class=\"siteorigin-widget-tinymce textwidget\">\n\t<p><strong>Ostrowiec \u015awi\u0119tokrzyski<\/strong><br \/>\nul. Stefana \u017beromskiego 13,<br \/>\n27-400 Ostrowiec \u015awi\u0119tokrzyski<\/p>\n<p><strong>O\u015bwi\u0119cim<\/strong><br \/>\nul. Zatorska 1,<br \/>\n32-600 O\u015bwi\u0119cim<\/p>\n<p><strong>Pabianice<\/strong><br \/>\nul. Grota Roweckiego 8a,<br \/>\n95-200 Pabianice<\/p>\n<p><strong>Pozna\u0144 Komorniki<\/strong><br \/>\nul. Haliny Konopackiej 20,<br \/>\n60-002 Pozna\u0144<\/p>\n<p><strong>Pozna\u0144 Murawa<\/strong><br \/>\nul. Murawa 39,<br \/>\n61-655 Pozna\u0144<\/p>\n<p><strong>Przemy\u015bl<\/strong><br \/>\nul. Lwowska 17,<br \/>\n37-700 Przemy\u015bl<\/p>\n<p><strong>Pu\u0142awy - Bricodepot<\/strong><br \/>\nul. Genera\u0142a Fieldorfa Nila 20,<br \/>\n24-100 Pu\u0142awy<\/p>\n<p><strong>Racib\u00f3rz<\/strong><br \/>\nul. Rybnicka 95,<br \/>\n47-400 Racib\u00f3rz<\/p>\n<p><strong>Radom<\/strong><br \/>\nul. Energetyk\u00f3w 1,<br \/>\n26-613 Radom<\/p>\n<p><strong>Rumia<\/strong><br \/>\nul. Grunwaldzka 5,<br \/>\n84-230 Rumia<\/p>\n<p><strong>Rybnik<\/strong><br \/>\nul. Obwiednia P\u00f3\u0142nocna 21,<br \/>\n44-200 Rybnik<\/p>\n<p><strong>Rzesz\u00f3w<\/strong><br \/>\nul. Rejtana 67,<br \/>\n35-326 Rzesz\u00f3w<\/p>\n<p><strong>Siedlce<\/strong><br \/>\nUl. \u0141ukowska 113<br \/>\n08-110 Siedlce<\/p>\n<p><strong>Skar\u017cysko-Kamienna<\/strong><br \/>\nul. J\u00f3zefa Pi\u0142sudskiego 2,<br \/>\n26-110 Skar\u017cysko-Kamienna<\/p>\n<p><strong>Skierniewice<\/strong><br \/>\nul. Wyszy\u0144skiego 10,<br \/>\n96-100 Skierniewice<\/p>\n<p><strong>S\u0142upsk<\/strong><br \/>\nul. Hubalczyk\u00f3w 2,<br \/>\n76-200 S\u0142upsk<\/p>\n<p><strong>Sosnowiec<\/strong><br \/>\nul. D\u0142ugosza 82,<br \/>\n41-219 Sosnowiec<\/p>\n<p><strong>Stargard<\/strong><br \/>\nul. Tadeusza Ko\u015bciuszki 73a,<br \/>\n73-110 Stargard<\/p>\n<p><strong>Starogard Gda\u0144ski<\/strong><br \/>\nZblewska 5,<br \/>\n83-200 Starogard Gda\u0144ski<\/p>\n<p><strong>Swarz\u0119dz<\/strong><br \/>\nul. Sienkiewicza 23,<br \/>\n62-020 Swarz\u0119dz<\/p>\n<p><strong>Szczecin Ku S\u0142o\u0144cu<\/strong><br \/>\nul. Ku S\u0142o\u0144cu 67b,<br \/>\n71-047 Szczecin<\/p>\n<\/div>\n<\/div><\/div><\/div><\/div><div id=\"pgc-38-1-3\"  class=\"panel-grid-cell\" ><div id=\"panel-38-1-3-0\" class=\"so-panel widget widget_sow-editor panel-first-child panel-last-child\" data-index=\"4\" ><div class=\"panel-widget-style panel-widget-style-for-38-1-3-0\" ><div\n\t\t\t\n\t\t\tclass=\"so-widget-sow-editor so-widget-sow-editor-base\"\n\t\t\t\n\t\t>\n<div class=\"siteorigin-widget-tinymce textwidget\">\n\t<p><strong>Szczecin Po\u0142udniowa<\/strong><br \/>\nul. Po\u0142udniowa 21,<br \/>\n71-001 Szczecin<\/p>\n<p><strong>Szczecin Struga<\/strong><br \/>\nul. Wiosenna 80,<br \/>\n70-807 Szczecin<\/p>\n<p><strong>Tarnowskie G\u00f3ry<\/strong><br \/>\nul. Obwodnica 16,<br \/>\n42-600 Tarnowskie G\u00f3ry<\/p>\n<p><strong>Tarn\u00f3w<\/strong><br \/>\nul. Nowod\u0105browska 127,<br \/>\n33-100 Tarn\u00f3w<\/p>\n<p><strong>Toru\u0144 - Bricodepot<\/strong><br \/>\nul. \u017bwirki i Wigury 88,<br \/>\n87-100 Toru\u0144<\/p>\n<p><strong>Toru\u0144 - Szosa Bydgoska<\/strong><br \/>\nul. Szosa Bydgoska 102 A,<br \/>\n87-100 Toru\u0144<\/p>\n<p><strong>Wa\u0142brzych<\/strong><br \/>\nul. H. Wieniawskiego 21,<br \/>\n58-306 Wa\u0142brzych<\/p>\n<p><strong>Warszawa Grochowska<\/strong><br \/>\nul. Grochowska 21,<br \/>\n04-186 Warszawa<\/p>\n<p><strong>Warszawa Ok\u0119cie<\/strong><br \/>\nul. Krakowska 75,<br \/>\n02-284 Warszawa<\/p>\n<p><strong>Warszawa Targ\u00f3wek<\/strong><br \/>\nul. G\u0142\u0119bocka 15a,<br \/>\n03-287 Warszawa<\/p>\n<p><strong>Warszawa W\u0142ochy<\/strong><br \/>\nul. Popularna 71,<br \/>\n02-473 Warszawa<\/p>\n<p><strong>Warszawa Wola Park<\/strong><br \/>\nul. G\u00f3rczewska 124,<br \/>\n01-460 Warszawa<\/p>\n<p><strong>Wroc\u0142aw - Bielany Wroc\u0142awskie<\/strong><br \/>\nul. Czekoladowa 3,<br \/>\n55-040 Wroc\u0142aw<\/p>\n<p><strong>Wroc\u0142aw Graniczna<\/strong><br \/>\nul. Graniczna 2a,<br \/>\n54-610 Wroc\u0142aw<\/p>\n<p><strong>Wroc\u0142aw Korona<\/strong><br \/>\nul. B. Krzywoustego 126a,<br \/>\n51-421 Wroc\u0142aw<\/p>\n<p><strong>Wroc\u0142aw Magnolia<\/strong><br \/>\nul. Legnicka 58,<br \/>\n54-204 Wroc\u0142aw<\/p>\n<p><strong>Zamo\u015b\u0107<\/strong><br \/>\nul. Dzieci Zamojszczyzny 4,<br \/>\n22-400 Zamo\u015b\u0107<\/p>\n<p><strong>Zgorzelec - \u0141ag\u00f3w<\/strong><br \/>\nul. \u0141ag\u00f3w, ul. Jeleniog\u00f3rska 77,<br \/>\n59-900 Zgorzelec<\/p>\n<p><strong>Zielona G\u00f3ra<\/strong><br \/>\nul. Wojska Polskiego 19,<br \/>\n65-077 Zielona G\u00f3ra<\/p>\n<p><strong>\u017bory<\/strong><br \/>\nul. Zjednoczonej Europy 26, 44-240 \u017bory<\/p>\n<p><strong>W\u0142oc\u0142awek<\/strong><br \/>\nul.Kapitulna 41 A<\/p>\n<\/div>\n<\/div><\/div><\/div><\/div><\/div><\/div>","protected":false},"excerpt":{"rendered":"<p>Bia\u0142ystok ul. Narodowych Si\u0142 Zbrojnych 13, 15-690 Bia\u0142ystok Bielsko-Bia\u0142a ul. Warszawska 186, 43-300 Bielsko-Bia\u0142a Bydgoszcz ul. Szubi\u0144ska 5, 85-312 Bydgoszcz Bydgoszcz Szajnochy ul. Szajnochy 1, 85-738 Bydgoszcz Bytom ul. Jana Nowaka-Jeziora\u0144skiego 27, 41-923 Bytom Che\u0142m ul. Rejowiecka 179A, 22-100 Che\u0142m Chorz\u00f3w ul. Sportowa 31, 41-500 Chorz\u00f3w Ciechan\u00f3w &#8211; W\u0142adys\u0142awowo ul. W\u0142adys\u0142awowo 68, 06-406 Opinog\u00f3ra G\u00f3rna [&hellip;]<\/p>\n","protected":false},"author":1,"featured_media":0,"parent":29,"menu_order":0,"comment_status":"closed","ping_status":"closed","template":"page-notitle.php","meta":{"_acf_changed":false,"footnotes":""},"class_list":["post-38","page","type-page","status-publish","hentry"],"acf":[],"_links":{"self":[{"href":"https:\/\/nevada-parts.com\/ro\/wp-json\/wp\/v2\/pages\/38","targetHints":{"allow":["GET"]}}],"collection":[{"href":"https:\/\/nevada-parts.com\/ro\/wp-json\/wp\/v2\/pages"}],"about":[{"href":"https:\/\/nevada-parts.com\/ro\/wp-json\/wp\/v2\/types\/page"}],"author":[{"embeddable":true,"href":"https:\/\/nevada-parts.com\/ro\/wp-json\/wp\/v2\/users\/1"}],"replies":[{"embeddable":true,"href":"https:\/\/nevada-parts.com\/ro\/wp-json\/wp\/v2\/comments?post=38"}],"version-history":[{"count":4,"href":"https:\/\/nevada-parts.com\/ro\/wp-json\/wp\/v2\/pages\/38\/revisions"}],"predecessor-version":[{"id":434,"href":"https:\/\/nevada-parts.com\/ro\/wp-json\/wp\/v2\/pages\/38\/revisions\/434"}],"up":[{"embeddable":true,"href":"https:\/\/nevada-parts.com\/ro\/wp-json\/wp\/v2\/pages\/29"}],"wp:attachment":[{"href":"https:\/\/nevada-parts.com\/ro\/wp-json\/wp\/v2\/media?parent=38"}],"curies":[{"name":"wp","href":"https:\/\/api.w.org\/{rel}","templated":true}]}}