{"id":264,"date":"2020-03-07T00:59:33","date_gmt":"2020-03-06T23:59:33","guid":{"rendered":"http:\/\/nevada-parts.com\/?page_id=264"},"modified":"2023-12-15T12:20:01","modified_gmt":"2023-12-15T11:20:01","slug":"marka-nevada","status":"publish","type":"page","link":"https:\/\/nevada-parts.com\/ro\/marka-nevada\/","title":{"rendered":"ISTORIA M\u0102RCII NEVADA"},"content":{"rendered":"<div id=\"pl-264\"  class=\"panel-layout\" ><div id=\"pg-264-0\"  class=\"panel-grid panel-has-style\" ><div class=\"panel-row-style panel-row-style-for-264-0\" ><div id=\"pgc-264-0-0\"  class=\"panel-grid-cell\" ><div id=\"panel-264-0-0-0\" class=\"so-panel widget widget_sow-editor panel-first-child panel-last-child\" data-index=\"0\" ><div\n\t\t\t\n\t\t\tclass=\"so-widget-sow-editor so-widget-sow-editor-base\"\n\t\t\t\n\t\t>\n<div class=\"siteorigin-widget-tinymce textwidget\">\n\t<p style=\"margin:0;\"><img loading=\"lazy\" decoding=\"async\" class=\"aligncenter size-full wp-image-282\" src=\"http:\/\/nevada-parts.com\/wp-content\/uploads\/2020\/03\/red.jpg\" alt=\"\" width=\"1400\" height=\"500\" srcset=\"https:\/\/nevada-parts.com\/wp-content\/uploads\/2020\/03\/red.jpg 1400w, https:\/\/nevada-parts.com\/wp-content\/uploads\/2020\/03\/red-300x107.jpg 300w, https:\/\/nevada-parts.com\/wp-content\/uploads\/2020\/03\/red-800x286.jpg 800w, https:\/\/nevada-parts.com\/wp-content\/uploads\/2020\/03\/red-1024x366.jpg 1024w, https:\/\/nevada-parts.com\/wp-content\/uploads\/2020\/03\/red-768x274.jpg 768w\" sizes=\"auto, (max-width: 1400px) 100vw, 1400px\" \/><\/p><\/div>\n<\/div><\/div><\/div><\/div><\/div><div id=\"pg-264-1\"  class=\"panel-grid panel-has-style\" ><div class=\"panel-row-style panel-row-style-for-264-1\" ><div id=\"pgc-264-1-0\"  class=\"panel-grid-cell\" ><div id=\"panel-264-1-0-0\" class=\"so-panel widget widget_sow-editor panel-first-child panel-last-child\" data-index=\"1\" ><div\n\t\t\t\n\t\t\tclass=\"so-widget-sow-editor so-widget-sow-editor-base\"\n\t\t\t\n\t\t>\n<div class=\"siteorigin-widget-tinymce textwidget\">\n\t<h3>DE LA VISE, LA REALIZARE, PE DRUMUL SPRE SUCCES\u2026<\/h3>\n<h1>ISTORIA M\u0102RCII NEVADA<\/h1>\n<\/div>\n<\/div><\/div><\/div><div id=\"pgc-264-1-1\"  class=\"panel-grid-cell\" ><div id=\"panel-264-1-1-0\" class=\"so-panel widget widget_sow-editor panel-first-child panel-last-child\" data-index=\"2\" ><div\n\t\t\t\n\t\t\tclass=\"so-widget-sow-editor so-widget-sow-editor-base\"\n\t\t\t\n\t\t>\n<div class=\"siteorigin-widget-tinymce textwidget\">\n\t<p>Aten\u021bia la detalii, calitatea superioar\u0103 \u0219i standardele \u00eenalte sunt atuurile m\u0103rcii Nevada. Aceasta a fost \u00eenfiin\u021bat\u0103 \u00een 2012 \u0219i este marca proprie a companiei poloneze Partner Sp. Z o.o. . Toate produsele ce poart\u0103 sigla NEVADA sunt fabricate din materiale de cea mai \u00eenalt\u0103 calitate. Brandul se caracterizeaz\u0103 printr-o credibilitate construit\u0103 pe funda\u021biile companiei, lider \u00een industria horticol\u0103 \u0219i forestier\u0103 \u00een Polonia din 1993. Numero\u0219ii ani de experien\u021b\u0103, cooperarea cu produc\u0103torii recunoscu\u021bi \u0219i expertiza echipei dedicate de profesioni\u0219ti ce au creat brandul, ne permit s\u0103 construim treptat statutul de expert \u00een domeniul pieselor de schimb \u0219i accesoriilor pentru echipamentele forestiere \u0219i de gr\u0103din\u0103rit. NEVADA a acceptat provocarea expansiunii interna\u021bionale \u0219i a c\u00e2\u0219tigat deja o reputa\u021bie bun\u0103, numele s\u0103u fiind recunoscut printre cele mai renumite m\u0103rci din industrie.<\/p>\n<p>\u00cen procesul de produc\u021bie, compania utilizeaz\u0103 cele mai noi tehnologii informatice, at\u00e2t \u00een etapele de proiectare, c\u00e2t \u0219i \u00een cele de dezvoltare ale produsului. Marca are ca prioritate materialele de \u00eenalt\u0103 calitate \u0219i controlul riguros a fiec\u0103rei etape a dezvolt\u0103rii produdusului.<\/p>\n<p>Liniile de produs NEVADA sunt:<\/p>\n<ul>\n<li>echipamente individuale de protec\u021bie, precum m\u0103nu\u0219i, protec\u021bie facial\u0103 \u0219i auditiv\u0103<\/li>\n<li>hamuri pentru motocoase<\/li>\n<li>accesorii, precum fire \u0219i capete cu fir de t\u0103iere<\/li>\n<li>uleiuri de motor<\/li>\n<li>canistre<\/li>\n<li>pene de dobor\u00e2re<\/li>\n<li>piese de schimb pentru gr\u0103din\u0103rit, silvicultur\u0103 \u0219i echipamente de construc\u021bii, incluz\u00e2nd pistoane, cilindri, carburatoare, angrenaje de motocoas\u0103, seturi de membrane, garnituri \u0219i multe altele.<\/li>\n<\/ul>\n<p>NEVADA \u00ee\u0219i extinde sistematic gama de produse urm\u00e2nd cele mai recente tendin\u021be din industria horticol\u0103 \u0219i forestier\u0103.<\/p>\n<\/div>\n<\/div><\/div><\/div><\/div><\/div><\/div>","protected":false},"excerpt":{"rendered":"<p>DE LA VISE, LA REALIZARE, PE DRUMUL SPRE SUCCES\u2026ISTORIA M\u0102RCII NEVADA Aten\u021bia la detalii, calitatea superioar\u0103 \u0219i standardele \u00eenalte sunt atuurile m\u0103rcii Nevada. Aceasta a fost \u00eenfiin\u021bat\u0103 \u00een 2012 \u0219i este marca proprie a companiei poloneze Partner Sp. Z o.o. . Toate produsele ce poart\u0103 sigla NEVADA sunt fabricate din materiale de cea mai \u00eenalt\u0103 [&hellip;]<\/p>\n","protected":false},"author":1,"featured_media":0,"parent":0,"menu_order":0,"comment_status":"closed","ping_status":"closed","template":"page-notitle.php","meta":{"_acf_changed":false,"footnotes":""},"class_list":["post-264","page","type-page","status-publish","hentry"],"acf":[],"_links":{"self":[{"href":"https:\/\/nevada-parts.com\/ro\/wp-json\/wp\/v2\/pages\/264","targetHints":{"allow":["GET"]}}],"collection":[{"href":"https:\/\/nevada-parts.com\/ro\/wp-json\/wp\/v2\/pages"}],"about":[{"href":"https:\/\/nevada-parts.com\/ro\/wp-json\/wp\/v2\/types\/page"}],"author":[{"embeddable":true,"href":"https:\/\/nevada-parts.com\/ro\/wp-json\/wp\/v2\/users\/1"}],"replies":[{"embeddable":true,"href":"https:\/\/nevada-parts.com\/ro\/wp-json\/wp\/v2\/comments?post=264"}],"version-history":[{"count":14,"href":"https:\/\/nevada-parts.com\/ro\/wp-json\/wp\/v2\/pages\/264\/revisions"}],"predecessor-version":[{"id":1144,"href":"https:\/\/nevada-parts.com\/ro\/wp-json\/wp\/v2\/pages\/264\/revisions\/1144"}],"wp:attachment":[{"href":"https:\/\/nevada-parts.com\/ro\/wp-json\/wp\/v2\/media?parent=264"}],"curies":[{"name":"wp","href":"https:\/\/api.w.org\/{rel}","templated":true}]}}