{"id":29,"date":"2020-03-06T00:18:19","date_gmt":"2020-03-05T23:18:19","guid":{"rendered":"http:\/\/nevada-parts.com\/?page_id=29"},"modified":"2021-06-29T21:58:39","modified_gmt":"2021-06-29T19:58:39","slug":"nevada-w-sklepach","status":"publish","type":"page","link":"https:\/\/nevada-parts.com\/en\/nevada-w-sklepach\/","title":{"rendered":"NEVADA w sklepach"},"content":{"rendered":"<div id=\"pl-29\"  class=\"panel-layout\" ><div id=\"pg-29-0\"  class=\"panel-grid panel-no-style\" ><div id=\"pgc-29-0-0\"  class=\"panel-grid-cell\" ><div id=\"panel-29-0-0-0\" class=\"so-panel widget widget_sow-editor panel-first-child panel-last-child\" data-index=\"0\" ><div class=\"top-product panel-widget-style panel-widget-style-for-29-0-0-0\" ><div\n\t\t\t\n\t\t\tclass=\"so-widget-sow-editor so-widget-sow-editor-base\"\n\t\t\t\n\t\t>\n<div class=\"siteorigin-widget-tinymce textwidget\">\n\t<p><a href=\"http:\/\/nevada-parts.com\/nevada-w-sklepach\/nevada-w-sklepach-castorama\/\"><\/p>\n<h3 style=\"text-align: center;\">Sklepy<br \/>\nCastorama<\/h3>\n<p style=\"text-align: center; padding:.5em 0 1em 0;\"><a href=\"http:\/\/nevada-parts.com\/nevada-w-sklepach\/nevada-w-sklepach-castorama\/\" class=\"button\">wi\u0119cej<\/a><\/p>\n<p><\/a><\/p>\n<\/div>\n<\/div><\/div><\/div><\/div><div id=\"pgc-29-0-1\"  class=\"panel-grid-cell\" ><div id=\"panel-29-0-1-0\" class=\"so-panel widget widget_sow-editor panel-first-child panel-last-child\" data-index=\"1\" ><div class=\"top-product panel-widget-style panel-widget-style-for-29-0-1-0\" ><div\n\t\t\t\n\t\t\tclass=\"so-widget-sow-editor so-widget-sow-editor-base\"\n\t\t\t\n\t\t>\n<div class=\"siteorigin-widget-tinymce textwidget\">\n\t<p><a href=\"https:\/\/nevada-parts.com\/nevada-w-sklepach\/partnerzy-marki-nevada\/\"><\/p>\n<h3 style=\"text-align: center;\">Sklepy naszych partner\u00f3w<\/h3>\n<p style=\"text-align: center; padding: .5em 0 1em 0;\"><a class=\"button\" href=\"https:\/\/nevada-parts.com\/nevada-w-sklepach\/partnerzy-marki-nevada\/\">wi\u0119cej<\/a><\/p>\n<p><\/a><\/p>\n<\/div>\n<\/div><\/div><\/div><\/div><\/div><\/div>","protected":false},"excerpt":{"rendered":"<p>Sklepy Castorama wi\u0119cej Sklepy naszych partner\u00f3w wi\u0119cej<\/p>\n","protected":false},"author":1,"featured_media":0,"parent":0,"menu_order":0,"comment_status":"closed","ping_status":"closed","template":"","meta":{"_acf_changed":false,"footnotes":""},"class_list":["post-29","page","type-page","status-publish","hentry"],"acf":[],"_links":{"self":[{"href":"https:\/\/nevada-parts.com\/en\/wp-json\/wp\/v2\/pages\/29","targetHints":{"allow":["GET"]}}],"collection":[{"href":"https:\/\/nevada-parts.com\/en\/wp-json\/wp\/v2\/pages"}],"about":[{"href":"https:\/\/nevada-parts.com\/en\/wp-json\/wp\/v2\/types\/page"}],"author":[{"embeddable":true,"href":"https:\/\/nevada-parts.com\/en\/wp-json\/wp\/v2\/users\/1"}],"replies":[{"embeddable":true,"href":"https:\/\/nevada-parts.com\/en\/wp-json\/wp\/v2\/comments?post=29"}],"version-history":[{"count":9,"href":"https:\/\/nevada-parts.com\/en\/wp-json\/wp\/v2\/pages\/29\/revisions"}],"predecessor-version":[{"id":682,"href":"https:\/\/nevada-parts.com\/en\/wp-json\/wp\/v2\/pages\/29\/revisions\/682"}],"wp:attachment":[{"href":"https:\/\/nevada-parts.com\/en\/wp-json\/wp\/v2\/media?parent=29"}],"curies":[{"name":"wp","href":"https:\/\/api.w.org\/{rel}","templated":true}]}}