{"id":387,"date":"2020-05-20T16:07:41","date_gmt":"2020-05-20T14:07:41","guid":{"rendered":"http:\/\/nevada-parts.com\/?post_type=product&#038;p=387"},"modified":"2023-12-07T18:45:30","modified_gmt":"2023-12-07T17:45:30","slug":"przewody-paliwa-2","status":"publish","type":"product","link":"https:\/\/nevada-parts.com\/de\/produkt\/przewody-paliwa-2\/","title":{"rendered":"KRAFTSTOFFLEITUNGEN"},"content":{"rendered":"<div id=\"pl-387\"  class=\"panel-layout\" ><div id=\"pg-387-0\"  class=\"panel-grid panel-has-style\" ><div class=\"siteorigin-panels-stretch panel-row-style panel-row-style-for-387-0\" data-stretch-type=\"full-stretched-padded\" ><div id=\"pgc-387-0-0\"  class=\"panel-grid-cell\" ><div id=\"panel-387-0-0-0\" class=\"so-panel widget widget_sow-editor panel-first-child panel-last-child\" data-index=\"0\" ><div\n\t\t\t\n\t\t\tclass=\"so-widget-sow-editor so-widget-sow-editor-base\"\n\t\t\t\n\t\t>\n<div class=\"siteorigin-widget-tinymce textwidget\">\n\t<h3><img decoding=\"async\" class=\"aligncenter size-full wp-image-281\" src=\"http:\/\/nevada-parts.com\/wp-content\/uploads\/2020\/03\/wysoka-jakosc.png\" alt=\"\" width=\"30%\" height=\"auto\" \/><\/h3>\n<h3 style=\"text-align: center;\">QUALIT\u00c4T<\/h3>\n<p style=\"text-align: center;\" align=\"JUSTIFY\">Aus hochwertigen Materialien hergestellt.<\/p>\n<\/div>\n<\/div><\/div><\/div><div id=\"pgc-387-0-1\"  class=\"panel-grid-cell\" ><div id=\"panel-387-0-1-0\" class=\"so-panel widget widget_sow-editor panel-first-child panel-last-child\" data-index=\"1\" ><div\n\t\t\t\n\t\t\tclass=\"so-widget-sow-editor so-widget-sow-editor-base\"\n\t\t\t\n\t\t>\n<div class=\"siteorigin-widget-tinymce textwidget\">\n\t<h3><img decoding=\"async\" class=\"aligncenter size-full wp-image-281\" src=\"http:\/\/nevada-parts.com\/wp-content\/uploads\/2020\/03\/trwalosc.png\" alt=\"\" width=\"30%\" height=\"auto\" \/><\/h3>\n<h3 style=\"text-align: center;\">FESTIGKEIT<\/h3>\n<p style=\"text-align: center;\" align=\"JUSTIFY\">Sie bleiben lange Zeit flexibel und anpassungsf\u00e4hig.<\/p>\n<\/div>\n<\/div><\/div><\/div><div id=\"pgc-387-0-2\"  class=\"panel-grid-cell\" ><div id=\"panel-387-0-2-0\" class=\"so-panel widget widget_sow-editor panel-first-child panel-last-child\" data-index=\"2\" ><div\n\t\t\t\n\t\t\tclass=\"so-widget-sow-editor so-widget-sow-editor-base\"\n\t\t\t\n\t\t>\n<div class=\"siteorigin-widget-tinymce textwidget\">\n\t<h3><img decoding=\"async\" class=\"aligncenter size-full wp-image-280\" src=\"http:\/\/nevada-parts.com\/wp-content\/uploads\/2020\/03\/uniwersalnosc.png\" alt=\"\" width=\"30%\" height=\"auto\" \/><\/h3>\n<h3 style=\"text-align: center;\">UNIVERSELLE ANWENDUNG<\/h3>\n<p style=\"text-align: center;\">Sie eignen sich f\u00fcr die meisten der auf dem Markt erh\u00e4ltlichen Gartenger\u00e4te.<\/p>\n<\/div>\n<\/div><\/div><\/div><\/div><\/div><div id=\"pg-387-1\"  class=\"panel-grid panel-has-style\" ><div class=\"siteorigin-panels-stretch panel-row-style panel-row-style-for-387-1\" data-stretch-type=\"full-stretched-padded\" ><div id=\"pgc-387-1-0\"  class=\"panel-grid-cell\" ><div id=\"panel-387-1-0-0\" class=\"so-panel widget widget_sow-editor panel-first-child panel-last-child\" data-index=\"3\" ><div\n\t\t\t\n\t\t\tclass=\"so-widget-sow-editor so-widget-sow-editor-base\"\n\t\t\t\n\t\t>\n<div class=\"siteorigin-widget-tinymce textwidget\">\n\t<h3><img decoding=\"async\" class=\"aligncenter size-full wp-image-283\" src=\"http:\/\/nevada-parts.com\/wp-content\/uploads\/2020\/03\/oszczednosci.png\" alt=\"\" width=\"30%\" height=\"auto\" \/><\/h3>\n<h3 style=\"text-align: center;\">SPARSAMKEIT<\/h3>\n<p style=\"text-align: center;\">Gutes Preis-Leistungs-Verh\u00e4ltnis.<\/p>\n<\/div>\n<\/div><\/div><\/div><div id=\"pgc-387-1-1\"  class=\"panel-grid-cell panel-grid-cell-empty panel-grid-cell-mobile-last\" ><\/div><div id=\"pgc-387-1-2\"  class=\"panel-grid-cell panel-grid-cell-empty\" ><\/div><\/div><\/div><div id=\"pg-387-2\"  class=\"panel-grid panel-has-style\" ><div class=\"locals siteorigin-panels-stretch panel-row-style panel-row-style-for-387-2\" data-stretch-type=\"full-stretched-padded\" ><div id=\"pgc-387-2-0\"  class=\"panel-grid-cell\" ><div id=\"panel-387-2-0-0\" class=\"so-panel widget widget_sow-editor panel-first-child panel-last-child\" data-index=\"4\" ><div class=\"panel-widget-style panel-widget-style-for-387-2-0-0\" ><div\n\t\t\t\n\t\t\tclass=\"so-widget-sow-editor so-widget-sow-editor-base\"\n\t\t\t\n\t\t>\n<div class=\"siteorigin-widget-tinymce textwidget\">\n\t<h3><span style=\"font-weight: black;\">NEVADA<\/span> in Gesch\u00e4ften<\/h3>\nEntdecken Sie unser Partnernetzwerk, wo Sie unsere Produkte in den Regalen finden k\u00f6nnen\n<p style=\"margin: 0;\"><a class=\"white-button\" href=\"http:\/\/nevada-parts.com\/nevada-w-sklepach\/\">MEHR<\/a><\/p><\/div>\n<\/div><\/div><\/div><\/div><div id=\"pgc-387-2-1\"  class=\"panel-grid-cell\" ><div id=\"panel-387-2-1-0\" class=\"so-panel widget widget_sow-editor panel-first-child panel-last-child\" data-index=\"5\" ><div\n\t\t\t\n\t\t\tclass=\"so-widget-sow-editor so-widget-sow-editor-base\"\n\t\t\t\n\t\t>\n<div class=\"siteorigin-widget-tinymce textwidget\">\n\t<img decoding=\"async\" class=\"aligncenter size-full wp-image-240\" src=\"http:\/\/nevada-parts.com\/wp-content\/uploads\/2020\/03\/Nevada-lada-compressed-outside.png\" alt=\"\" width=\"100%\" height=\"auto\" \/><\/div>\n<\/div><\/div><\/div><\/div><\/div><\/div>","protected":false},"excerpt":{"rendered":"<p>Nevada-Leitungen sorgen f\u00fcr eine sehr hohe Dichtheit des Kraftstoffsystems und garantieren einen zuverl\u00e4ssigen Kraftstofffluss.<\/p>\n","protected":false},"featured_media":381,"comment_status":"closed","ping_status":"closed","template":"","meta":{"_acf_changed":false},"product_cat":[19],"product_tag":[],"class_list":{"0":"post-387","1":"product","2":"type-product","3":"status-publish","4":"has-post-thumbnail","6":"product_cat-czesci-zamienne","8":"first","9":"instock","10":"shipping-taxable","11":"product-type-simple"},"acf":[],"_links":{"self":[{"href":"https:\/\/nevada-parts.com\/de\/wp-json\/wp\/v2\/product\/387","targetHints":{"allow":["GET"]}}],"collection":[{"href":"https:\/\/nevada-parts.com\/de\/wp-json\/wp\/v2\/product"}],"about":[{"href":"https:\/\/nevada-parts.com\/de\/wp-json\/wp\/v2\/types\/product"}],"replies":[{"embeddable":true,"href":"https:\/\/nevada-parts.com\/de\/wp-json\/wp\/v2\/comments?post=387"}],"wp:featuredmedia":[{"embeddable":true,"href":"https:\/\/nevada-parts.com\/de\/wp-json\/wp\/v2\/media\/381"}],"wp:attachment":[{"href":"https:\/\/nevada-parts.com\/de\/wp-json\/wp\/v2\/media?parent=387"}],"wp:term":[{"taxonomy":"product_cat","embeddable":true,"href":"https:\/\/nevada-parts.com\/de\/wp-json\/wp\/v2\/product_cat?post=387"},{"taxonomy":"product_tag","embeddable":true,"href":"https:\/\/nevada-parts.com\/de\/wp-json\/wp\/v2\/product_tag?post=387"}],"curies":[{"name":"wp","href":"https:\/\/api.w.org\/{rel}","templated":true}]}}