{"id":352,"date":"2020-04-18T20:27:46","date_gmt":"2020-04-18T18:27:46","guid":{"rendered":"http:\/\/nevada-parts.com\/?post_type=product&#038;p=352"},"modified":"2023-12-07T18:53:19","modified_gmt":"2023-12-07T17:53:19","slug":"kuweta-ochronna-pod-pilarke","status":"publish","type":"product","link":"https:\/\/nevada-parts.com\/de\/produkt\/kuweta-ochronna-pod-pilarke\/","title":{"rendered":"SCHUTZHAUBEN F\u00dcR KETTENS\u00c4GEN"},"content":{"rendered":"<div id=\"pl-352\"  class=\"panel-layout\" ><div id=\"pg-352-0\"  class=\"panel-grid panel-has-style\" ><div class=\"siteorigin-panels-stretch panel-row-style panel-row-style-for-352-0\" data-stretch-type=\"full-stretched-padded\" ><div id=\"pgc-352-0-0\"  class=\"panel-grid-cell\" ><div id=\"panel-352-0-0-0\" class=\"so-panel widget widget_sow-editor panel-first-child panel-last-child\" data-index=\"0\" ><div\n\t\t\t\n\t\t\tclass=\"so-widget-sow-editor so-widget-sow-editor-base\"\n\t\t\t\n\t\t>\n<div class=\"siteorigin-widget-tinymce textwidget\">\n\t<p>(Polski) <\/p>\n<h3><img decoding=\"async\" class=\"aligncenter size-full wp-image-281\" src=\"http:\/\/nevada-parts.com\/wp-content\/uploads\/2020\/03\/niezawodnosc.png\" alt=\"\" width=\"30%\" height=\"auto\" \/><\/h3>\n<h3 style=\"text-align: center;\">NIEZAWODNO\u015a\u0106<\/h3>\n<p style=\"text-align: center;\" align=\"JUSTIFY\">Rowki kuwety zatrzymuj\u0105 sp\u0142ywaj\u0105cy olej, zapewniaj\u0105c czysto\u015b\u0107 podczas transportu i przechowywania.<\/p>\n<\/div>\n<\/div><\/div><\/div><div id=\"pgc-352-0-1\"  class=\"panel-grid-cell\" ><div id=\"panel-352-0-1-0\" class=\"so-panel widget widget_sow-editor panel-first-child panel-last-child\" data-index=\"1\" ><div\n\t\t\t\n\t\t\tclass=\"so-widget-sow-editor so-widget-sow-editor-base\"\n\t\t\t\n\t\t>\n<div class=\"siteorigin-widget-tinymce textwidget\">\n\t<p>(Polski) <\/p>\n<h3><img decoding=\"async\" class=\"aligncenter wp-image-279 size-full\" src=\"http:\/\/nevada-parts.com\/wp-content\/uploads\/2020\/03\/ochrona.png\" alt=\"\" width=\"30%\" height=\"auto\" \/><\/h3>\n<h3 style=\"text-align: center;\">BEZPIECZE\u0143STWO<\/h3>\n<p style=\"text-align: center;\">Zapewnia bezpieczny transport i przechowywanie pilarki.<\/p>\n<\/div>\n<\/div><\/div><\/div><div id=\"pgc-352-0-2\"  class=\"panel-grid-cell\" ><div id=\"panel-352-0-2-0\" class=\"so-panel widget widget_sow-editor panel-first-child panel-last-child\" data-index=\"2\" ><div\n\t\t\t\n\t\t\tclass=\"so-widget-sow-editor so-widget-sow-editor-base\"\n\t\t\t\n\t\t>\n<div class=\"siteorigin-widget-tinymce textwidget\">\n\t<p>(Polski) <\/p>\n<h3><img decoding=\"async\" class=\"aligncenter size-full wp-image-281\" src=\"http:\/\/nevada-parts.com\/wp-content\/uploads\/2020\/03\/wysoka-jakosc.png\" alt=\"\" width=\"30%\" height=\"auto\" \/><\/h3>\n<h3 style=\"text-align: center;\">JAKO\u015a\u0106<\/h3>\n<p style=\"text-align: center;\" align=\"JUSTIFY\">Wykonana z wysokiej jako\u015bci tworzywa.<\/p>\n<\/div>\n<\/div><\/div><\/div><\/div><\/div><div id=\"pg-352-1\"  class=\"panel-grid panel-has-style\" ><div class=\"siteorigin-panels-stretch panel-row-style panel-row-style-for-352-1\" data-stretch-type=\"full-stretched-padded\" ><div id=\"pgc-352-1-0\"  class=\"panel-grid-cell\" ><div id=\"panel-352-1-0-0\" class=\"so-panel widget widget_sow-editor panel-first-child panel-last-child\" data-index=\"3\" ><div\n\t\t\t\n\t\t\tclass=\"so-widget-sow-editor so-widget-sow-editor-base\"\n\t\t\t\n\t\t>\n<div class=\"siteorigin-widget-tinymce textwidget\">\n\t<p>(Polski) <\/p>\n<h3><img decoding=\"async\" class=\"aligncenter size-full wp-image-280\" src=\"http:\/\/nevada-parts.com\/wp-content\/uploads\/2020\/03\/uniwersalnosc.png\" alt=\"\" width=\"30%\" height=\"auto\" \/><\/h3>\n<h3 style=\"text-align: center;\">UNIWERSALNO\u015a\u0106 ZASTOSOWANIA<\/h3>\n<p style=\"text-align: center;\">Dwa rozmiary kuwety, mo\u017cliwo\u015b\u0107 idealnego dopasowania do pilarki.<\/p>\n<\/div>\n<\/div><\/div><\/div><div id=\"pgc-352-1-1\"  class=\"panel-grid-cell panel-grid-cell-mobile-last\" ><div id=\"panel-352-1-1-0\" class=\"so-panel widget widget_sow-editor panel-first-child panel-last-child\" data-index=\"4\" ><div\n\t\t\t\n\t\t\tclass=\"so-widget-sow-editor so-widget-sow-editor-base\"\n\t\t\t\n\t\t>\n<div class=\"siteorigin-widget-tinymce textwidget\">\n\t<p>(Polski) <\/p>\n<h3><img decoding=\"async\" class=\"aligncenter wp-image-279 size-full\" src=\"http:\/\/nevada-parts.com\/wp-content\/uploads\/2020\/03\/obsluga.png\" alt=\"\" width=\"30%\" height=\"auto\" \/><\/h3>\n<h3 style=\"text-align: center;\">PROSTA OBS\u0141UGA<\/h3>\n<p style=\"text-align: center;\">\u0141atwy i szybki monta\u017c, linka umo\u017cliwiaj\u0105ca przywi\u0105zanie pilarki do kuwety.<\/p>\n<\/div>\n<\/div><\/div><\/div><div id=\"pgc-352-1-2\"  class=\"panel-grid-cell panel-grid-cell-empty\" ><\/div><\/div><\/div><div id=\"pg-352-2\"  class=\"panel-grid panel-has-style\" ><div class=\"siteorigin-panels-stretch panel-row-style panel-row-style-for-352-2\" data-stretch-type=\"full-stretched-padded\" ><div id=\"pgc-352-2-0\"  class=\"panel-grid-cell\" ><div id=\"panel-352-2-0-0\" class=\"so-panel widget widget_sow-editor panel-first-child panel-last-child\" data-index=\"5\" ><div\n\t\t\t\n\t\t\tclass=\"so-widget-sow-editor so-widget-sow-editor-base\"\n\t\t\t\n\t\t>\n<div class=\"siteorigin-widget-tinymce textwidget\">\n\t<p><img loading=\"lazy\" decoding=\"async\" class=\"aligncenter size-full wp-image-191\" src=\"http:\/\/nevada-parts.com\/wp-content\/uploads\/2020\/04\/kuweta-2-rozmiary-gray.jpg\" alt=\"\" width=\"1000\" height=\"1000\" \/><\/p>\n<\/div>\n<\/div><\/div><\/div><div id=\"pgc-352-2-1\"  class=\"panel-grid-cell\" ><div id=\"panel-352-2-1-0\" class=\"so-panel widget widget_sow-editor panel-first-child panel-last-child\" data-index=\"6\" ><div class=\"panel-widget-style panel-widget-style-for-352-2-1-0\" ><div\n\t\t\t\n\t\t\tclass=\"so-widget-sow-editor so-widget-sow-editor-base\"\n\t\t\t\n\t\t>\n<div class=\"siteorigin-widget-tinymce textwidget\">\n\t<h1>DIE SCHUTZHAUBE IST IN ZWEI Gr\u00f6\u00dfen ERH\u00c4LTLICH.<br \/>\n<span style=\"color: #cc2229;\">KLEIN<\/span> <span style=\"font-size: 60%;\">(43X23CM) F\u00dcR KETTENS\u00c4GEN BIS 45CCM.<\/span><br \/>\n<span style=\"color: #cc2229;\">GRO\u00df<\/span> <span style=\"font-size: 60%;\">(50X20CM) F\u00dcR S\u00c4GEN AB 45CCM <\/span><\/h1>\n<\/div>\n<\/div><\/div><\/div><\/div><\/div><\/div><div id=\"pg-352-3\"  class=\"panel-grid panel-has-style\" ><div class=\"locals siteorigin-panels-stretch panel-row-style panel-row-style-for-352-3\" data-stretch-type=\"full-stretched-padded\" ><div id=\"pgc-352-3-0\"  class=\"panel-grid-cell\" ><div id=\"panel-352-3-0-0\" class=\"so-panel widget widget_sow-editor panel-first-child panel-last-child\" data-index=\"7\" ><div class=\"panel-widget-style panel-widget-style-for-352-3-0-0\" ><div\n\t\t\t\n\t\t\tclass=\"so-widget-sow-editor so-widget-sow-editor-base\"\n\t\t\t\n\t\t>\n<div class=\"siteorigin-widget-tinymce textwidget\">\n\t<h3><span style=\"font-weight: black;\">NEVADA<\/span> in Gesch\u00e4ften<\/h3>\nEntdecken Sie unser Partnernetzwerk, wo Sie unsere Produkte in den Regalen finden k\u00f6nnen\n<p style=\"margin: 0;\"><a class=\"white-button\" href=\"http:\/\/nevada-parts.com\/nevada-w-sklepach\/\">MEHR<\/a><\/p><\/div>\n<\/div><\/div><\/div><\/div><div id=\"pgc-352-3-1\"  class=\"panel-grid-cell\" ><div id=\"panel-352-3-1-0\" class=\"so-panel widget widget_sow-editor panel-first-child panel-last-child\" data-index=\"8\" ><div\n\t\t\t\n\t\t\tclass=\"so-widget-sow-editor so-widget-sow-editor-base\"\n\t\t\t\n\t\t>\n<div class=\"siteorigin-widget-tinymce textwidget\">\n\t<img decoding=\"async\" class=\"aligncenter size-full wp-image-240\" src=\"http:\/\/nevada-parts.com\/wp-content\/uploads\/2020\/03\/Nevada-lada-compressed-outside.png\" alt=\"\" width=\"100%\" height=\"auto\" \/><\/div>\n<\/div><\/div><\/div><\/div><\/div><\/div>","protected":false},"excerpt":{"rendered":"<p>Eine Kettens\u00e4genschutzhaube garantiert sicheren Transport und Lagerung. Im Inneren der Schutzhaube befinden sich profilierte Nuten, die die S\u00e4ge vor Verschmutzung durch das aus der F\u00fchrungsschiene herunterflie\u00dfende \u00d6l sch\u00fctzen. Leicht zu reinigen, dank hochwertigem Material.<\/p>\n","protected":false},"featured_media":355,"comment_status":"closed","ping_status":"closed","template":"","meta":{"_acf_changed":false},"product_cat":[24],"product_tag":[],"class_list":{"0":"post-352","1":"product","2":"type-product","3":"status-publish","4":"has-post-thumbnail","6":"product_cat-akcesoria-forest","8":"first","9":"instock","10":"shipping-taxable","11":"product-type-simple"},"acf":[],"_links":{"self":[{"href":"https:\/\/nevada-parts.com\/de\/wp-json\/wp\/v2\/product\/352","targetHints":{"allow":["GET"]}}],"collection":[{"href":"https:\/\/nevada-parts.com\/de\/wp-json\/wp\/v2\/product"}],"about":[{"href":"https:\/\/nevada-parts.com\/de\/wp-json\/wp\/v2\/types\/product"}],"replies":[{"embeddable":true,"href":"https:\/\/nevada-parts.com\/de\/wp-json\/wp\/v2\/comments?post=352"}],"wp:featuredmedia":[{"embeddable":true,"href":"https:\/\/nevada-parts.com\/de\/wp-json\/wp\/v2\/media\/355"}],"wp:attachment":[{"href":"https:\/\/nevada-parts.com\/de\/wp-json\/wp\/v2\/media?parent=352"}],"wp:term":[{"taxonomy":"product_cat","embeddable":true,"href":"https:\/\/nevada-parts.com\/de\/wp-json\/wp\/v2\/product_cat?post=352"},{"taxonomy":"product_tag","embeddable":true,"href":"https:\/\/nevada-parts.com\/de\/wp-json\/wp\/v2\/product_tag?post=352"}],"curies":[{"name":"wp","href":"https:\/\/api.w.org\/{rel}","templated":true}]}}