{"id":239,"date":"2020-03-06T23:51:57","date_gmt":"2020-03-06T22:51:57","guid":{"rendered":"http:\/\/nevada-parts.com\/?post_type=product&#038;p=239"},"modified":"2023-12-07T19:23:48","modified_gmt":"2023-12-07T18:23:48","slug":"rekawice-antyprzecieciowe","status":"publish","type":"product","link":"https:\/\/nevada-parts.com\/de\/produkt\/rekawice-antyprzecieciowe\/","title":{"rendered":"SCHNITTSCHUTZHANDSCHUHE"},"content":{"rendered":"<div id=\"pl-239\"  class=\"panel-layout\" ><div id=\"pg-239-0\"  class=\"panel-grid panel-has-style\" ><div class=\"siteorigin-panels-stretch panel-row-style panel-row-style-for-239-0\" data-stretch-type=\"full-stretched-padded\" ><div id=\"pgc-239-0-0\"  class=\"panel-grid-cell\" ><div id=\"panel-239-0-0-0\" class=\"so-panel widget widget_sow-editor panel-first-child panel-last-child\" data-index=\"0\" ><div\n\t\t\t\n\t\t\tclass=\"so-widget-sow-editor so-widget-sow-editor-base\"\n\t\t\t\n\t\t>\n<div class=\"siteorigin-widget-tinymce textwidget\">\n\t<h3><img decoding=\"async\" class=\"aligncenter wp-image-279 size-full\" src=\"http:\/\/nevada-parts.com\/wp-content\/uploads\/2020\/03\/wysoka-jakosc.png\" alt=\"\" width=\"30%\" height=\"auto\" \/><\/h3>\n<h3 style=\"text-align: center;\">HOHE QUALIT\u00c4T<\/h3>\n<p style=\"text-align: center;\">Hergestellt aus Naturleder.<\/p>\n<\/div>\n<\/div><\/div><\/div><div id=\"pgc-239-0-1\"  class=\"panel-grid-cell\" ><div id=\"panel-239-0-1-0\" class=\"so-panel widget widget_sow-editor panel-first-child panel-last-child\" data-index=\"1\" ><div\n\t\t\t\n\t\t\tclass=\"so-widget-sow-editor so-widget-sow-editor-base\"\n\t\t\t\n\t\t>\n<div class=\"siteorigin-widget-tinymce textwidget\">\n\t<h3><img decoding=\"async\" class=\"aligncenter size-full wp-image-281\" src=\"http:\/\/nevada-parts.com\/wp-content\/uploads\/2020\/03\/wygoda.png\" alt=\"\" width=\"30%\" height=\"auto\" \/><\/h3>\n<h3 style=\"text-align: center;\">ARBEITSKOMFORT<\/h3>\n<p style=\"text-align: center;\" align=\"JUSTIFY\">Eine perfekte Kontrolle \u00fcber das Ger\u00e4t.<\/p>\n<\/div>\n<\/div><\/div><\/div><div id=\"pgc-239-0-2\"  class=\"panel-grid-cell\" ><div id=\"panel-239-0-2-0\" class=\"so-panel widget widget_sow-editor panel-first-child panel-last-child\" data-index=\"2\" ><div\n\t\t\t\n\t\t\tclass=\"so-widget-sow-editor so-widget-sow-editor-base\"\n\t\t\t\n\t\t>\n<div class=\"siteorigin-widget-tinymce textwidget\">\n\t<h3><img decoding=\"async\" class=\"aligncenter size-full wp-image-280\" src=\"http:\/\/nevada-parts.com\/wp-content\/uploads\/2020\/03\/ochrona.png\" alt=\"\" width=\"30%\" height=\"auto\" \/><\/h3>\n<h3 style=\"text-align: center;\">SICHERHEIT<\/h3>\n<p style=\"text-align: center;\">Schnittschutzeinsatz in der linken Hand.<\/p>\n<\/div>\n<\/div><\/div><\/div><\/div><\/div><div id=\"pg-239-1\"  class=\"panel-grid panel-has-style\" ><div class=\"siteorigin-panels-stretch panel-row-style panel-row-style-for-239-1\" data-stretch-type=\"full-stretched-padded\" ><div id=\"pgc-239-1-0\"  class=\"panel-grid-cell\" ><div id=\"panel-239-1-0-0\" class=\"so-panel widget widget_sow-editor panel-first-child panel-last-child\" data-index=\"3\" ><div\n\t\t\t\n\t\t\tclass=\"so-widget-sow-editor so-widget-sow-editor-base\"\n\t\t\t\n\t\t>\n<div class=\"siteorigin-widget-tinymce textwidget\">\n\t<h3><img decoding=\"async\" class=\"aligncenter size-full wp-image-283\" src=\"http:\/\/nevada-parts.com\/wp-content\/uploads\/2020\/03\/dostosowanie.png\" alt=\"\" width=\"30%\" height=\"auto\" \/><\/h3>\n<h3 style=\"text-align: center;\">ANPASSUNG<\/h3>\n<p style=\"text-align: center;\">Verst\u00e4rkt im Griffbereich.<\/p>\n<\/div>\n<\/div><\/div><\/div><div id=\"pgc-239-1-1\"  class=\"panel-grid-cell panel-grid-cell-mobile-last\" ><div id=\"panel-239-1-1-0\" class=\"so-panel widget widget_sow-editor panel-first-child panel-last-child\" data-index=\"4\" ><div\n\t\t\t\n\t\t\tclass=\"so-widget-sow-editor so-widget-sow-editor-base\"\n\t\t\t\n\t\t>\n<div class=\"siteorigin-widget-tinymce textwidget\">\n\t<h3><img decoding=\"async\" class=\"aligncenter size-full wp-image-283\" src=\"http:\/\/nevada-parts.com\/wp-content\/uploads\/2020\/03\/trwalosc.png\" alt=\"\" width=\"30%\" height=\"auto\" \/><\/h3>\n<h3 style=\"text-align: center;\">FESTIGKEIT<\/h3>\n<p style=\"text-align: center;\">Zus\u00e4tzlich verst\u00e4rkte N\u00e4hte.<\/p>\n<\/div>\n<\/div><\/div><\/div><div id=\"pgc-239-1-2\"  class=\"panel-grid-cell panel-grid-cell-empty\" ><\/div><\/div><\/div><div id=\"pg-239-2\"  class=\"panel-grid panel-has-style\" ><div class=\"locals siteorigin-panels-stretch panel-row-style panel-row-style-for-239-2\" data-stretch-type=\"full-stretched-padded\" ><div id=\"pgc-239-2-0\"  class=\"panel-grid-cell\" ><div id=\"panel-239-2-0-0\" class=\"so-panel widget widget_sow-editor panel-first-child panel-last-child\" data-index=\"5\" ><div class=\"panel-widget-style panel-widget-style-for-239-2-0-0\" ><div\n\t\t\t\n\t\t\tclass=\"so-widget-sow-editor so-widget-sow-editor-base\"\n\t\t\t\n\t\t>\n<div class=\"siteorigin-widget-tinymce textwidget\">\n\t<h3><span style=\"font-weight: black;\">NEVADA<\/span> in Gesch\u00e4ften<\/h3>\nEntdecken Sie unser Partnernetzwerk, wo Sie unsere Produkte in den Regalen finden k\u00f6nnen\n<p style=\"margin: 0;\"><a class=\"white-button\" href=\"http:\/\/nevada-parts.com\/nevada-w-sklepach\/\">MEHR<\/a><\/p><\/div>\n<\/div><\/div><\/div><\/div><div id=\"pgc-239-2-1\"  class=\"panel-grid-cell\" ><div id=\"panel-239-2-1-0\" class=\"so-panel widget widget_sow-editor panel-first-child panel-last-child\" data-index=\"6\" ><div\n\t\t\t\n\t\t\tclass=\"so-widget-sow-editor so-widget-sow-editor-base\"\n\t\t\t\n\t\t>\n<div class=\"siteorigin-widget-tinymce textwidget\">\n\t<img decoding=\"async\" class=\"aligncenter size-full wp-image-240\" src=\"http:\/\/nevada-parts.com\/wp-content\/uploads\/2020\/03\/Nevada-lada-compressed-outside.png\" alt=\"\" width=\"100%\" height=\"auto\" \/><\/div>\n<\/div><\/div><\/div><\/div><\/div><\/div>","protected":false},"excerpt":{"rendered":"<p>Die Handschuhe werden nach der Norm EN381-7 aus Naturleder, das sich durch au\u00dfergew\u00f6hnliche Festigkeit und perfekte Haftung an der Hand auszeichnet; hergestellt. Ein spezielles Material, das aus mehreren Gewebelagen mit sehr starken Fasern besteht, die sich beim Kontakt mit der Kette einer laufenden S\u00e4ge in ihr verheddern und sie automatisch stoppen. Ein elastisches Band sch\u00fctzt vor dem Eindringen von unn\u00f6tigen Gegenst\u00e4nden in den Handschuh \u2013 der Handschuh liegt an wie eine zweite Haut.<br \/>\nDie Marke Nevada bietet Schnittschutzhandschuhe der Klasse 0 (16m\/sec) und der Klasse 1 (20m\/sec) an, die in den Gr\u00f6\u00dfen 8\/S, 9\/M, 10\/L, 11\/XL erh\u00e4ltlich sind.<\/p>\n","protected":false},"featured_media":98,"comment_status":"closed","ping_status":"closed","template":"","meta":{"_acf_changed":false},"product_cat":[20],"product_tag":[],"class_list":{"0":"post-239","1":"product","2":"type-product","3":"status-publish","4":"has-post-thumbnail","6":"product_cat-odziez-ochronna","8":"first","9":"instock","10":"shipping-taxable","11":"product-type-simple"},"acf":[],"_links":{"self":[{"href":"https:\/\/nevada-parts.com\/de\/wp-json\/wp\/v2\/product\/239","targetHints":{"allow":["GET"]}}],"collection":[{"href":"https:\/\/nevada-parts.com\/de\/wp-json\/wp\/v2\/product"}],"about":[{"href":"https:\/\/nevada-parts.com\/de\/wp-json\/wp\/v2\/types\/product"}],"replies":[{"embeddable":true,"href":"https:\/\/nevada-parts.com\/de\/wp-json\/wp\/v2\/comments?post=239"}],"wp:featuredmedia":[{"embeddable":true,"href":"https:\/\/nevada-parts.com\/de\/wp-json\/wp\/v2\/media\/98"}],"wp:attachment":[{"href":"https:\/\/nevada-parts.com\/de\/wp-json\/wp\/v2\/media?parent=239"}],"wp:term":[{"taxonomy":"product_cat","embeddable":true,"href":"https:\/\/nevada-parts.com\/de\/wp-json\/wp\/v2\/product_cat?post=239"},{"taxonomy":"product_tag","embeddable":true,"href":"https:\/\/nevada-parts.com\/de\/wp-json\/wp\/v2\/product_tag?post=239"}],"curies":[{"name":"wp","href":"https:\/\/api.w.org\/{rel}","templated":true}]}}