{"id":224,"date":"2020-03-06T23:07:46","date_gmt":"2020-03-06T22:07:46","guid":{"rendered":"http:\/\/nevada-parts.com\/?post_type=product&#038;p=224"},"modified":"2023-12-07T19:35:41","modified_gmt":"2023-12-07T18:35:41","slug":"pojemnik-do-odsysania-oleju-i-paliwa","status":"publish","type":"product","link":"https:\/\/nevada-parts.com\/de\/produkt\/pojemnik-do-odsysania-oleju-i-paliwa\/","title":{"rendered":"\u00d6L- UND KRAFTSTOFF-ABSAUGGER\u00c4T"},"content":{"rendered":"<div id=\"pl-224\"  class=\"panel-layout\" ><div id=\"pg-224-0\"  class=\"panel-grid panel-has-style\" ><div class=\"siteorigin-panels-stretch panel-row-style panel-row-style-for-224-0\" data-stretch-type=\"full-stretched-padded\" ><div id=\"pgc-224-0-0\"  class=\"panel-grid-cell\" ><div id=\"panel-224-0-0-0\" class=\"so-panel widget widget_sow-editor panel-first-child panel-last-child\" data-index=\"0\" ><div\n\t\t\t\n\t\t\tclass=\"so-widget-sow-editor so-widget-sow-editor-base\"\n\t\t\t\n\t\t>\n<div class=\"siteorigin-widget-tinymce textwidget\">\n\t<h3><img decoding=\"async\" class=\"aligncenter wp-image-279 size-full\" src=\"http:\/\/nevada-parts.com\/wp-content\/uploads\/2020\/03\/ochrona.png\" alt=\"\" width=\"30%\" height=\"auto\" \/><\/h3>\n<h3 style=\"text-align: center;\">SICHERHEIT<\/h3>\n<p style=\"text-align: center;\">Der Trichter erm\u00f6glicht das Umf\u00fcllen einer Fl\u00fcssigkeit, ohne dass sie versch\u00fcttet wird.<\/p>\n<\/div>\n<\/div><\/div><\/div><div id=\"pgc-224-0-1\"  class=\"panel-grid-cell\" ><div id=\"panel-224-0-1-0\" class=\"so-panel widget widget_sow-editor panel-first-child panel-last-child\" data-index=\"1\" ><div\n\t\t\t\n\t\t\tclass=\"so-widget-sow-editor so-widget-sow-editor-base\"\n\t\t\t\n\t\t>\n<div class=\"siteorigin-widget-tinymce textwidget\">\n\t<h3><img decoding=\"async\" class=\"aligncenter size-full wp-image-281\" src=\"http:\/\/nevada-parts.com\/wp-content\/uploads\/2020\/03\/kompact.png\" alt=\"\" width=\"30%\" height=\"auto\" \/><\/h3>\n<h3 style=\"text-align: center;\">KOMPAKTE BAUWEISE<\/h3>\n<p style=\"text-align: center;\" align=\"JUSTIFY\">Das Ger\u00e4t ist leicht zu lagern und zu montieren.<\/p>\n<\/div>\n<\/div><\/div><\/div><div id=\"pgc-224-0-2\"  class=\"panel-grid-cell\" ><div id=\"panel-224-0-2-0\" class=\"so-panel widget widget_sow-editor panel-first-child panel-last-child\" data-index=\"2\" ><div\n\t\t\t\n\t\t\tclass=\"so-widget-sow-editor so-widget-sow-editor-base\"\n\t\t\t\n\t\t>\n<div class=\"siteorigin-widget-tinymce textwidget\">\n\t<h3><img decoding=\"async\" class=\"aligncenter size-full wp-image-280\" src=\"http:\/\/nevada-parts.com\/wp-content\/uploads\/2020\/03\/obsluga.png\" alt=\"\" width=\"30%\" height=\"auto\" \/><\/h3>\n<h3 style=\"text-align: center;\">EINFACHE BEDIENUNG<\/h3>\n<p style=\"text-align: center;\">ES erm\u00f6glicht das Absaugen von \u00d6l und Kraftstoff auf einfache und schnelle Weise.<\/p>\n<\/div>\n<\/div><\/div><\/div><\/div><\/div><div id=\"pg-224-1\"  class=\"panel-grid panel-has-style\" ><div class=\"siteorigin-panels-stretch panel-row-style panel-row-style-for-224-1\" data-stretch-type=\"full-stretched-padded\" ><div id=\"pgc-224-1-0\"  class=\"panel-grid-cell\" ><div id=\"panel-224-1-0-0\" class=\"so-panel widget widget_sow-editor panel-first-child panel-last-child\" data-index=\"3\" ><div\n\t\t\t\n\t\t\tclass=\"so-widget-sow-editor so-widget-sow-editor-base\"\n\t\t\t\n\t\t>\n<div class=\"siteorigin-widget-tinymce textwidget\">\n\t<h3><img decoding=\"async\" class=\"aligncenter wp-image-279 size-full\" src=\"http:\/\/nevada-parts.com\/wp-content\/uploads\/2020\/03\/uniwersalnosc.png\" alt=\"\" width=\"30%\" height=\"auto\" \/><\/h3>\n<h3 style=\"text-align: center;\">UNIVERSELLE ANWENDUNG<\/h3>\n<p style=\"text-align: center;\">Rasenm\u00e4her, Traktoren, Schneefr\u00e4sen, Vertikutierer, Sensen, Kettens\u00e4gen, Motorr\u00e4der, Kompressoren, Quads, Fr\u00e4sen, Generatoren usw.<\/p>\n<\/div>\n<\/div><\/div><\/div><div id=\"pgc-224-1-1\"  class=\"panel-grid-cell panel-grid-cell-empty panel-grid-cell-mobile-last\" ><\/div><div id=\"pgc-224-1-2\"  class=\"panel-grid-cell panel-grid-cell-empty\" ><\/div><\/div><\/div><div id=\"pg-224-2\"  class=\"panel-grid panel-has-style\" ><div class=\"siteorigin-panels-stretch panel-row-style panel-row-style-for-224-2\" data-stretch-type=\"full-stretched-padded\" ><div id=\"pgc-224-2-0\"  class=\"panel-grid-cell\" ><div id=\"panel-224-2-0-0\" class=\"so-panel widget widget_sow-editor panel-first-child panel-last-child\" data-index=\"4\" ><div\n\t\t\t\n\t\t\tclass=\"so-widget-sow-editor so-widget-sow-editor-base\"\n\t\t\t\n\t\t>\n<div class=\"siteorigin-widget-tinymce textwidget\">\n\t<p><img loading=\"lazy\" decoding=\"async\" src=\"http:\/\/nevada-parts.com\/wp-content\/uploads\/2020\/03\/zestaw-3-1.jpg\" alt=\"\" width=\"1000\" height=\"1000\" class=\"aligncenter size-full wp-image-226\" srcset=\"https:\/\/nevada-parts.com\/wp-content\/uploads\/2020\/03\/zestaw-3-1.jpg 1000w, https:\/\/nevada-parts.com\/wp-content\/uploads\/2020\/03\/zestaw-3-1-800x800.jpg 800w, https:\/\/nevada-parts.com\/wp-content\/uploads\/2020\/03\/zestaw-3-1-300x300.jpg 300w, https:\/\/nevada-parts.com\/wp-content\/uploads\/2020\/03\/zestaw-3-1-150x150.jpg 150w, https:\/\/nevada-parts.com\/wp-content\/uploads\/2020\/03\/zestaw-3-1-768x768.jpg 768w\" sizes=\"auto, (max-width: 1000px) 100vw, 1000px\" \/><\/p>\n<\/div>\n<\/div><\/div><\/div><div id=\"pgc-224-2-1\"  class=\"panel-grid-cell\" ><div id=\"panel-224-2-1-0\" class=\"so-panel widget widget_sow-editor panel-first-child panel-last-child\" data-index=\"5\" ><div class=\"panel-widget-style panel-widget-style-for-224-2-1-0\" ><div\n\t\t\t\n\t\t\tclass=\"so-widget-sow-editor so-widget-sow-editor-base\"\n\t\t\t\n\t\t>\n<div class=\"siteorigin-widget-tinymce textwidget\">\n\t<h1>2 VERF\u00dcGBARE VOLUMEN<br \/>\n1,6l <span style=\"color: #7f7f7f;\">\u2022<\/span> 4l<\/h1>\n<\/div>\n<\/div><\/div><\/div><\/div><\/div><\/div><div id=\"pg-224-3\"  class=\"panel-grid panel-has-style\" ><div class=\"locals siteorigin-panels-stretch panel-row-style panel-row-style-for-224-3\" data-stretch-type=\"full-stretched-padded\" ><div id=\"pgc-224-3-0\"  class=\"panel-grid-cell\" ><div id=\"panel-224-3-0-0\" class=\"so-panel widget widget_sow-editor panel-first-child panel-last-child\" data-index=\"6\" ><div class=\"panel-widget-style panel-widget-style-for-224-3-0-0\" ><div\n\t\t\t\n\t\t\tclass=\"so-widget-sow-editor so-widget-sow-editor-base\"\n\t\t\t\n\t\t>\n<div class=\"siteorigin-widget-tinymce textwidget\">\n\t<h3><span style=\"font-weight: black;\">NEVADA<\/span> in Gesch\u00e4ften<\/h3>\nEntdecken Sie unser Partnernetzwerk, wo Sie unsere Produkte in den Regalen finden k\u00f6nnen\n<p style=\"margin: 0;\"><a class=\"white-button\" href=\"http:\/\/nevada-parts.com\/nevada-w-sklepach\/\">MEHR<\/a><\/p><\/div>\n<\/div><\/div><\/div><\/div><div id=\"pgc-224-3-1\"  class=\"panel-grid-cell\" ><div id=\"panel-224-3-1-0\" class=\"so-panel widget widget_sow-editor panel-first-child panel-last-child\" data-index=\"7\" ><div\n\t\t\t\n\t\t\tclass=\"so-widget-sow-editor so-widget-sow-editor-base\"\n\t\t\t\n\t\t>\n<div class=\"siteorigin-widget-tinymce textwidget\">\n\t<img decoding=\"async\" class=\"aligncenter size-full wp-image-240\" src=\"http:\/\/nevada-parts.com\/wp-content\/uploads\/2020\/03\/Nevada-lada-compressed-outside.png\" alt=\"\" width=\"100%\" height=\"auto\" \/><\/div>\n<\/div><\/div><\/div><\/div><\/div><\/div>","protected":false},"excerpt":{"rendered":"<p>Das Ger\u00e4t ist die sicherste Methode, \u00d6l und Kraftstoff in Gartenmaschinen und -ger\u00e4ten zu wechseln. Der Wechsel von \u00d6l und Kraftstoff war noch nie so einfach.<\/p>\n","protected":false},"featured_media":103,"comment_status":"closed","ping_status":"closed","template":"","meta":{"_acf_changed":false},"product_cat":[18],"product_tag":[],"class_list":{"0":"post-224","1":"product","2":"type-product","3":"status-publish","4":"has-post-thumbnail","6":"product_cat-akcesoria","8":"first","9":"instock","10":"shipping-taxable","11":"product-type-simple"},"acf":[],"_links":{"self":[{"href":"https:\/\/nevada-parts.com\/de\/wp-json\/wp\/v2\/product\/224","targetHints":{"allow":["GET"]}}],"collection":[{"href":"https:\/\/nevada-parts.com\/de\/wp-json\/wp\/v2\/product"}],"about":[{"href":"https:\/\/nevada-parts.com\/de\/wp-json\/wp\/v2\/types\/product"}],"replies":[{"embeddable":true,"href":"https:\/\/nevada-parts.com\/de\/wp-json\/wp\/v2\/comments?post=224"}],"wp:featuredmedia":[{"embeddable":true,"href":"https:\/\/nevada-parts.com\/de\/wp-json\/wp\/v2\/media\/103"}],"wp:attachment":[{"href":"https:\/\/nevada-parts.com\/de\/wp-json\/wp\/v2\/media?parent=224"}],"wp:term":[{"taxonomy":"product_cat","embeddable":true,"href":"https:\/\/nevada-parts.com\/de\/wp-json\/wp\/v2\/product_cat?post=224"},{"taxonomy":"product_tag","embeddable":true,"href":"https:\/\/nevada-parts.com\/de\/wp-json\/wp\/v2\/product_tag?post=224"}],"curies":[{"name":"wp","href":"https:\/\/api.w.org\/{rel}","templated":true}]}}