{"id":215,"date":"2020-03-06T22:43:17","date_gmt":"2020-03-06T21:43:17","guid":{"rendered":"http:\/\/nevada-parts.com\/?post_type=product&#038;p=215"},"modified":"2023-12-07T18:28:11","modified_gmt":"2023-12-07T17:28:11","slug":"nauszniki-ochronne","status":"publish","type":"product","link":"https:\/\/nevada-parts.com\/de\/produkt\/nauszniki-ochronne\/","title":{"rendered":"GEH\u00d6RSCHUTZ"},"content":{"rendered":"<div id=\"pl-215\"  class=\"panel-layout\" ><div id=\"pg-215-0\"  class=\"panel-grid panel-has-style\" ><div class=\"siteorigin-panels-stretch panel-row-style panel-row-style-for-215-0\" data-stretch-type=\"full-stretched-padded\" ><div id=\"pgc-215-0-0\"  class=\"panel-grid-cell\" ><div id=\"panel-215-0-0-0\" class=\"so-panel widget widget_sow-editor panel-first-child panel-last-child\" data-index=\"0\" ><div\n\t\t\t\n\t\t\tclass=\"so-widget-sow-editor so-widget-sow-editor-base\"\n\t\t\t\n\t\t>\n<div class=\"siteorigin-widget-tinymce textwidget\">\n\t<h3><img decoding=\"async\" class=\"aligncenter wp-image-279 size-full\" src=\"http:\/\/nevada-parts.com\/wp-content\/uploads\/2020\/03\/certyfikowany.png\" alt=\"\" width=\"30%\" height=\"auto\" \/><\/h3>\n<h3 style=\"text-align: center;\">SICHERHEIT<\/h3>\n<p style=\"text-align: center;\">Die Ger\u00e4te sch\u00fctzen das Geh\u00f6r bei Garten- und Forstarbeiten. Sie sind nach CE365194 zertifiziert.<\/p>\n<\/div>\n<\/div><\/div><\/div><div id=\"pgc-215-0-1\"  class=\"panel-grid-cell\" ><div id=\"panel-215-0-1-0\" class=\"so-panel widget widget_sow-editor panel-first-child panel-last-child\" data-index=\"1\" ><div\n\t\t\t\n\t\t\tclass=\"so-widget-sow-editor so-widget-sow-editor-base\"\n\t\t\t\n\t\t>\n<div class=\"siteorigin-widget-tinymce textwidget\">\n\t<h3><img decoding=\"async\" class=\"aligncenter size-full wp-image-281\" src=\"http:\/\/nevada-parts.com\/wp-content\/uploads\/2020\/03\/wygoda.png\" alt=\"\" width=\"30%\" height=\"auto\" \/><\/h3>\n<h3 style=\"text-align: center;\">ARBEITSKOMFORT<\/h3>\n<p style=\"text-align: center;\" align=\"JUSTIFY\">Wirksamer Geh\u00f6rschutz, Signal-Rausch-Verh\u00e4ltnis: SNR:26.0db, H:27.0db, M:26.0db, L:18.0db.<\/p>\n<\/div>\n<\/div><\/div><\/div><div id=\"pgc-215-0-2\"  class=\"panel-grid-cell\" ><div id=\"panel-215-0-2-0\" class=\"so-panel widget widget_sow-editor panel-first-child panel-last-child\" data-index=\"2\" ><div\n\t\t\t\n\t\t\tclass=\"so-widget-sow-editor so-widget-sow-editor-base\"\n\t\t\t\n\t\t>\n<div class=\"siteorigin-widget-tinymce textwidget\">\n\t<h3><img decoding=\"async\" class=\"aligncenter size-full wp-image-280\" src=\"http:\/\/nevada-parts.com\/wp-content\/uploads\/2020\/03\/uniwersalnosc.png\" alt=\"\" width=\"30%\" height=\"auto\" \/><\/h3>\n<h3 style=\"text-align: center;\">VIELSEITIGKEIT<\/h3>\n<p style=\"text-align: center;\">Zur Verwendung mit einem Rasenm\u00e4her, Trimmer oder einer benzinbetriebenen oder Elektros\u00e4ge.<\/p>\n<\/div>\n<\/div><\/div><\/div><\/div><\/div><div id=\"pg-215-1\"  class=\"panel-grid panel-has-style\" ><div class=\"siteorigin-panels-stretch panel-row-style panel-row-style-for-215-1\" data-stretch-type=\"full-stretched-padded\" ><div id=\"pgc-215-1-0\"  class=\"panel-grid-cell\" ><div id=\"panel-215-1-0-0\" class=\"so-panel widget widget_sow-editor panel-first-child panel-last-child\" data-index=\"3\" ><div\n\t\t\t\n\t\t\tclass=\"so-widget-sow-editor so-widget-sow-editor-base\"\n\t\t\t\n\t\t>\n<div class=\"siteorigin-widget-tinymce textwidget\">\n\t<h3><img decoding=\"async\" class=\"aligncenter size-full wp-image-283\" src=\"http:\/\/nevada-parts.com\/wp-content\/uploads\/2020\/03\/dostosowanie.png\" alt=\"\" width=\"30%\" height=\"auto\" \/><\/h3>\n<h3 style=\"text-align: center;\">TRAGEKOMFORT<\/h3>\n<p style=\"text-align: center;\">Kopfband, das den Gesichtsschutz h\u00e4lt, mittels einer Schraube im hinteren Teil komfortabel l\u00e4ngen- und mit einem Gurt mit L\u00f6chern tiefenverstellbar.<\/p>\n<\/div>\n<\/div><\/div><\/div><div id=\"pgc-215-1-1\"  class=\"panel-grid-cell panel-grid-cell-empty panel-grid-cell-mobile-last\" ><\/div><div id=\"pgc-215-1-2\"  class=\"panel-grid-cell panel-grid-cell-empty\" ><\/div><\/div><\/div><div id=\"pg-215-2\"  class=\"panel-grid panel-has-style\" ><div class=\"locals siteorigin-panels-stretch panel-row-style panel-row-style-for-215-2\" data-stretch-type=\"full-stretched-padded\" ><div id=\"pgc-215-2-0\"  class=\"panel-grid-cell\" ><div id=\"panel-215-2-0-0\" class=\"so-panel widget widget_sow-editor panel-first-child panel-last-child\" data-index=\"4\" ><div class=\"panel-widget-style panel-widget-style-for-215-2-0-0\" ><div\n\t\t\t\n\t\t\tclass=\"so-widget-sow-editor so-widget-sow-editor-base\"\n\t\t\t\n\t\t>\n<div class=\"siteorigin-widget-tinymce textwidget\">\n\t<h3><span style=\"font-weight: black;\">NEVADA<\/span> in Gesch\u00e4ften<\/h3>\nEntdecken Sie unser Partnernetzwerk, wo Sie unsere Produkte in den Regalen finden k\u00f6nnen\n<p style=\"margin: 0;\"><a class=\"white-button\" href=\"http:\/\/nevada-parts.com\/nevada-w-sklepach\/\">MEHR<\/a><\/p><\/div>\n<\/div><\/div><\/div><\/div><div id=\"pgc-215-2-1\"  class=\"panel-grid-cell\" ><div id=\"panel-215-2-1-0\" class=\"so-panel widget widget_sow-editor panel-first-child panel-last-child\" data-index=\"5\" ><div\n\t\t\t\n\t\t\tclass=\"so-widget-sow-editor so-widget-sow-editor-base\"\n\t\t\t\n\t\t>\n<div class=\"siteorigin-widget-tinymce textwidget\">\n\t<img decoding=\"async\" class=\"aligncenter size-full wp-image-240\" src=\"http:\/\/nevada-parts.com\/wp-content\/uploads\/2020\/03\/Nevada-lada-compressed-outside.png\" alt=\"\" width=\"100%\" height=\"auto\" \/><\/div>\n<\/div><\/div><\/div><\/div><\/div><\/div>","protected":false},"excerpt":{"rendered":"<p>Geh\u00f6rschutz von Nevada bietet einen guten Schutz gegen die sch\u00e4dlichen Auswirkungen von Hochfrequenzl\u00e4rm. Geh\u00f6rschutzkapseln von Nevada haben eine universelle Gr\u00f6\u00dfe, entsprechen der EN352-1 und sind f\u00fcr die meisten Benutzer geeignet. Sie wurden entwickelt, um das Geh\u00f6r des Bedieners bei Garten- und Forstarbeiten zu sch\u00fctzen. Der Kapselgeh\u00f6rschutz ist bei Arbeiten in einer lauten Umgebung oder im L\u00e4rmbereich st\u00e4ndig zu tragen.<\/p>\n","protected":false},"featured_media":100,"comment_status":"closed","ping_status":"closed","template":"","meta":{"_acf_changed":false},"product_cat":[20],"product_tag":[],"class_list":{"0":"post-215","1":"product","2":"type-product","3":"status-publish","4":"has-post-thumbnail","6":"product_cat-odziez-ochronna","8":"first","9":"instock","10":"shipping-taxable","11":"product-type-simple"},"acf":[],"_links":{"self":[{"href":"https:\/\/nevada-parts.com\/de\/wp-json\/wp\/v2\/product\/215","targetHints":{"allow":["GET"]}}],"collection":[{"href":"https:\/\/nevada-parts.com\/de\/wp-json\/wp\/v2\/product"}],"about":[{"href":"https:\/\/nevada-parts.com\/de\/wp-json\/wp\/v2\/types\/product"}],"replies":[{"embeddable":true,"href":"https:\/\/nevada-parts.com\/de\/wp-json\/wp\/v2\/comments?post=215"}],"wp:featuredmedia":[{"embeddable":true,"href":"https:\/\/nevada-parts.com\/de\/wp-json\/wp\/v2\/media\/100"}],"wp:attachment":[{"href":"https:\/\/nevada-parts.com\/de\/wp-json\/wp\/v2\/media?parent=215"}],"wp:term":[{"taxonomy":"product_cat","embeddable":true,"href":"https:\/\/nevada-parts.com\/de\/wp-json\/wp\/v2\/product_cat?post=215"},{"taxonomy":"product_tag","embeddable":true,"href":"https:\/\/nevada-parts.com\/de\/wp-json\/wp\/v2\/product_tag?post=215"}],"curies":[{"name":"wp","href":"https:\/\/api.w.org\/{rel}","templated":true}]}}