{"id":211,"date":"2020-03-06T22:36:33","date_gmt":"2020-03-06T21:36:33","guid":{"rendered":"http:\/\/nevada-parts.com\/?post_type=product&#038;p=211"},"modified":"2023-12-15T12:16:23","modified_gmt":"2023-12-15T11:16:23","slug":"oslony-twarzy","status":"publish","type":"product","link":"https:\/\/nevada-parts.com\/de\/produkt\/oslony-twarzy\/","title":{"rendered":"GESICHTSSCHUTZ"},"content":{"rendered":"<div id=\"pl-211\"  class=\"panel-layout\" ><div id=\"pg-211-0\"  class=\"panel-grid panel-has-style\" ><div class=\"siteorigin-panels-stretch panel-row-style panel-row-style-for-211-0\" data-stretch-type=\"full-stretched-padded\" ><div id=\"pgc-211-0-0\"  class=\"panel-grid-cell\" ><div id=\"panel-211-0-0-0\" class=\"so-panel widget widget_sow-editor panel-first-child panel-last-child\" data-index=\"0\" ><div\n\t\t\t\n\t\t\tclass=\"so-widget-sow-editor so-widget-sow-editor-base\"\n\t\t\t\n\t\t>\n<div class=\"siteorigin-widget-tinymce textwidget\">\n\t<h3><img decoding=\"async\" class=\"aligncenter wp-image-279 size-full\" src=\"http:\/\/nevada-parts.com\/wp-content\/uploads\/2020\/03\/ochrona.png\" alt=\"\" width=\"30%\" height=\"auto\" \/><\/h3>\n<h3 style=\"text-align: center;\">SICHERHEIT<\/h3>\n<p style=\"text-align: center;\">Sie bieten Schutz bei Garten- und Forstarbeiten.<\/p>\n<\/div>\n<\/div><\/div><\/div><div id=\"pgc-211-0-1\"  class=\"panel-grid-cell\" ><div id=\"panel-211-0-1-0\" class=\"so-panel widget widget_sow-editor panel-first-child panel-last-child\" data-index=\"1\" ><div\n\t\t\t\n\t\t\tclass=\"so-widget-sow-editor so-widget-sow-editor-base\"\n\t\t\t\n\t\t>\n<div class=\"siteorigin-widget-tinymce textwidget\">\n\t<h3><img decoding=\"async\" class=\"aligncenter size-full wp-image-281\" src=\"http:\/\/nevada-parts.com\/wp-content\/uploads\/2020\/03\/wygoda.png\" alt=\"\" width=\"30%\" height=\"auto\" \/><\/h3>\n<h3 style=\"text-align: center;\">ARBEITSKOMFORT<\/h3>\n<p style=\"text-align: center;\" align=\"JUSTIFY\">Sie bieten Atemfreiheit und gute Sicht bei gleichzeitiger Wahrung der Sicherheit.<\/p>\n<\/div>\n<\/div><\/div><\/div><div id=\"pgc-211-0-2\"  class=\"panel-grid-cell\" ><div id=\"panel-211-0-2-0\" class=\"so-panel widget widget_sow-editor panel-first-child panel-last-child\" data-index=\"2\" ><div\n\t\t\t\n\t\t\tclass=\"so-widget-sow-editor so-widget-sow-editor-base\"\n\t\t\t\n\t\t>\n<div class=\"siteorigin-widget-tinymce textwidget\">\n\t<h3><img decoding=\"async\" class=\"aligncenter size-full wp-image-280\" src=\"http:\/\/nevada-parts.com\/wp-content\/uploads\/2020\/03\/uniwersalnosc.png\" alt=\"\" width=\"30%\" height=\"auto\" \/><\/h3>\n<h3 style=\"text-align: center;\">VIELSEITIGKEIT<\/h3>\n<p style=\"text-align: center;\">Zur Verwendung mit einem Rasenm\u00e4her, Trimmer oder einer benzinbetriebenen oder Elektros\u00e4ge.<\/p>\n<\/div>\n<\/div><\/div><\/div><\/div><\/div><div id=\"pg-211-1\"  class=\"panel-grid panel-has-style\" ><div class=\"siteorigin-panels-stretch panel-row-style panel-row-style-for-211-1\" data-stretch-type=\"full-stretched-padded\" ><div id=\"pgc-211-1-0\"  class=\"panel-grid-cell\" ><div id=\"panel-211-1-0-0\" class=\"so-panel widget widget_sow-editor panel-first-child panel-last-child\" data-index=\"3\" ><div\n\t\t\t\n\t\t\tclass=\"so-widget-sow-editor so-widget-sow-editor-base\"\n\t\t\t\n\t\t>\n<div class=\"siteorigin-widget-tinymce textwidget\">\n\t<h3><img decoding=\"async\" class=\"aligncenter size-full wp-image-283\" src=\"http:\/\/nevada-parts.com\/wp-content\/uploads\/2020\/03\/dostosowanie.png\" alt=\"\" width=\"30%\" height=\"auto\" \/><\/h3>\n<h3 style=\"text-align: center;\">BEQUEMLICHKEIT<\/h3>\n<p style=\"text-align: center;\">Kopfband, das den Gesichtsschutz h\u00e4lt, mittels einer Schraube im hinteren Teil komfortabel l\u00e4ngen- und mit einem Gurt mit L\u00f6chern tiefenverstellbar.<\/p>\n<\/div>\n<\/div><\/div><\/div><div id=\"pgc-211-1-1\"  class=\"panel-grid-cell panel-grid-cell-empty panel-grid-cell-mobile-last\" ><\/div><div id=\"pgc-211-1-2\"  class=\"panel-grid-cell panel-grid-cell-empty\" ><\/div><\/div><\/div><div id=\"pg-211-2\"  class=\"panel-grid panel-has-style\" ><div class=\"locals siteorigin-panels-stretch panel-row-style panel-row-style-for-211-2\" data-stretch-type=\"full-stretched-padded\" ><div id=\"pgc-211-2-0\"  class=\"panel-grid-cell\" ><div id=\"panel-211-2-0-0\" class=\"so-panel widget widget_sow-editor panel-first-child panel-last-child\" data-index=\"4\" ><div class=\"panel-widget-style panel-widget-style-for-211-2-0-0\" ><div\n\t\t\t\n\t\t\tclass=\"so-widget-sow-editor so-widget-sow-editor-base\"\n\t\t\t\n\t\t>\n<div class=\"siteorigin-widget-tinymce textwidget\">\n\t<h3><span style=\"font-weight: black;\">NEVADA<\/span> in Gesch\u00e4ften<\/h3>\nEntdecken Sie unser Partnernetzwerk, wo Sie unsere Produkte in den Regalen finden k\u00f6nnen\n<p style=\"margin: 0;\"><a class=\"white-button\" href=\"http:\/\/nevada-parts.com\/nevada-w-sklepach\/\">MEHR<\/a><\/p><\/div>\n<\/div><\/div><\/div><\/div><div id=\"pgc-211-2-1\"  class=\"panel-grid-cell\" ><div id=\"panel-211-2-1-0\" class=\"so-panel widget widget_sow-editor panel-first-child panel-last-child\" data-index=\"5\" ><div\n\t\t\t\n\t\t\tclass=\"so-widget-sow-editor so-widget-sow-editor-base\"\n\t\t\t\n\t\t>\n<div class=\"siteorigin-widget-tinymce textwidget\">\n\t<img decoding=\"async\" class=\"aligncenter size-full wp-image-240\" src=\"http:\/\/nevada-parts.com\/wp-content\/uploads\/2020\/03\/Nevada-lada-compressed-outside.png\" alt=\"\" width=\"100%\" height=\"auto\" \/><\/div>\n<\/div><\/div><\/div><\/div><\/div><\/div>","protected":false},"excerpt":{"rendered":"<p>Nevada-Gesichtsschutzschirme dienen dem Schutz des Bedieners, insbesondere bei Garten- und Forstarbeiten. Sie sch\u00fctzen vor Einwirkungen moderater Kr\u00e4fte. Sie gew\u00e4hrleisten den Komfort bei der Arbeit im Gel\u00e4nde. Es wird empfohlen, den Gesichtsschutz im Gefahrenbereich st\u00e4ndig zu tragen. Die Gesichtsschutzschirme sind nach der EN166:2002 und EN1731:2007 zertifiziert. Der Gesichtsschutz (KOMFORTNETZ) ist ein Augen- und Gesichtsschutzschirm zum individuellen Schutz von Augen und Gesicht vor mechanischen Gefahren. Der Gesichtsschutz aus PVC (KOMFORT KUNSTSTOFF) dient zum Schutz des Gesichts gegen St\u00f6\u00dfe mittlerer Kraft und zus\u00e4tzlich gegen Fl\u00fcssigkeitsspritzer.<\/p>\n","protected":false},"featured_media":91,"comment_status":"closed","ping_status":"closed","template":"","meta":{"_acf_changed":false},"product_cat":[20],"product_tag":[],"class_list":{"0":"post-211","1":"product","2":"type-product","3":"status-publish","4":"has-post-thumbnail","6":"product_cat-odziez-ochronna","8":"first","9":"instock","10":"shipping-taxable","11":"product-type-simple"},"acf":[],"_links":{"self":[{"href":"https:\/\/nevada-parts.com\/de\/wp-json\/wp\/v2\/product\/211","targetHints":{"allow":["GET"]}}],"collection":[{"href":"https:\/\/nevada-parts.com\/de\/wp-json\/wp\/v2\/product"}],"about":[{"href":"https:\/\/nevada-parts.com\/de\/wp-json\/wp\/v2\/types\/product"}],"replies":[{"embeddable":true,"href":"https:\/\/nevada-parts.com\/de\/wp-json\/wp\/v2\/comments?post=211"}],"wp:featuredmedia":[{"embeddable":true,"href":"https:\/\/nevada-parts.com\/de\/wp-json\/wp\/v2\/media\/91"}],"wp:attachment":[{"href":"https:\/\/nevada-parts.com\/de\/wp-json\/wp\/v2\/media?parent=211"}],"wp:term":[{"taxonomy":"product_cat","embeddable":true,"href":"https:\/\/nevada-parts.com\/de\/wp-json\/wp\/v2\/product_cat?post=211"},{"taxonomy":"product_tag","embeddable":true,"href":"https:\/\/nevada-parts.com\/de\/wp-json\/wp\/v2\/product_tag?post=211"}],"curies":[{"name":"wp","href":"https:\/\/api.w.org\/{rel}","templated":true}]}}