{"id":193,"date":"2020-03-06T21:56:10","date_gmt":"2020-03-06T20:56:10","guid":{"rendered":"http:\/\/nevada-parts.com\/?post_type=product&#038;p=193"},"modified":"2023-12-07T19:56:52","modified_gmt":"2023-12-07T18:56:52","slug":"zylki-z-linii-premium-quality","status":"publish","type":"product","link":"https:\/\/nevada-parts.com\/de\/produkt\/zylki-z-linii-premium-quality\/","title":{"rendered":"F\u00c4DEN DER PREMIUM QUALITY &#8211; REIHE"},"content":{"rendered":"<div id=\"pl-193\"  class=\"panel-layout\" ><div id=\"pg-193-0\"  class=\"panel-grid panel-has-style\" ><div class=\"siteorigin-panels-stretch panel-row-style panel-row-style-for-193-0\" data-stretch-type=\"full-stretched-padded\" ><div id=\"pgc-193-0-0\"  class=\"panel-grid-cell\" ><div id=\"panel-193-0-0-0\" class=\"so-panel widget widget_sow-editor panel-first-child panel-last-child\" data-index=\"0\" ><div\n\t\t\t\n\t\t\tclass=\"so-widget-sow-editor so-widget-sow-editor-base\"\n\t\t\t\n\t\t>\n<div class=\"siteorigin-widget-tinymce textwidget\">\n\t<h3><img decoding=\"async\" class=\"aligncenter wp-image-279 size-full\" src=\"http:\/\/nevada-parts.com\/wp-content\/uploads\/2020\/03\/niezawodnosc.png\" alt=\"\" width=\"30%\" height=\"auto\" \/><\/h3>\n<h3 style=\"text-align: center;\">ZUVERL\u00c4SSIGKEIT<\/h3>\n<p style=\"text-align: center;\">Extrem fest und elastisch.<\/p>\n<\/div>\n<\/div><\/div><\/div><div id=\"pgc-193-0-1\"  class=\"panel-grid-cell\" ><div id=\"panel-193-0-1-0\" class=\"so-panel widget widget_sow-editor panel-first-child panel-last-child\" data-index=\"1\" ><div\n\t\t\t\n\t\t\tclass=\"so-widget-sow-editor so-widget-sow-editor-base\"\n\t\t\t\n\t\t>\n<div class=\"siteorigin-widget-tinymce textwidget\">\n\t<h3><img decoding=\"async\" class=\"aligncenter size-full wp-image-283\" src=\"http:\/\/nevada-parts.com\/wp-content\/uploads\/2020\/03\/trwalosc.png\" alt=\"\" width=\"30%\" height=\"auto\" \/><\/h3>\n<h3 style=\"text-align: center;\">FESTIGKEIT<\/h3>\n<p style=\"text-align: center;\">Erh\u00f6hter Widerstand gegen Schwei\u00dfen.<\/p>\n<\/div>\n<\/div><\/div><\/div><div id=\"pgc-193-0-2\"  class=\"panel-grid-cell\" ><div id=\"panel-193-0-2-0\" class=\"so-panel widget widget_sow-editor panel-first-child panel-last-child\" data-index=\"2\" ><div\n\t\t\t\n\t\t\tclass=\"so-widget-sow-editor so-widget-sow-editor-base\"\n\t\t\t\n\t\t>\n<div class=\"siteorigin-widget-tinymce textwidget\">\n\t<h3><img decoding=\"async\" class=\"aligncenter size-full wp-image-280\" src=\"http:\/\/nevada-parts.com\/wp-content\/uploads\/2020\/03\/uniwersalnosc.png\" alt=\"\" width=\"30%\" height=\"auto\" \/><\/h3>\n<h3 style=\"text-align: center;\">VIELSEITIGKEIT<\/h3>\n<p style=\"text-align: center;\">In verschiedenen Formen, Durchmessern und L\u00e4ngen erh\u00e4ltlich.<\/p>\n<\/div>\n<\/div><\/div><\/div><\/div><\/div><div id=\"pg-193-1\"  class=\"panel-grid panel-has-style\" ><div class=\"siteorigin-panels-stretch panel-row-style panel-row-style-for-193-1\" data-stretch-type=\"full-stretched-padded\" ><div id=\"pgc-193-1-0\"  class=\"panel-grid-cell\" ><div id=\"panel-193-1-0-0\" class=\"so-panel widget widget_sow-editor panel-first-child panel-last-child\" data-index=\"3\" ><div\n\t\t\t\n\t\t\tclass=\"so-widget-sow-editor so-widget-sow-editor-base\"\n\t\t\t\n\t\t>\n<div class=\"siteorigin-widget-tinymce textwidget\">\n\t<h1>Verf\u00fcgbare Arten von Nevada-Angelschn\u00fcren:<\/h1>\n<\/div>\n<\/div><\/div><\/div><\/div><\/div><div id=\"pg-193-2\"  class=\"panel-grid panel-has-style\" ><div class=\"siteorigin-panels-stretch panel-row-style panel-row-style-for-193-2\" data-stretch-type=\"full-stretched-padded\" ><div id=\"pgc-193-2-0\"  class=\"panel-grid-cell\" ><div id=\"panel-193-2-0-0\" class=\"so-panel widget widget_sow-editor panel-first-child panel-last-child\" data-index=\"4\" ><div\n\t\t\t\n\t\t\tclass=\"so-widget-sow-editor so-widget-sow-editor-base\"\n\t\t\t\n\t\t>\n<div class=\"siteorigin-widget-tinymce textwidget\">\n\t<p><img loading=\"lazy\" decoding=\"async\" class=\"aligncenter size-medium wp-image-198\" src=\"http:\/\/nevada-parts.com\/wp-content\/uploads\/2020\/03\/zylka-3-gray.jpg\" alt=\"\" width=\"300\" height=\"300\" \/><\/p>\n<h3>ROTE PREMIUM-QUALIT\u00c4TSLINIE<\/h3>\n<p>Schnittlinie 2,4 mm x 90 m \u2013 quadratischer Querschnitt<br \/>\nSchnittlinie 2,7 mm x 70 m \u2013 quadratischer Querschnitt<br \/>\nSchnittlinie 3,0 mm x 54 m \u2013 quadratischer Querschnitt<br \/>\nSchnittlinie 2,4 mm x 100 m \u2013 runder Querschnitt<br \/>\nSchnittlinie 2,7 mm x 78 m \u2013 runder Querschnitt<br \/>\nSchnittlinie 3,0 mm x 64 m \u2013 runder Querschnitt<\/p>\n<\/div>\n<\/div><\/div><\/div><div id=\"pgc-193-2-1\"  class=\"panel-grid-cell\" ><div id=\"panel-193-2-1-0\" class=\"so-panel widget widget_sow-editor panel-first-child panel-last-child\" data-index=\"5\" ><div\n\t\t\t\n\t\t\tclass=\"so-widget-sow-editor so-widget-sow-editor-base\"\n\t\t\t\n\t\t>\n<div class=\"siteorigin-widget-tinymce textwidget\">\n\t<p><img loading=\"lazy\" decoding=\"async\" class=\"aligncenter size-medium wp-image-197\" src=\"http:\/\/nevada-parts.com\/wp-content\/uploads\/2020\/03\/zylka-4-gray.jpg\" alt=\"\" width=\"300\" height=\"300\" \/><\/p>\n<h3>SCHWARZE PREMIUM-QUALIT\u00c4TSLINIE<\/h3>\n<p>Schnittlinie 2,4 mm x 180 m \u2013 quadratischer Querschnitt<br \/>\nSchnittlinie 2,7 mm x 139 m \u2013 quadratischer Querschnitt<br \/>\nSchnittlinie 3,0 mm x 109 m \u2013 quadratischer Querschnitt<\/p>\n<\/div>\n<\/div><\/div><\/div><\/div><\/div><div id=\"pg-193-3\"  class=\"panel-grid panel-has-style\" ><div class=\"locals siteorigin-panels-stretch panel-row-style panel-row-style-for-193-3\" data-stretch-type=\"full-stretched-padded\" ><div id=\"pgc-193-3-0\"  class=\"panel-grid-cell\" ><div id=\"panel-193-3-0-0\" class=\"so-panel widget widget_sow-editor panel-first-child panel-last-child\" data-index=\"6\" ><div class=\"panel-widget-style panel-widget-style-for-193-3-0-0\" ><div\n\t\t\t\n\t\t\tclass=\"so-widget-sow-editor so-widget-sow-editor-base\"\n\t\t\t\n\t\t>\n<div class=\"siteorigin-widget-tinymce textwidget\">\n\t<h3><span style=\"font-weight: black;\">NEVADA<\/span> in Gesch\u00e4ften<\/h3>\nEntdecken Sie unser Partnernetzwerk, wo Sie unsere Produkte in den Regalen finden k\u00f6nnen\n<p style=\"margin: 0;\"><a class=\"white-button\" href=\"http:\/\/nevada-parts.com\/nevada-w-sklepach\/\">MEHR<\/a><\/p><\/div>\n<\/div><\/div><\/div><\/div><div id=\"pgc-193-3-1\"  class=\"panel-grid-cell\" ><div id=\"panel-193-3-1-0\" class=\"so-panel widget widget_sow-editor panel-first-child panel-last-child\" data-index=\"7\" ><div\n\t\t\t\n\t\t\tclass=\"so-widget-sow-editor so-widget-sow-editor-base\"\n\t\t\t\n\t\t>\n<div class=\"siteorigin-widget-tinymce textwidget\">\n\t<img decoding=\"async\" class=\"aligncenter size-full wp-image-240\" src=\"http:\/\/nevada-parts.com\/wp-content\/uploads\/2020\/03\/Nevada-lada-compressed-outside.png\" alt=\"\" width=\"100%\" height=\"auto\" \/><\/div>\n<\/div><\/div><\/div><\/div><\/div><\/div>","protected":false},"excerpt":{"rendered":"<p>Die Marke Nevada setzt auf die h\u00f6chste europ\u00e4ische Qualit\u00e4t ihrer F\u00e4den.<\/p>\n<p>Die PREMIUM QUALITY\u00a0F\u00e4den werden nach italienischen Standards hergestellt.  Hervorragende Schnittergebnisse, Flexibilit\u00e4t und au\u00dfergew\u00f6hnliche Festigkeit sind die perfekte Kombination f\u00fcr die anspruchsvollsten Anwender. Der Faden ist f\u00fcr dichtes Gras vorgesehen.<\/p>\n","protected":false},"featured_media":194,"comment_status":"closed","ping_status":"closed","template":"","meta":{"_acf_changed":false},"product_cat":[23],"product_tag":[],"class_list":{"0":"post-193","1":"product","2":"type-product","3":"status-publish","4":"has-post-thumbnail","6":"product_cat-zylki","8":"first","9":"instock","10":"shipping-taxable","11":"product-type-simple"},"acf":[],"_links":{"self":[{"href":"https:\/\/nevada-parts.com\/de\/wp-json\/wp\/v2\/product\/193","targetHints":{"allow":["GET"]}}],"collection":[{"href":"https:\/\/nevada-parts.com\/de\/wp-json\/wp\/v2\/product"}],"about":[{"href":"https:\/\/nevada-parts.com\/de\/wp-json\/wp\/v2\/types\/product"}],"replies":[{"embeddable":true,"href":"https:\/\/nevada-parts.com\/de\/wp-json\/wp\/v2\/comments?post=193"}],"wp:featuredmedia":[{"embeddable":true,"href":"https:\/\/nevada-parts.com\/de\/wp-json\/wp\/v2\/media\/194"}],"wp:attachment":[{"href":"https:\/\/nevada-parts.com\/de\/wp-json\/wp\/v2\/media?parent=193"}],"wp:term":[{"taxonomy":"product_cat","embeddable":true,"href":"https:\/\/nevada-parts.com\/de\/wp-json\/wp\/v2\/product_cat?post=193"},{"taxonomy":"product_tag","embeddable":true,"href":"https:\/\/nevada-parts.com\/de\/wp-json\/wp\/v2\/product_tag?post=193"}],"curies":[{"name":"wp","href":"https:\/\/api.w.org\/{rel}","templated":true}]}}