{"id":180,"date":"2020-03-06T21:01:17","date_gmt":"2020-03-06T20:01:17","guid":{"rendered":"http:\/\/nevada-parts.com\/?post_type=product&#038;p=180"},"modified":"2023-12-07T21:14:34","modified_gmt":"2023-12-07T20:14:34","slug":"uchwyty-noza","status":"publish","type":"product","link":"https:\/\/nevada-parts.com\/de\/produkt\/uchwyty-noza\/","title":{"rendered":"MESSERHALTER"},"content":{"rendered":"<div id=\"pl-180\"  class=\"panel-layout\" ><div id=\"pg-180-0\"  class=\"panel-grid panel-has-style\" ><div class=\"siteorigin-panels-stretch panel-row-style panel-row-style-for-180-0\" data-stretch-type=\"full-stretched-padded\" ><div id=\"pgc-180-0-0\"  class=\"panel-grid-cell\" ><div id=\"panel-180-0-0-0\" class=\"so-panel widget widget_sow-editor panel-first-child panel-last-child\" data-index=\"0\" ><div\n\t\t\t\n\t\t\tclass=\"so-widget-sow-editor so-widget-sow-editor-base\"\n\t\t\t\n\t\t>\n<div class=\"siteorigin-widget-tinymce textwidget\">\n\t<h3><img decoding=\"async\" class=\"aligncenter wp-image-279 size-full\" src=\"http:\/\/nevada-parts.com\/wp-content\/uploads\/2020\/03\/trwalosc.png\" alt=\"\" width=\"30%\" height=\"auto\" \/><\/h3>\n<h3 style=\"text-align: center;\">FESTIGKEIT<\/h3>\n<p style=\"text-align: center;\">Aus hochwertigen Materialien hergestellt.<\/p>\n<\/div>\n<\/div><\/div><\/div><div id=\"pgc-180-0-1\"  class=\"panel-grid-cell\" ><div id=\"panel-180-0-1-0\" class=\"so-panel widget widget_sow-editor panel-first-child panel-last-child\" data-index=\"1\" ><div\n\t\t\t\n\t\t\tclass=\"so-widget-sow-editor so-widget-sow-editor-base\"\n\t\t\t\n\t\t>\n<div class=\"siteorigin-widget-tinymce textwidget\">\n\t<h3><img decoding=\"async\" class=\"aligncenter size-full wp-image-283\" src=\"http:\/\/nevada-parts.com\/wp-content\/uploads\/2020\/03\/wybor.png\" alt=\"\" width=\"30%\" height=\"auto\" \/><\/h3>\n<h3 style=\"text-align: center;\">GROSSE AUSWAHL<\/h3>\n<p style=\"text-align: center;\">Eine gro\u00dfe Auswahl an Messerhaltern passt f\u00fcr jeden M\u00e4hertyp.<\/p>\n<\/div>\n<\/div><\/div><\/div><div id=\"pgc-180-0-2\"  class=\"panel-grid-cell\" ><div id=\"panel-180-0-2-0\" class=\"so-panel widget widget_sow-editor panel-first-child panel-last-child\" data-index=\"2\" ><div\n\t\t\t\n\t\t\tclass=\"so-widget-sow-editor so-widget-sow-editor-base\"\n\t\t\t\n\t\t>\n<div class=\"siteorigin-widget-tinymce textwidget\">\n\t<h3><img decoding=\"async\" class=\"aligncenter size-full wp-image-280\" src=\"http:\/\/nevada-parts.com\/wp-content\/uploads\/2020\/03\/ochrona.png\" alt=\"\" width=\"30%\" height=\"auto\" \/><\/h3>\n<h3 style=\"text-align: center;\">SICHERHEIT<\/h3>\n<p style=\"text-align: center;\">Der Halter sch\u00fctzt das M\u00e4hsystem des M\u00e4hers.<\/p>\n<\/div>\n<\/div><\/div><\/div><\/div><\/div><div id=\"pg-180-1\"  class=\"panel-grid panel-has-style\" ><div class=\"siteorigin-panels-stretch panel-row-style panel-row-style-for-180-1\" data-stretch-type=\"full-stretched-padded\" ><div id=\"pgc-180-1-0\"  class=\"panel-grid-cell\" ><div id=\"panel-180-1-0-0\" class=\"so-panel widget widget_sow-editor panel-first-child panel-last-child\" data-index=\"3\" ><div\n\t\t\t\n\t\t\tclass=\"so-widget-sow-editor so-widget-sow-editor-base\"\n\t\t\t\n\t\t>\n<div class=\"siteorigin-widget-tinymce textwidget\">\n\t<h3><img decoding=\"async\" class=\"aligncenter size-full wp-image-281\" src=\"http:\/\/nevada-parts.com\/wp-content\/uploads\/2020\/03\/wygoda.png\" alt=\"\" width=\"30%\" height=\"auto\" \/><\/h3>\n<h3 style=\"text-align: center;\">ARBEITSKOMFORT<\/h3>\n<p style=\"text-align: center;\" align=\"JUSTIFY\">Der perfekte Sitz des Messers hat Einfluss auf die Arbeitsqualit\u00e4t des Ger\u00e4tes.<\/p>\n<\/div>\n<\/div><\/div><\/div><div id=\"pgc-180-1-1\"  class=\"panel-grid-cell panel-grid-cell-empty panel-grid-cell-mobile-last\" ><\/div><div id=\"pgc-180-1-2\"  class=\"panel-grid-cell panel-grid-cell-empty\" ><\/div><\/div><\/div><div id=\"pg-180-2\"  class=\"panel-grid panel-has-style\" ><div class=\"locals siteorigin-panels-stretch panel-row-style panel-row-style-for-180-2\" data-stretch-type=\"full-stretched-padded\" ><div id=\"pgc-180-2-0\"  class=\"panel-grid-cell\" ><div id=\"panel-180-2-0-0\" class=\"so-panel widget widget_sow-editor panel-first-child panel-last-child\" data-index=\"4\" ><div class=\"panel-widget-style panel-widget-style-for-180-2-0-0\" ><div\n\t\t\t\n\t\t\tclass=\"so-widget-sow-editor so-widget-sow-editor-base\"\n\t\t\t\n\t\t>\n<div class=\"siteorigin-widget-tinymce textwidget\">\n\t<h3><span style=\"font-weight: black;\">NEVADA<\/span> in Gesch\u00e4ften<\/h3>\nEntdecken Sie unser Partnernetzwerk, wo Sie unsere Produkte in den Regalen finden k\u00f6nnen\n<p style=\"margin: 0;\"><a class=\"white-button\" href=\"http:\/\/nevada-parts.com\/nevada-w-sklepach\/\">MEHR<\/a><\/p><\/div>\n<\/div><\/div><\/div><\/div><div id=\"pgc-180-2-1\"  class=\"panel-grid-cell\" ><div id=\"panel-180-2-1-0\" class=\"so-panel widget widget_sow-editor panel-first-child panel-last-child\" data-index=\"5\" ><div\n\t\t\t\n\t\t\tclass=\"so-widget-sow-editor so-widget-sow-editor-base\"\n\t\t\t\n\t\t>\n<div class=\"siteorigin-widget-tinymce textwidget\">\n\t<img decoding=\"async\" class=\"aligncenter size-full wp-image-240\" src=\"http:\/\/nevada-parts.com\/wp-content\/uploads\/2020\/03\/Nevada-lada-compressed-outside.png\" alt=\"\" width=\"100%\" height=\"auto\" \/><\/div>\n<\/div><\/div><\/div><\/div><\/div><\/div>","protected":false},"excerpt":{"rendered":"<p>Der Messerhalter ist ein Schl\u00fcsselelement des Schneidesystems eines Rasenm\u00e4hers.  Die Marke Nevada bietet eine breite Palette von Halterungen an, die in Kombination mit dem Messersortiment den Bed\u00fcrfnissen der anspruchsvollsten Benutzer gerecht werden.<\/p>\n","protected":false},"featured_media":362,"comment_status":"closed","ping_status":"closed","template":"","meta":{"_acf_changed":false},"product_cat":[19],"product_tag":[],"class_list":{"0":"post-180","1":"product","2":"type-product","3":"status-publish","4":"has-post-thumbnail","6":"product_cat-czesci-zamienne","8":"first","9":"instock","10":"shipping-taxable","11":"product-type-simple"},"acf":[],"_links":{"self":[{"href":"https:\/\/nevada-parts.com\/de\/wp-json\/wp\/v2\/product\/180","targetHints":{"allow":["GET"]}}],"collection":[{"href":"https:\/\/nevada-parts.com\/de\/wp-json\/wp\/v2\/product"}],"about":[{"href":"https:\/\/nevada-parts.com\/de\/wp-json\/wp\/v2\/types\/product"}],"replies":[{"embeddable":true,"href":"https:\/\/nevada-parts.com\/de\/wp-json\/wp\/v2\/comments?post=180"}],"wp:featuredmedia":[{"embeddable":true,"href":"https:\/\/nevada-parts.com\/de\/wp-json\/wp\/v2\/media\/362"}],"wp:attachment":[{"href":"https:\/\/nevada-parts.com\/de\/wp-json\/wp\/v2\/media?parent=180"}],"wp:term":[{"taxonomy":"product_cat","embeddable":true,"href":"https:\/\/nevada-parts.com\/de\/wp-json\/wp\/v2\/product_cat?post=180"},{"taxonomy":"product_tag","embeddable":true,"href":"https:\/\/nevada-parts.com\/de\/wp-json\/wp\/v2\/product_tag?post=180"}],"curies":[{"name":"wp","href":"https:\/\/api.w.org\/{rel}","templated":true}]}}