{"id":264,"date":"2020-03-07T00:59:33","date_gmt":"2020-03-06T23:59:33","guid":{"rendered":"http:\/\/nevada-parts.com\/?page_id=264"},"modified":"2023-12-15T12:20:01","modified_gmt":"2023-12-15T11:20:01","slug":"marka-nevada","status":"publish","type":"page","link":"https:\/\/nevada-parts.com\/de\/marka-nevada\/","title":{"rendered":"Marka NEVADA"},"content":{"rendered":"<div id=\"pl-264\"  class=\"panel-layout\" ><div id=\"pg-264-0\"  class=\"panel-grid panel-has-style\" ><div class=\"panel-row-style panel-row-style-for-264-0\" ><div id=\"pgc-264-0-0\"  class=\"panel-grid-cell\" ><div id=\"panel-264-0-0-0\" class=\"so-panel widget widget_sow-editor panel-first-child panel-last-child\" data-index=\"0\" ><div\n\t\t\t\n\t\t\tclass=\"so-widget-sow-editor so-widget-sow-editor-base\"\n\t\t\t\n\t\t>\n<div class=\"siteorigin-widget-tinymce textwidget\">\n\t<p style=\"margin:0;\"><img loading=\"lazy\" decoding=\"async\" class=\"aligncenter size-full wp-image-282\" src=\"http:\/\/nevada-parts.com\/wp-content\/uploads\/2020\/03\/red.jpg\" alt=\"\" width=\"1400\" height=\"500\" srcset=\"https:\/\/nevada-parts.com\/wp-content\/uploads\/2020\/03\/red.jpg 1400w, https:\/\/nevada-parts.com\/wp-content\/uploads\/2020\/03\/red-300x107.jpg 300w, https:\/\/nevada-parts.com\/wp-content\/uploads\/2020\/03\/red-800x286.jpg 800w, https:\/\/nevada-parts.com\/wp-content\/uploads\/2020\/03\/red-1024x366.jpg 1024w, https:\/\/nevada-parts.com\/wp-content\/uploads\/2020\/03\/red-768x274.jpg 768w\" sizes=\"auto, (max-width: 1400px) 100vw, 1400px\" \/><\/p><\/div>\n<\/div><\/div><\/div><\/div><\/div><div id=\"pg-264-1\"  class=\"panel-grid panel-has-style\" ><div class=\"panel-row-style panel-row-style-for-264-1\" ><div id=\"pgc-264-1-0\"  class=\"panel-grid-cell\" ><div id=\"panel-264-1-0-0\" class=\"so-panel widget widget_sow-editor panel-first-child panel-last-child\" data-index=\"1\" ><div\n\t\t\t\n\t\t\tclass=\"so-widget-sow-editor so-widget-sow-editor-base\"\n\t\t\t\n\t\t>\n<div class=\"siteorigin-widget-tinymce textwidget\">\n\t<h3>VON TR\u00c4UMEN, \u00dcBER VERWIRKLICHUNG, AUF DEM WEG ZUM ERFOLG\u2026<\/h3>\n<h1>GESCHICHTE DER MARKE NEVADA<\/h1>\n<\/div>\n<\/div><\/div><\/div><div id=\"pgc-264-1-1\"  class=\"panel-grid-cell\" ><div id=\"panel-264-1-1-0\" class=\"so-panel widget widget_sow-editor panel-first-child panel-last-child\" data-index=\"2\" ><div\n\t\t\t\n\t\t\tclass=\"so-widget-sow-editor so-widget-sow-editor-base\"\n\t\t\t\n\t\t>\n<div class=\"siteorigin-widget-tinymce textwidget\">\n\t<p>\nLiebe zum Detail, hohe Qualit\u00e4t und beste Standards sind die wichtigsten Tr\u00fcmpfe der Marke Nevada. NEVADA wurde 2012 gegr\u00fcndet und ist eine Eigenmarke des polnischen Unternehmens Partner Sp. z o.o. Alle Produkte, die mit dem NEVADA-Logo signiert sind, werden aus den hochwertigsten Materialien hergestellt. Die Marke zeichnet sich durch Zuverl\u00e4ssigkeit aus, die auf den Fundamenten des Unternehmens aufbaut, das seit 1993 in der Gartenbau- und Forstindustrie in Polen f\u00fchrend ist. Die langj\u00e4hrige Erfahrung, die Zusammenarbeit mit anerkannten Herstellern und der gute Ruf der Fachleute, die die Marke NEVADA mittragen, erm\u00f6glichen es, den Status eines Experten im Bereich Ersatzteile und Zubeh\u00f6rs f\u00fcr Forst- und Gartenger\u00e4te schrittweise aufzubauen. Heute geht die Firma mutig \u00fcber die Grenzen des lokalen Marktes hinaus und wird zu einer der bekanntesten Marken in der Branche.<\/p>\n<p>Im Produktionsprozess nutzt das Unternehmen die neuesten Computertechnologien, sowohl in der Entwicklungs- als auch in der Produktionsphase. Die Marke zeichnet sich durch qualitativ hochwertige Materialien und eine hohe Kontrolle in jeder Phase der Produktentwicklung aus.<\/p>\n<p>Die aktuellen Produktlinien der Marke NEVADA sind:<\/p>\n<ul>\n<li>Pers\u00f6nliche Schutzausr\u00fcstung wie Handschuhe, Gesichts- und Geh\u00f6rschutz,<\/li>\n<li>Sensentragegurte,<\/li>\n<li>Zubeh\u00f6r wie Schneidef\u00e4den und K\u00f6pfe,<\/li>\n<li>Motor\u00f6le,<\/li>\n<li>Kanister,<\/li>\n<li>F\u00e4llkeile<\/li>\n<li>Ersatzteile f\u00fcr Garten-, Forst- und Baumaschinen, einschlie\u00dflich Kolben, Zylinder, Vergaser, Sensengetriebe, Membrans\u00e4tze, Dichtungen u.\u00e4.<\/li>\n<\/ul>\n<p>Die Marke erweitert systematisch ihr Sortiment, basierend auf den neuesten Trends in der Garten- und Forstindustrie.<\/p>\n<\/div>\n<\/div><\/div><\/div><\/div><\/div><\/div>","protected":false},"excerpt":{"rendered":"<p>VON TR\u00c4UMEN, \u00dcBER VERWIRKLICHUNG, AUF DEM WEG ZUM ERFOLG\u2026 GESCHICHTE DER MARKE NEVADA Liebe zum Detail, hohe Qualit\u00e4t und beste Standards sind die wichtigsten Tr\u00fcmpfe der Marke Nevada. NEVADA wurde 2012 gegr\u00fcndet und ist eine Eigenmarke des polnischen Unternehmens Partner Sp. z o.o. Alle Produkte, die mit dem NEVADA-Logo signiert sind, werden aus den hochwertigsten [&hellip;]<\/p>\n","protected":false},"author":1,"featured_media":0,"parent":0,"menu_order":0,"comment_status":"closed","ping_status":"closed","template":"page-notitle.php","meta":{"_acf_changed":false,"footnotes":""},"class_list":["post-264","page","type-page","status-publish","hentry"],"acf":[],"_links":{"self":[{"href":"https:\/\/nevada-parts.com\/de\/wp-json\/wp\/v2\/pages\/264","targetHints":{"allow":["GET"]}}],"collection":[{"href":"https:\/\/nevada-parts.com\/de\/wp-json\/wp\/v2\/pages"}],"about":[{"href":"https:\/\/nevada-parts.com\/de\/wp-json\/wp\/v2\/types\/page"}],"author":[{"embeddable":true,"href":"https:\/\/nevada-parts.com\/de\/wp-json\/wp\/v2\/users\/1"}],"replies":[{"embeddable":true,"href":"https:\/\/nevada-parts.com\/de\/wp-json\/wp\/v2\/comments?post=264"}],"version-history":[{"count":14,"href":"https:\/\/nevada-parts.com\/de\/wp-json\/wp\/v2\/pages\/264\/revisions"}],"predecessor-version":[{"id":1144,"href":"https:\/\/nevada-parts.com\/de\/wp-json\/wp\/v2\/pages\/264\/revisions\/1144"}],"wp:attachment":[{"href":"https:\/\/nevada-parts.com\/de\/wp-json\/wp\/v2\/media?parent=264"}],"curies":[{"name":"wp","href":"https:\/\/api.w.org\/{rel}","templated":true}]}}