{"id":21,"date":"2020-03-06T00:08:39","date_gmt":"2020-03-05T23:08:39","guid":{"rendered":"http:\/\/nevada-parts.com\/?page_id=21"},"modified":"2023-12-07T18:02:28","modified_gmt":"2023-12-07T17:02:28","slug":"start","status":"publish","type":"page","link":"https:\/\/nevada-parts.com\/de\/","title":{"rendered":"Start"},"content":{"rendered":"<div id=\"pl-21\"  class=\"panel-layout\" ><div id=\"pg-21-0\"  class=\"panel-grid panel-has-style\" ><div class=\"siteorigin-panels-stretch panel-row-style panel-row-style-for-21-0\" data-stretch-type=\"full-stretched\" ><div id=\"pgc-21-0-0\"  class=\"panel-grid-cell\" ><div id=\"panel-21-0-0-0\" class=\"so-panel widget widget_sow-editor panel-first-child panel-last-child\" data-index=\"0\" ><div\n\t\t\t\n\t\t\tclass=\"so-widget-sow-editor so-widget-sow-editor-base\"\n\t\t\t\n\t\t>\n<div class=\"siteorigin-widget-tinymce textwidget\">\n\t<section class=\"movie\">\n<video autoplay=\"\" muted=\"\" loop=\"\" id=\"myVideo\"><source src=\"http:\/\/nevada-parts.com\/wp-content\/themes\/nevada\/movies\/intro_v2__720p.mp4\" type=\"video\/mp4\"\/><\/video><br \/>\n<\/section>\n<\/div>\n<\/div><\/div><\/div><\/div><\/div><div id=\"pg-21-1\"  class=\"panel-grid panel-has-style\" ><div class=\"panel-row-style panel-row-style-for-21-1\" ><div id=\"pgc-21-1-0\"  class=\"panel-grid-cell panel-grid-cell-mobile-last\" ><div id=\"panel-21-1-0-0\" class=\"so-panel widget widget_sow-editor panel-first-child panel-last-child\" data-index=\"1\" ><div class=\"top-product panel-widget-style panel-widget-style-for-21-1-0-0\" ><div\n\t\t\t\n\t\t\tclass=\"so-widget-sow-editor so-widget-sow-editor-base\"\n\t\t\t\n\t\t>\n<div class=\"siteorigin-widget-tinymce textwidget\">\n\t<p><a href=\"https:\/\/nevada-parts.com\/produkt\/kanistry\/\"><\/p>\n<h3 style=\"text-align: center;\">KANISTER<\/h3>\n<p style=\"text-align: center;\">\n<p style=\"text-align: center; padding:.5em 0 1em 0;\"><a href=\"https:\/\/nevada-parts.com\/produkt\/kanistry\/\" class=\"button\">MEHR<\/a><\/p>\n<p><\/a><\/p>\n<\/div>\n<\/div><\/div><\/div><\/div><div id=\"pgc-21-1-1\"  class=\"panel-grid-cell panel-grid-cell-empty\" ><\/div><\/div><\/div><div id=\"pg-21-2\"  class=\"panel-grid panel-has-style\" ><div class=\"panel-row-style panel-row-style-for-21-2\" ><div id=\"pgc-21-2-0\"  class=\"panel-grid-cell panel-grid-cell-mobile-last\" ><div id=\"panel-21-2-0-0\" class=\"so-panel widget widget_sow-editor panel-first-child panel-last-child\" data-index=\"2\" ><div class=\"top-product panel-widget-style panel-widget-style-for-21-2-0-0\" ><div\n\t\t\t\n\t\t\tclass=\"so-widget-sow-editor so-widget-sow-editor-base\"\n\t\t\t\n\t\t>\n<div class=\"siteorigin-widget-tinymce textwidget\">\n\t<p><a href=\"https:\/\/nevada-parts.com\/produkt\/kanistry\/\"><\/p>\n<h3 style=\"text-align: center; padding-top:0;\">KANISTER<\/h3>\n<p style=\"text-align: center;\">\n<p style=\"text-align: center; padding:.5em 0 1em 0;\"><a href=\"https:\/\/nevada-parts.com\/produkt\/kanistry\/\" class=\"button\">MEHR<\/a><\/p>\n<p><\/a><\/p>\n<\/div>\n<\/div><\/div><\/div><\/div><div id=\"pgc-21-2-1\"  class=\"panel-grid-cell panel-grid-cell-empty\" ><\/div><\/div><\/div><div id=\"pg-21-3\"  class=\"panel-grid panel-no-style\" ><div id=\"pgc-21-3-0\"  class=\"panel-grid-cell\" ><div id=\"panel-21-3-0-0\" class=\"so-panel widget widget_sow-editor panel-first-child panel-last-child\" data-index=\"3\" ><div class=\"top-product panel-widget-style panel-widget-style-for-21-3-0-0\" ><div\n\t\t\t\n\t\t\tclass=\"so-widget-sow-editor so-widget-sow-editor-base\"\n\t\t\t\n\t\t>\n<div class=\"siteorigin-widget-tinymce textwidget\">\n\t<p>&nbsp;<\/p>\n<h3 style=\"text-align: center;\"><span style=\"font-size: 80%;word-break: break-all;\">Schnittschutzhandschuhe<\/span><\/h3>\n<p style=\"text-align: center;\">\u00a0<\/p>\n<p style=\"text-align: center; padding: .5em 0 1em 0;\"><a class=\"button\" href=\"http:\/\/nevada-parts.com\/produkt\/rekawice-antyprzecieciowe\/\">MEHR<\/a><\/p>\n<p>&nbsp;<\/p>\n<\/div>\n<\/div><\/div><\/div><\/div><div id=\"pgc-21-3-1\"  class=\"panel-grid-cell\" ><div id=\"panel-21-3-1-0\" class=\"so-panel widget widget_sow-editor panel-first-child panel-last-child\" data-index=\"4\" ><div class=\"top-product panel-widget-style panel-widget-style-for-21-3-1-0\" ><div\n\t\t\t\n\t\t\tclass=\"so-widget-sow-editor so-widget-sow-editor-base\"\n\t\t\t\n\t\t>\n<div class=\"siteorigin-widget-tinymce textwidget\">\n\t<p>&nbsp;<\/p>\n<h3 style=\"text-align: center;\">Z\u00fcndkerzen<\/h3>\n<p style=\"text-align: center;\">\u00a0<\/p>\n<p style=\"text-align: center; padding: .5em 0 1em 0;\"><a class=\"button\" href=\"http:\/\/nevada-parts.com\/produkt\/swiece-nevada\/\">MEHR<\/a><\/p>\n<p>&nbsp;<\/p>\n<\/div>\n<\/div><\/div><\/div><\/div><\/div><div id=\"pg-21-4\"  class=\"panel-grid panel-has-style\" ><div class=\"panel-row-style panel-row-style-for-21-4\" ><div id=\"pgc-21-4-0\"  class=\"panel-grid-cell panel-grid-cell-mobile-last\" ><div id=\"panel-21-4-0-0\" class=\"so-panel widget widget_sow-editor panel-first-child panel-last-child\" data-index=\"5\" ><div class=\"top-product panel-widget-style panel-widget-style-for-21-4-0-0\" ><div\n\t\t\t\n\t\t\tclass=\"so-widget-sow-editor so-widget-sow-editor-base\"\n\t\t\t\n\t\t>\n<div class=\"siteorigin-widget-tinymce textwidget\">\n\t<p>&nbsp;<\/p>\n<h3 style=\"text-align: center;\"><span style=\"word-break: break-all;\">SPIRALSCHNEIDELINIE<\/h3>\n<p style=\"text-align: center; padding: .5em 0 1em 0;\"><a class=\"button\" href=\"https:\/\/nevada-parts.com\/produkt\/zylka-tnaca-spirale\/\">MEHR<\/a><\/p>\n<p>&nbsp;<\/p>\n<\/div>\n<\/div><\/div><\/div><\/div><div id=\"pgc-21-4-1\"  class=\"panel-grid-cell panel-grid-cell-empty\" ><\/div><\/div><\/div><div id=\"pg-21-5\"  class=\"panel-grid panel-has-style\" ><div class=\"panel-row-style panel-row-style-for-21-5\" ><div id=\"pgc-21-5-0\"  class=\"panel-grid-cell panel-grid-cell-mobile-last\" ><div id=\"panel-21-5-0-0\" class=\"so-panel widget widget_sow-editor panel-first-child panel-last-child\" data-index=\"6\" ><div class=\"top-product panel-widget-style panel-widget-style-for-21-5-0-0\" ><div\n\t\t\t\n\t\t\tclass=\"so-widget-sow-editor so-widget-sow-editor-base\"\n\t\t\t\n\t\t>\n<div class=\"siteorigin-widget-tinymce textwidget\">\n\t<p>&nbsp;<\/p>\n<h3 style=\"text-align: center; padding-top: 0;\"><span style=\"word-break: break-all;\">SPIRALSCHNEIDELINIE<\/span><\/h3>\n<p style=\"text-align: center; padding: .5em 0 1em 0;\"><a class=\"button\" href=\"https:\/\/nevada-parts.com\/produkt\/zylka-tnaca-spirale\/\">MEHR<\/a><\/p>\n<p>&nbsp;<\/p>\n<\/div>\n<\/div><\/div><\/div><\/div><div id=\"pgc-21-5-1\"  class=\"panel-grid-cell panel-grid-cell-empty\" ><\/div><\/div><\/div><div id=\"pg-21-6\"  class=\"panel-grid panel-no-style\" ><div id=\"pgc-21-6-0\"  class=\"panel-grid-cell\" ><div id=\"panel-21-6-0-0\" class=\"so-panel widget widget_sow-editor panel-first-child panel-last-child\" data-index=\"7\" ><div class=\"top-product panel-widget-style panel-widget-style-for-21-6-0-0\" ><div\n\t\t\t\n\t\t\tclass=\"so-widget-sow-editor so-widget-sow-editor-base\"\n\t\t\t\n\t\t>\n<div class=\"siteorigin-widget-tinymce textwidget\">\n\t<p>&nbsp;<\/p>\n<h3 style=\"text-align: center;\">Gesichtsschutz<\/h3>\n<p style=\"text-align: center;\">Komfort<\/p>\n<p style=\"text-align: center; padding: .5em 0 1em 0;\"><a class=\"button\" href=\"http:\/\/nevada-parts.com\/produkt\/oslony-twarzy\/\">MEHR<\/a><\/p>\n<p>&nbsp;<\/p>\n<\/div>\n<\/div><\/div><\/div><\/div><div id=\"pgc-21-6-1\"  class=\"panel-grid-cell\" ><div id=\"panel-21-6-1-0\" class=\"so-panel widget widget_sow-editor panel-first-child panel-last-child\" data-index=\"8\" ><div class=\"top-product panel-widget-style panel-widget-style-for-21-6-1-0\" ><div\n\t\t\t\n\t\t\tclass=\"so-widget-sow-editor so-widget-sow-editor-base\"\n\t\t\t\n\t\t>\n<div class=\"siteorigin-widget-tinymce textwidget\">\n\t<p>&nbsp;<\/p>\n<h3 style=\"text-align: center;\">\u00d6l- und kraftstoff-<\/h3>\n<p style=\"text-align: center;\">absaugger\u00e4t<\/p>\n<p style=\"text-align: center; padding: .5em 0 1em 0;\"><a class=\"button\" href=\"http:\/\/nevada-parts.com\/produkt\/pojemnik-do-odsysania-oleju-i-paliwa\/\">MEHR<\/a><\/p>\n<p>&nbsp;<\/p>\n<\/div>\n<\/div><\/div><\/div><\/div><\/div><div id=\"pg-21-7\"  class=\"panel-grid panel-has-style\" ><div class=\"panel-row-style panel-row-style-for-21-7\" ><div id=\"pgc-21-7-0\"  class=\"panel-grid-cell panel-grid-cell-mobile-last\" ><div id=\"panel-21-7-0-0\" class=\"so-panel widget widget_sow-editor panel-first-child panel-last-child\" data-index=\"9\" ><div class=\"top-product panel-widget-style panel-widget-style-for-21-7-0-0\" ><div\n\t\t\t\n\t\t\tclass=\"so-widget-sow-editor so-widget-sow-editor-base\"\n\t\t\t\n\t\t>\n<div class=\"siteorigin-widget-tinymce textwidget\">\n\t<p>&nbsp;<\/p>\n<h3 style=\"text-align: center;\">Schutzhauben<\/h3>\n<p style=\"text-align: center;\">F\u00fcr Kattens\u00e4gen<\/p>\n<p style=\"text-align: center; padding: .5em 0 1em 0;\"><a class=\"button\" href=\"http:\/\/nevada-parts.com\/produkt\/kuweta-ochronna-pod-pilarke\/\">MEHR<\/a><\/p>\n<p>&nbsp;<\/p>\n<\/div>\n<\/div><\/div><\/div><\/div><div id=\"pgc-21-7-1\"  class=\"panel-grid-cell panel-grid-cell-empty\" ><\/div><\/div><\/div><div id=\"pg-21-8\"  class=\"panel-grid panel-has-style\" ><div class=\"panel-row-style panel-row-style-for-21-8\" ><div id=\"pgc-21-8-0\"  class=\"panel-grid-cell panel-grid-cell-mobile-last\" ><div id=\"panel-21-8-0-0\" class=\"so-panel widget widget_sow-editor panel-first-child panel-last-child\" data-index=\"10\" ><div class=\"top-product panel-widget-style panel-widget-style-for-21-8-0-0\" ><div\n\t\t\t\n\t\t\tclass=\"so-widget-sow-editor so-widget-sow-editor-base\"\n\t\t\t\n\t\t>\n<div class=\"siteorigin-widget-tinymce textwidget\">\n\t<p>&nbsp;<\/p>\n<h3 style=\"text-align: center; padding-top: 0;\"><span style=\"word-break: break-all;\">Schutzhauben<\/span><\/h3>\n<p style=\"text-align: center;\">F\u00fcr Kattens\u00e4gen<\/p>\n<p style=\"text-align: center; padding: .5em 0 1em 0;\"><a class=\"button\" href=\"http:\/\/nevada-parts.com\/produkt\/kuweta-ochronna-pod-pilarke\/\">MEHR<\/a><\/p>\n<p>&nbsp;<\/p>\n<\/div>\n<\/div><\/div><\/div><\/div><div id=\"pgc-21-8-1\"  class=\"panel-grid-cell panel-grid-cell-empty\" ><\/div><\/div><\/div><div id=\"pg-21-9\"  class=\"panel-grid panel-no-style\" ><div id=\"pgc-21-9-0\"  class=\"panel-grid-cell\" ><div id=\"panel-21-9-0-0\" class=\"so-panel widget widget_sow-editor panel-first-child panel-last-child\" data-index=\"11\" ><div class=\"top-product panel-widget-style panel-widget-style-for-21-9-0-0\" ><div\n\t\t\t\n\t\t\tclass=\"so-widget-sow-editor so-widget-sow-editor-base\"\n\t\t\t\n\t\t>\n<div class=\"siteorigin-widget-tinymce textwidget\">\n\t<p>&nbsp;<\/p>\n<h3 style=\"text-align: center;\">M\u00e4hleinen<\/h3>\n<p style=\"text-align: center;\">SPCX \u2013 DUO 1<\/p>\n<p style=\"text-align: center; padding: .5em 0 1em 0;\"><a class=\"button\" href=\"http:\/\/nevada-parts.com\/produkt\/zylki-z-linii-spcx-duo-1\/\">MEHR<\/a><\/p>\n<p>&nbsp;<\/p>\n<\/div>\n<\/div><\/div><\/div><\/div><div id=\"pgc-21-9-1\"  class=\"panel-grid-cell\" ><div id=\"panel-21-9-1-0\" class=\"so-panel widget widget_sow-editor panel-first-child panel-last-child\" data-index=\"12\" ><div class=\"top-product panel-widget-style panel-widget-style-for-21-9-1-0\" ><div\n\t\t\t\n\t\t\tclass=\"so-widget-sow-editor so-widget-sow-editor-base\"\n\t\t\t\n\t\t>\n<div class=\"siteorigin-widget-tinymce textwidget\">\n\t<p>&nbsp;<\/p>\n<h3 style=\"text-align: center;\">S\u00e4geketten\u00f6le<\/h3>\n<p style=\"text-align: center;\">\u00a0<\/p>\n<p style=\"text-align: center; padding: .5em 0 1em 0;\"><a class=\"button\" href=\"http:\/\/nevada-parts.com\/produkt\/olej-do-smarowania-lancucha\/\">MEHR<\/a><\/p>\n<p>&nbsp;<\/p>\n<\/div>\n<\/div><\/div><\/div><\/div><\/div><div id=\"pg-21-10\"  class=\"panel-grid panel-has-style\" ><div class=\"siteorigin-panels-stretch panel-row-style panel-row-style-for-21-10\" data-stretch-type=\"full-stretched-padded\" ><div id=\"pgc-21-10-0\"  class=\"panel-grid-cell\" ><div id=\"panel-21-10-0-0\" class=\"so-panel widget widget_sow-editor panel-first-child panel-last-child\" data-index=\"13\" ><div class=\"panel-widget-style panel-widget-style-for-21-10-0-0\" ><div\n\t\t\t\n\t\t\tclass=\"so-widget-sow-editor so-widget-sow-editor-base\"\n\t\t\t\n\t\t>\n<div class=\"siteorigin-widget-tinymce textwidget\">\n\t<h3 style=\"text-align: center; margin-bottom: 0; margin-top: 0;\">NEVADA E-Katalog<\/h3>\n<p style=\"text-align: center; margin: 0;\"><a class=\"button\" href=\"https:\/\/nevada-parts.com\/katalog-nevada\/\">MEHR<\/a><\/p>\n<\/div>\n<\/div><\/div><\/div><\/div><div id=\"pgc-21-10-1\"  class=\"panel-grid-cell\" ><div id=\"panel-21-10-1-0\" class=\"so-panel widget widget_sow-editor panel-first-child panel-last-child\" data-index=\"14\" ><div\n\t\t\t\n\t\t\tclass=\"so-widget-sow-editor so-widget-sow-editor-base\"\n\t\t\t\n\t\t>\n<div class=\"siteorigin-widget-tinymce textwidget\">\n\t<img loading=\"lazy\" decoding=\"async\" class=\"aligncenter size-full wp-image-540\" src=\"https:\/\/nevada-parts.com\/wp-content\/uploads\/2021\/03\/katalogi-thumb.jpg\" alt=\"\" width=\"500\" height=\"500\" srcset=\"https:\/\/nevada-parts.com\/wp-content\/uploads\/2021\/03\/katalogi-thumb.jpg 900w, https:\/\/nevada-parts.com\/wp-content\/uploads\/2021\/03\/katalogi-thumb-800x800.jpg 800w, https:\/\/nevada-parts.com\/wp-content\/uploads\/2021\/03\/katalogi-thumb-300x300.jpg 300w, https:\/\/nevada-parts.com\/wp-content\/uploads\/2021\/03\/katalogi-thumb-150x150.jpg 150w, https:\/\/nevada-parts.com\/wp-content\/uploads\/2021\/03\/katalogi-thumb-768x768.jpg 768w\" sizes=\"auto, (max-width: 500px) 100vw, 500px\" \/><\/div>\n<\/div><\/div><\/div><\/div><\/div><div id=\"pg-21-11\"  class=\"panel-grid panel-has-style\" ><div class=\"siteorigin-panels-stretch panel-row-style panel-row-style-for-21-11\" data-stretch-type=\"full-stretched\" ><div id=\"pgc-21-11-0\"  class=\"panel-grid-cell\" ><div id=\"panel-21-11-0-0\" class=\"so-panel widget widget_siteorigin-panels-postloop panel-first-child panel-last-child\" data-index=\"15\" ><h3 class=\"widget-title\">Blog<\/h3>\n<article id=\"post-388\" class=\"post-388 post type-post status-publish format-standard has-post-thumbnail hentry category-bez-kategorii\">\n\n\t\n\t\t<a class=\"post-thumbnail\" href=\"https:\/\/nevada-parts.com\/de\/ideal-siegnal-bruku-a-raczej-jak-osiagnac-idealna-kostke-brukowa\/\" aria-hidden=\"true\" tabindex=\"-1\">\n\t\t\t<img loading=\"lazy\" decoding=\"async\" width=\"1400\" height=\"900\" src=\"https:\/\/nevada-parts.com\/wp-content\/uploads\/2020\/05\/thumbnail.jpg\" class=\"attachment-post-thumbnail size-post-thumbnail wp-post-image\" alt=\"&#8222;DAS IDEAL, ES HAT DAS STRASSENPFLASTER ERREICHT\u201c, ODER WIE ERREICHT MAN IDEALEN STRASSENPFLASTER.\" srcset=\"https:\/\/nevada-parts.com\/wp-content\/uploads\/2020\/05\/thumbnail.jpg 1400w, https:\/\/nevada-parts.com\/wp-content\/uploads\/2020\/05\/thumbnail-300x193.jpg 300w, https:\/\/nevada-parts.com\/wp-content\/uploads\/2020\/05\/thumbnail-800x514.jpg 800w, https:\/\/nevada-parts.com\/wp-content\/uploads\/2020\/05\/thumbnail-1024x658.jpg 1024w, https:\/\/nevada-parts.com\/wp-content\/uploads\/2020\/05\/thumbnail-768x494.jpg 768w\" sizes=\"auto, (max-width: 1400px) 100vw, 1400px\" \/>\t\t<\/a>\n\n\t\t\n\t<header class=\"entry-header\">\n\t\t<h2 class=\"entry-title\"><a href=\"https:\/\/nevada-parts.com\/de\/ideal-siegnal-bruku-a-raczej-jak-osiagnac-idealna-kostke-brukowa\/\" rel=\"bookmark\">&#8222;DAS IDEAL, ES HAT DAS STRASSENPFLASTER ERREICHT\u201c, ODER WIE ERREICHT MAN IDEALEN STRASSENPFLASTER.<\/a><\/h2>\n\t\t\t\t<div class=\"entry-meta\">\n\t\t\t<span class=\"posted-on\">Opublikowano <a href=\"https:\/\/nevada-parts.com\/de\/ideal-siegnal-bruku-a-raczej-jak-osiagnac-idealna-kostke-brukowa\/\" rel=\"bookmark\"><time class=\"entry-date published\" datetime=\"2020-05-20T16:39:50+00:00\">Mittwoch, der 20. Mai 2020<\/time><time class=\"updated\" datetime=\"2023-12-07T18:19:20+00:00\">Donnerstag, der  7. Dezember 2023<\/time><\/a><\/span>\t\t<\/div><!-- .entry-meta -->\n\t\t\t<\/header><!-- .entry-header -->\n\n\t<div class=\"entry-summary\">\n\t\t<p>Der Garten ist nicht nur Gras, Blumen und Str\u00e4ucher. Mit Pflaster kann man die Gartenfl\u00e4che abwechslungsreich gestalten. Unser vielf\u00e4ltiges Angebot erlaubt sch\u00f6ne Arrangements.<\/p>\n\t<\/div><!-- .entry-summary -->\n\n\t<footer class=\"entry-footer\">\n\t\t<a href=\"https:\/\/nevada-parts.com\/de\/ideal-siegnal-bruku-a-raczej-jak-osiagnac-idealna-kostke-brukowa\/\" class=\"button\">Mehr<\/a>\n\t<\/footer><!-- .entry-footer -->\n<\/article><!-- #post-388 -->\n\n<article id=\"post-57\" class=\"post-57 post type-post status-publish format-standard has-post-thumbnail hentry category-bez-kategorii\">\n\n\t\n\t\t<a class=\"post-thumbnail\" href=\"https:\/\/nevada-parts.com\/de\/nowy-sezon\/\" aria-hidden=\"true\" tabindex=\"-1\">\n\t\t\t<img loading=\"lazy\" decoding=\"async\" width=\"1400\" height=\"900\" src=\"https:\/\/nevada-parts.com\/wp-content\/uploads\/2020\/03\/mower.jpg\" class=\"attachment-post-thumbnail size-post-thumbnail wp-post-image\" alt=\"NEUE SAISON\" srcset=\"https:\/\/nevada-parts.com\/wp-content\/uploads\/2020\/03\/mower.jpg 1400w, https:\/\/nevada-parts.com\/wp-content\/uploads\/2020\/03\/mower-300x193.jpg 300w, https:\/\/nevada-parts.com\/wp-content\/uploads\/2020\/03\/mower-800x514.jpg 800w, https:\/\/nevada-parts.com\/wp-content\/uploads\/2020\/03\/mower-1024x658.jpg 1024w, https:\/\/nevada-parts.com\/wp-content\/uploads\/2020\/03\/mower-768x494.jpg 768w\" sizes=\"auto, (max-width: 1400px) 100vw, 1400px\" \/>\t\t<\/a>\n\n\t\t\n\t<header class=\"entry-header\">\n\t\t<h2 class=\"entry-title\"><a href=\"https:\/\/nevada-parts.com\/de\/nowy-sezon\/\" rel=\"bookmark\">NEUE SAISON<\/a><\/h2>\n\t\t\t\t<div class=\"entry-meta\">\n\t\t\t<span class=\"posted-on\">Opublikowano <a href=\"https:\/\/nevada-parts.com\/de\/nowy-sezon\/\" rel=\"bookmark\"><time class=\"entry-date published\" datetime=\"2020-03-06T14:05:20+00:00\">Freitag, der  6. M\u00e4rz 2020<\/time><time class=\"updated\" datetime=\"2023-12-15T12:22:32+00:00\">Freitag, der 15. Dezember 2023<\/time><\/a><\/span>\t\t<\/div><!-- .entry-meta -->\n\t\t\t<\/header><!-- .entry-header -->\n\n\t<div class=\"entry-summary\">\n\t\t<p>Jeden Herbst versprechen Sie sich selbst, den Rasenm\u00e4her so zu warten, dass Sie die n\u00e4chste M\u00e4hsaison voll vorbereitet beginnen k\u00f6nnen.<\/p>\n\t<\/div><!-- .entry-summary -->\n\n\t<footer class=\"entry-footer\">\n\t\t<a href=\"https:\/\/nevada-parts.com\/de\/nowy-sezon\/\" class=\"button\">Mehr<\/a>\n\t<\/footer><!-- .entry-footer -->\n<\/article><!-- #post-57 -->\n<\/div><\/div><\/div><\/div><div id=\"pg-21-12\"  class=\"panel-grid panel-has-style\" ><div class=\"locals siteorigin-panels-stretch panel-row-style panel-row-style-for-21-12\" data-stretch-type=\"full-stretched-padded\" ><div id=\"pgc-21-12-0\"  class=\"panel-grid-cell\" ><div id=\"panel-21-12-0-0\" class=\"so-panel widget widget_sow-editor panel-first-child panel-last-child\" data-index=\"16\" ><div class=\"panel-widget-style panel-widget-style-for-21-12-0-0\" ><div\n\t\t\t\n\t\t\tclass=\"so-widget-sow-editor so-widget-sow-editor-base\"\n\t\t\t\n\t\t>\n<div class=\"siteorigin-widget-tinymce textwidget\">\n\t<h3><span style=\"font-weight: black;\">NEVADA<\/span> in Gesch\u00e4ften<\/h3>\nEntdecken Sie unser Partnernetzwerk, wo Sie unsere Produkte in den Regalen finden k\u00f6nnen\n<p style=\"margin: 0;\"><a class=\"white-button\" href=\"http:\/\/nevada-parts.com\/nevada-w-sklepach\/\">MEHR<\/a><\/p><\/div>\n<\/div><\/div><\/div><\/div><div id=\"pgc-21-12-1\"  class=\"panel-grid-cell\" ><div id=\"panel-21-12-1-0\" class=\"so-panel widget widget_sow-editor panel-first-child panel-last-child\" data-index=\"17\" ><div\n\t\t\t\n\t\t\tclass=\"so-widget-sow-editor so-widget-sow-editor-base\"\n\t\t\t\n\t\t>\n<div class=\"siteorigin-widget-tinymce textwidget\">\n\t<img decoding=\"async\" class=\"aligncenter size-full wp-image-240\" src=\"http:\/\/nevada-parts.com\/wp-content\/uploads\/2020\/03\/Nevada-lada-compressed-outside.png\" alt=\"\" width=\"100%\" height=\"auto\" \/><\/div>\n<\/div><\/div><\/div><\/div><\/div><\/div>","protected":false},"excerpt":{"rendered":"<p>KANISTER MEHR<\/p>\n","protected":false},"author":1,"featured_media":0,"parent":0,"menu_order":0,"comment_status":"closed","ping_status":"closed","template":"page-start.php","meta":{"_acf_changed":false,"footnotes":""},"class_list":["post-21","page","type-page","status-publish","hentry"],"acf":[],"_links":{"self":[{"href":"https:\/\/nevada-parts.com\/de\/wp-json\/wp\/v2\/pages\/21","targetHints":{"allow":["GET"]}}],"collection":[{"href":"https:\/\/nevada-parts.com\/de\/wp-json\/wp\/v2\/pages"}],"about":[{"href":"https:\/\/nevada-parts.com\/de\/wp-json\/wp\/v2\/types\/page"}],"author":[{"embeddable":true,"href":"https:\/\/nevada-parts.com\/de\/wp-json\/wp\/v2\/users\/1"}],"replies":[{"embeddable":true,"href":"https:\/\/nevada-parts.com\/de\/wp-json\/wp\/v2\/comments?post=21"}],"version-history":[{"count":71,"href":"https:\/\/nevada-parts.com\/de\/wp-json\/wp\/v2\/pages\/21\/revisions"}],"predecessor-version":[{"id":1137,"href":"https:\/\/nevada-parts.com\/de\/wp-json\/wp\/v2\/pages\/21\/revisions\/1137"}],"wp:attachment":[{"href":"https:\/\/nevada-parts.com\/de\/wp-json\/wp\/v2\/media?parent=21"}],"curies":[{"name":"wp","href":"https:\/\/api.w.org\/{rel}","templated":true}]}}